{"id":2198,"date":"2022-01-12T15:46:03","date_gmt":"2022-01-12T15:46:03","guid":{"rendered":"https:\/\/mgi-fr.com\/?page_id=2198"},"modified":"2025-07-22T10:29:02","modified_gmt":"2025-07-22T08:29:02","slug":"digital-printing","status":"publish","type":"page","link":"https:\/\/mgi-fr.com\/en\/products\/digital-printing\/","title":{"rendered":"Digital printing &amp; embellishing"},"content":{"rendered":"<style>.kb-row-layout-id2198_ae626a-59 > .kt-row-column-wrap{align-content:end;}:where(.kb-row-layout-id2198_ae626a-59 > .kt-row-column-wrap) > .wp-block-kadence-column{justify-content:end;}.kb-row-layout-id2198_ae626a-59 > .kt-row-column-wrap{column-gap:var(--global-kb-gap-md, 2rem);row-gap:var(--global-kb-gap-md, 2rem);max-width:1600px;margin-left:auto;margin-right:auto;padding-top:20px;padding-bottom:20px;min-height:300px;grid-template-columns:minmax(0, 1fr);}.kb-row-layout-id2198_ae626a-59{background-image:url('https:\/\/mgi-fr.com\/wp-content\/uploads\/2021\/12\/MGI-Equipement-Alphajet-Top-V5.jpg');background-size:cover;background-position:28.000000000000004% 5%;background-attachment:scroll;background-repeat:no-repeat;}.kb-row-layout-id2198_ae626a-59 > .kt-row-layout-overlay{opacity:0.70;background:linear-gradient(180deg, rgba(255, 255, 255, 0) 43%, var(--global-palette9) 64%);}.kb-row-layout-id2198_ae626a-59 ,.kb-row-layout-id2198_ae626a-59 h1,.kb-row-layout-id2198_ae626a-59 h2,.kb-row-layout-id2198_ae626a-59 h3,.kb-row-layout-id2198_ae626a-59 h4,.kb-row-layout-id2198_ae626a-59 h5,.kb-row-layout-id2198_ae626a-59 h6{color:#ffffff;}.kb-row-layout-id2198_ae626a-59 .kt-row-layout-bottom-sep{height:100px;}.kb-row-layout-id2198_ae626a-59 .kt-row-layout-bottom-sep svg{width:100%;}.kb-row-layout-id2198_ae626a-59 .kt-row-layout-bottom-sep svg{fill:#ffffff!important;}@media all and (max-width: 1024px){.kb-row-layout-id2198_ae626a-59 > .kt-row-column-wrap{min-height:300px;grid-template-columns:minmax(0, 1fr);}}@media all and (max-width: 1024px){.kb-row-layout-id2198_ae626a-59 .kt-row-layout-bottom-sep{height:px;}}@media all and (max-width: 1024px){.kb-row-layout-id2198_ae626a-59 .kt-row-layout-bottom-sep svg{width:%;}}@media all and (max-width: 767px){.kb-row-layout-id2198_ae626a-59 > .kt-row-column-wrap{min-height:300px;grid-template-columns:minmax(0, 1fr);}.kb-row-layout-id2198_ae626a-59 .kt-row-layout-bottom-sep{height:px;}.kb-row-layout-id2198_ae626a-59 .kt-row-layout-bottom-sep svg{width:%;}}<\/style><div class=\"kb-row-layout-wrap kb-row-layout-id2198_ae626a-59 alignfull kt-row-has-bg wp-block-kadence-rowlayout\"><div class=\"kt-row-layout-overlay kt-row-overlay-gradient\"><\/div><div class=\"kt-row-column-wrap kt-has-1-columns kt-row-layout-equal kt-tab-layout-inherit kt-mobile-layout-row kt-row-valign-bottom\">\n<style>.kadence-column2198_d9277c-22 > .kt-inside-inner-col,.kadence-column2198_d9277c-22 > .kt-inside-inner-col:before{border-top-left-radius:0px;border-top-right-radius:0px;border-bottom-right-radius:0px;border-bottom-left-radius:0px;}.kadence-column2198_d9277c-22 > .kt-inside-inner-col{column-gap:var(--global-kb-gap-sm, 1rem);}.kadence-column2198_d9277c-22 > .kt-inside-inner-col{flex-direction:column;}.kadence-column2198_d9277c-22 > .kt-inside-inner-col > .aligncenter{width:100%;}.kadence-column2198_d9277c-22 > .kt-inside-inner-col:before{opacity:0.3;}.kadence-column2198_d9277c-22{position:relative;}@media all and (max-width: 1024px){.kadence-column2198_d9277c-22 > .kt-inside-inner-col{flex-direction:column;justify-content:center;}}@media all and (max-width: 767px){.kadence-column2198_d9277c-22 > .kt-inside-inner-col{flex-direction:column;justify-content:center;}}<\/style>\n<div class=\"wp-block-kadence-column kadence-column2198_d9277c-22 inner-column-1\"><div class=\"kt-inside-inner-col\"><style>.wp-block-kadence-advancedheading.kt-adv-heading2198_34fcd2-88, .wp-block-kadence-advancedheading.kt-adv-heading2198_34fcd2-88[data-kb-block=\"kb-adv-heading2198_34fcd2-88\"]{text-align:center;font-style:normal;text-transform:uppercase;text-shadow:1px 1px 30px #ffffff;}.wp-block-kadence-advancedheading.kt-adv-heading2198_34fcd2-88 mark.kt-highlight, .wp-block-kadence-advancedheading.kt-adv-heading2198_34fcd2-88[data-kb-block=\"kb-adv-heading2198_34fcd2-88\"] mark.kt-highlight{font-style:normal;color:#f76a0c;-webkit-box-decoration-break:clone;box-decoration-break:clone;padding-top:0px;padding-right:0px;padding-bottom:0px;padding-left:0px;}.wp-block-kadence-advancedheading.kt-adv-heading2198_34fcd2-88 img.kb-inline-image, .wp-block-kadence-advancedheading.kt-adv-heading2198_34fcd2-88[data-kb-block=\"kb-adv-heading2198_34fcd2-88\"] img.kb-inline-image{width:150px;vertical-align:baseline;}@media all and (max-width: 1024px){.wp-block-kadence-advancedheading.kt-adv-heading2198_34fcd2-88, .wp-block-kadence-advancedheading.kt-adv-heading2198_34fcd2-88[data-kb-block=\"kb-adv-heading2198_34fcd2-88\"]{text-shadow:1px 1px 30px #ffffff;}}@media all and (max-width: 767px){.wp-block-kadence-advancedheading.kt-adv-heading2198_34fcd2-88, .wp-block-kadence-advancedheading.kt-adv-heading2198_34fcd2-88[data-kb-block=\"kb-adv-heading2198_34fcd2-88\"]{text-shadow:1px 1px 30px #ffffff;}}<\/style>\n<h1 class=\"kt-adv-heading2198_34fcd2-88 wp-block-kadence-advancedheading has-theme-palette-4-color has-text-color\" data-kb-block=\"kb-adv-heading2198_34fcd2-88\">impression &amp; ennoblissement num\u00e9riques<\/h1>\n\n\n\n<p><\/p>\n<\/div><\/div>\n\n<\/div><\/div>\n\n<style>.kb-row-layout-id2198_42e394-1a > .kt-row-column-wrap{align-content:start;}:where(.kb-row-layout-id2198_42e394-1a > .kt-row-column-wrap) > .wp-block-kadence-column{justify-content:start;}.kb-row-layout-id2198_42e394-1a > .kt-row-column-wrap{column-gap:var(--global-kb-gap-md, 2rem);row-gap:var(--global-kb-gap-md, 2rem);padding-top:60px;padding-bottom:25px;grid-template-columns:minmax(0, 1fr);}.kb-row-layout-id2198_42e394-1a > .kt-row-layout-overlay{opacity:0.30;}@media all and (max-width: 1024px){.kb-row-layout-id2198_42e394-1a > .kt-row-column-wrap{grid-template-columns:minmax(0, 1fr);}}@media all and (max-width: 767px){.kb-row-layout-id2198_42e394-1a > .kt-row-column-wrap{grid-template-columns:minmax(0, 1fr);}}<\/style><div class=\"kb-row-layout-wrap kb-row-layout-id2198_42e394-1a alignwide wp-block-kadence-rowlayout\"><div class=\"kt-row-column-wrap kt-has-1-columns kt-row-layout-equal kt-tab-layout-inherit kt-mobile-layout-row kt-row-valign-top\">\n<style>.kadence-column2198_afb24c-53 > .kt-inside-inner-col,.kadence-column2198_afb24c-53 > .kt-inside-inner-col:before{border-top-left-radius:0px;border-top-right-radius:0px;border-bottom-right-radius:0px;border-bottom-left-radius:0px;}.kadence-column2198_afb24c-53 > .kt-inside-inner-col{column-gap:var(--global-kb-gap-sm, 1rem);}.kadence-column2198_afb24c-53 > .kt-inside-inner-col{flex-direction:column;}.kadence-column2198_afb24c-53 > .kt-inside-inner-col > .aligncenter{width:100%;}.kadence-column2198_afb24c-53 > .kt-inside-inner-col:before{opacity:0.3;}.kadence-column2198_afb24c-53{position:relative;}.kadence-column2198_afb24c-53, .kt-inside-inner-col > .kadence-column2198_afb24c-53:not(.specificity){margin-right:2%;margin-left:2%;}@media all and (max-width: 1024px){.kadence-column2198_afb24c-53 > .kt-inside-inner-col{flex-direction:column;justify-content:center;}}@media all and (max-width: 1024px){.kadence-column2198_afb24c-53, .kt-inside-inner-col > .kadence-column2198_afb24c-53:not(.specificity){margin-right:2%;margin-left:2%;}}@media all and (max-width: 767px){.kadence-column2198_afb24c-53 > .kt-inside-inner-col{flex-direction:column;justify-content:center;}.kadence-column2198_afb24c-53, .kt-inside-inner-col > .kadence-column2198_afb24c-53:not(.specificity){margin-right:2%;margin-left:2%;}}<\/style>\n<div class=\"wp-block-kadence-column kadence-column2198_afb24c-53 inner-column-1\"><div class=\"kt-inside-inner-col\"><style>.wp-block-kadence-advancedheading.kt-adv-heading2198_a84e76-2b, .wp-block-kadence-advancedheading.kt-adv-heading2198_a84e76-2b[data-kb-block=\"kb-adv-heading2198_a84e76-2b\"]{margin-bottom:50px;text-align:center;font-style:normal;}.wp-block-kadence-advancedheading.kt-adv-heading2198_a84e76-2b mark.kt-highlight, .wp-block-kadence-advancedheading.kt-adv-heading2198_a84e76-2b[data-kb-block=\"kb-adv-heading2198_a84e76-2b\"] mark.kt-highlight{font-style:normal;color:#f76a0c;-webkit-box-decoration-break:clone;box-decoration-break:clone;padding-top:0px;padding-right:0px;padding-bottom:0px;padding-left:0px;}.wp-block-kadence-advancedheading.kt-adv-heading2198_a84e76-2b img.kb-inline-image, .wp-block-kadence-advancedheading.kt-adv-heading2198_a84e76-2b[data-kb-block=\"kb-adv-heading2198_a84e76-2b\"] img.kb-inline-image{width:150px;vertical-align:baseline;}<\/style>\n<h5 class=\"kt-adv-heading2198_a84e76-2b wp-block-kadence-advancedheading\" data-kb-block=\"kb-adv-heading2198_a84e76-2b\">L\u2019impression num\u00e9rique de MGI propose&nbsp;des solutions se substituant \u00e0 des processus de production conventionnels complexes, longs et co\u00fbteux. L\u2019ennoblissement num\u00e9rique de MGI apporte une grande valeur ajout\u00e9e et une dimension sensorielle \u00e0 toutes les productions imprim\u00e9es.<\/h5>\n\n\n<style>.kb-posts-id-2198_518a4e-ee .kb-post-list-item{display:grid;}<\/style><ul class=\"wp-block-kadence-posts kb-posts kadence-posts-list kb-posts-id-2198_518a4e-ee content-wrap grid-cols kb-posts-style-boxed grid-sm-col-2 grid-lg-col-2 item-image-style-above\"><li class=\"kb-post-list-item\">\n\t<article class=\"entry content-bg loop-entry post-1643 post type-post status-publish format-standard has-post-thumbnail hentry category-equipements tag-alphajet tag-edition tag-embellissement-numerique tag-impression-numerique tag-imprimes-commerciaux tag-imprimes-photos tag-packaging tag-sous-traitance tag-web-to-print\">\n\t\t\t\t<a aria-hidden=\"true\" tabindex=\"-1\" role=\"presentation\" class=\"post-thumbnail kadence-thumbnail-ratio-1-2\" href=\"https:\/\/mgi-fr.com\/en\/equipment\/alphajet\/\" aria-label=\"AlphaJET\">\n\t\t\t<div class=\"post-thumbnail-inner\">\n\t\t\t\t<img loading=\"lazy\" decoding=\"async\" width=\"800\" height=\"400\" src=\"https:\/\/mgi-fr.com\/wp-content\/uploads\/2018\/08\/MGI-ALPHAJET-28-03-2025.webp\" class=\"attachment-full size-full wp-post-image\" alt=\"AlphaJET\" srcset=\"https:\/\/mgi-fr.com\/wp-content\/uploads\/2018\/08\/MGI-ALPHAJET-28-03-2025.webp 800w, https:\/\/mgi-fr.com\/wp-content\/uploads\/2018\/08\/MGI-ALPHAJET-28-03-2025-400x200.webp 400w, https:\/\/mgi-fr.com\/wp-content\/uploads\/2018\/08\/MGI-ALPHAJET-28-03-2025-768x384.webp 768w, https:\/\/mgi-fr.com\/wp-content\/uploads\/2018\/08\/MGI-ALPHAJET-28-03-2025-18x9.webp 18w\" sizes=\"auto, (max-width: 800px) 100vw, 800px\" \/>\t\t\t<\/div>\n\t\t<\/a><!-- .post-thumbnail -->\n\t\t\t\t<div class=\"entry-content-wrap\">\n\t\t\t<header class=\"entry-header\">\n\t<h5 class=\"entry-title\"><a href=\"https:\/\/mgi-fr.com\/en\/equipment\/alphajet\/\" rel=\"bookmark\">AlphaJET<\/a><\/h5><\/header><!-- .entry-header -->\n\t<div class=\"entry-summary\">\n\t\t<p>La premi\u00e8re solution digitale regroupant sur une seule presse num\u00e9rique industrielle, des op\u00e9rations qui n\u00e9cessitaient jusqu\u2019\u00e0 pr\u00e9sent plusieurs \u00e9quipements diff\u00e9rents, ou qui devaient \u00eatre sous-trait\u00e9es.<\/p>\n\t<\/div><!-- .entry-summary -->\n\t<footer class=\"entry-footer\">\n\t\t\t<div class=\"entry-actions\">\n\t\t\t<p class=\"more-link-wrap\">\n\t\t\t\t<a href=\"https:\/\/mgi-fr.com\/en\/equipment\/alphajet\/\" class=\"post-more-link\">\n\t\t\t\t\tEn savoir +<span class=\"screen-reader-text\"> AlphaJET<\/span><span class=\"kadence-svg-iconset svg-baseline\"><svg aria-hidden=\"true\" class=\"kadence-svg-icon kadence-arrow-right-alt-svg\" fill=\"currentColor\" version=\"1.1\" xmlns=\"http:\/\/www.w3.org\/2000\/svg\" width=\"27\" height=\"28\" viewBox=\"0 0 27 28\"><title>Continue<\/title><path d=\"M27 13.953c0 0.141-0.063 0.281-0.156 0.375l-6 5.531c-0.156 0.141-0.359 0.172-0.547 0.094-0.172-0.078-0.297-0.25-0.297-0.453v-3.5h-19.5c-0.281 0-0.5-0.219-0.5-0.5v-3c0-0.281 0.219-0.5 0.5-0.5h19.5v-3.5c0-0.203 0.109-0.375 0.297-0.453s0.391-0.047 0.547 0.078l6 5.469c0.094 0.094 0.156 0.219 0.156 0.359v0z\"><\/path>\n\t\t\t<\/svg><\/span>\t\t\t\t<\/a>\n\t\t\t<\/p>\n\t\t<\/div><!-- .entry-actions -->\n\t\t<\/footer><!-- .entry-footer -->\t\t<\/div>\n\t<\/article>\n<\/li>\n<\/ul><\/div><\/div>\n\n<\/div><\/div>\n\n\n<div style=\"height:50px\" aria-hidden=\"true\" class=\"wp-block-spacer\"><\/div>\n","protected":false},"excerpt":{"rendered":"<p>Digital printing &amp; finishing MGI's digital printing offers solutions that replace complex, time-consuming and expensive conventional production processes. MGI's digital finishing adds great value and sensory dimension to all printed productions.<\/p>","protected":false},"author":1,"featured_media":284,"parent":967,"menu_order":0,"comment_status":"closed","ping_status":"closed","template":"","meta":{"_kad_post_transparent":"","_kad_post_title":"hide","_kad_post_layout":"","_kad_post_sidebar_id":"","_kad_post_content_style":"unboxed","_kad_post_vertical_padding":"hide","_kad_post_feature":"","_kad_post_feature_position":"","_kad_post_header":false,"_kad_post_footer":false,"_kad_post_classname":"","footnotes":""},"class_list":["post-2198","page","type-page","status-publish","has-post-thumbnail","hentry"],"yoast_head":"<!-- This site is optimized with the Yoast SEO plugin v27.3 - https:\/\/yoast.com\/product\/yoast-seo-wordpress\/ -->\n<title>Impression &amp; ennoblissement num\u00e9riques -<\/title>\n<meta name=\"robots\" content=\"index, follow, max-snippet:-1, max-image-preview:large, max-video-preview:-1\" \/>\n<link rel=\"canonical\" href=\"https:\/\/mgi-fr.com\/en\/products\/digital-printing\/\" \/>\n<meta property=\"og:locale\" content=\"en_US\" \/>\n<meta property=\"og:type\" content=\"article\" \/>\n<meta property=\"og:title\" content=\"Impression &amp; ennoblissement num\u00e9riques -\" \/>\n<meta property=\"og:description\" content=\"impression &amp; ennoblissement num\u00e9riques L\u2019impression num\u00e9rique de MGI propose&nbsp;des solutions se substituant \u00e0 des processus de production conventionnels complexes, longs et co\u00fbteux. L\u2019ennoblissement num\u00e9rique de MGI apporte une grande valeur ajout\u00e9e et une dimension sensorielle \u00e0 toutes les productions imprim\u00e9es.\" \/>\n<meta property=\"og:url\" content=\"https:\/\/mgi-fr.com\/en\/products\/digital-printing\/\" \/>\n<meta property=\"article:publisher\" content=\"https:\/\/m.facebook.com\/MGIonline\/\" \/>\n<meta property=\"article:modified_time\" content=\"2025-07-22T08:29:02+00:00\" \/>\n<meta property=\"og:image\" content=\"https:\/\/mgi-fr.com\/wp-content\/uploads\/2021\/12\/MGI-Equipement-Alphajet-Top-V5.jpg\" \/>\n\t<meta property=\"og:image:width\" content=\"1950\" \/>\n\t<meta property=\"og:image:height\" content=\"1233\" \/>\n\t<meta property=\"og:image:type\" content=\"image\/jpeg\" \/>\n<meta name=\"twitter:card\" content=\"summary_large_image\" \/>\n<meta name=\"twitter:site\" content=\"@MGI_HQ\" \/>\n<script type=\"application\/ld+json\" class=\"yoast-schema-graph\">{\"@context\":\"https:\\\/\\\/schema.org\",\"@graph\":[{\"@type\":\"WebPage\",\"@id\":\"https:\\\/\\\/mgi-fr.com\\\/produits\\\/impression-numerique\\\/\",\"url\":\"https:\\\/\\\/mgi-fr.com\\\/produits\\\/impression-numerique\\\/\",\"name\":\"Impression & ennoblissement num\u00e9riques -\",\"isPartOf\":{\"@id\":\"https:\\\/\\\/mgi-fr.com\\\/#website\"},\"primaryImageOfPage\":{\"@id\":\"https:\\\/\\\/mgi-fr.com\\\/produits\\\/impression-numerique\\\/#primaryimage\"},\"image\":{\"@id\":\"https:\\\/\\\/mgi-fr.com\\\/produits\\\/impression-numerique\\\/#primaryimage\"},\"thumbnailUrl\":\"https:\\\/\\\/mgi-fr.com\\\/wp-content\\\/uploads\\\/2021\\\/12\\\/MGI-Equipement-Alphajet-Top-V5.jpg\",\"datePublished\":\"2022-01-12T15:46:03+00:00\",\"dateModified\":\"2025-07-22T08:29:02+00:00\",\"breadcrumb\":{\"@id\":\"https:\\\/\\\/mgi-fr.com\\\/produits\\\/impression-numerique\\\/#breadcrumb\"},\"inLanguage\":\"en-US\",\"potentialAction\":[{\"@type\":\"ReadAction\",\"target\":[\"https:\\\/\\\/mgi-fr.com\\\/produits\\\/impression-numerique\\\/\"]}]},{\"@type\":\"ImageObject\",\"inLanguage\":\"en-US\",\"@id\":\"https:\\\/\\\/mgi-fr.com\\\/produits\\\/impression-numerique\\\/#primaryimage\",\"url\":\"https:\\\/\\\/mgi-fr.com\\\/wp-content\\\/uploads\\\/2021\\\/12\\\/MGI-Equipement-Alphajet-Top-V5.jpg\",\"contentUrl\":\"https:\\\/\\\/mgi-fr.com\\\/wp-content\\\/uploads\\\/2021\\\/12\\\/MGI-Equipement-Alphajet-Top-V5.jpg\",\"width\":1950,\"height\":1233,\"caption\":\"AlphaJET\"},{\"@type\":\"BreadcrumbList\",\"@id\":\"https:\\\/\\\/mgi-fr.com\\\/produits\\\/impression-numerique\\\/#breadcrumb\",\"itemListElement\":[{\"@type\":\"ListItem\",\"position\":1,\"name\":\"Accueil\",\"item\":\"https:\\\/\\\/mgi-fr.com\\\/\"},{\"@type\":\"ListItem\",\"position\":2,\"name\":\"Les \u00e9quipements MGI\",\"item\":\"https:\\\/\\\/mgi-fr.com\\\/produits\\\/\"},{\"@type\":\"ListItem\",\"position\":3,\"name\":\"Impression &#038; ennoblissement num\u00e9riques\"}]},{\"@type\":\"WebSite\",\"@id\":\"https:\\\/\\\/mgi-fr.com\\\/#website\",\"url\":\"https:\\\/\\\/mgi-fr.com\\\/\",\"name\":\"\",\"description\":\"Leader des technologies d\u2019impression et de finitions num\u00e9riques\",\"publisher\":{\"@id\":\"https:\\\/\\\/mgi-fr.com\\\/#organization\"},\"potentialAction\":[{\"@type\":\"SearchAction\",\"target\":{\"@type\":\"EntryPoint\",\"urlTemplate\":\"https:\\\/\\\/mgi-fr.com\\\/?s={search_term_string}\"},\"query-input\":{\"@type\":\"PropertyValueSpecification\",\"valueRequired\":true,\"valueName\":\"search_term_string\"}}],\"inLanguage\":\"en-US\"},{\"@type\":\"Organization\",\"@id\":\"https:\\\/\\\/mgi-fr.com\\\/#organization\",\"name\":\"MGI Digital Technology\",\"url\":\"https:\\\/\\\/mgi-fr.com\\\/\",\"logo\":{\"@type\":\"ImageObject\",\"inLanguage\":\"en-US\",\"@id\":\"https:\\\/\\\/mgi-fr.com\\\/#\\\/schema\\\/logo\\\/image\\\/\",\"url\":\"http:\\\/\\\/mgi-nouveau-site.mgi-labs.com\\\/wp-content\\\/uploads\\\/2022\\\/01\\\/Logo-MGI-Blue-Baseline.jpg\",\"contentUrl\":\"http:\\\/\\\/mgi-nouveau-site.mgi-labs.com\\\/wp-content\\\/uploads\\\/2022\\\/01\\\/Logo-MGI-Blue-Baseline.jpg\",\"width\":842,\"height\":595,\"caption\":\"MGI Digital Technology\"},\"image\":{\"@id\":\"https:\\\/\\\/mgi-fr.com\\\/#\\\/schema\\\/logo\\\/image\\\/\"},\"sameAs\":[\"https:\\\/\\\/m.facebook.com\\\/MGIonline\\\/\",\"https:\\\/\\\/x.com\\\/MGI_HQ\",\"https:\\\/\\\/www.linkedin.com\\\/company\\\/mgi-digital-graphic-technology\\\/\",\"https:\\\/\\\/www.youtube.com\\\/channel\\\/UCqJTeVGo2EQ3NOCqFMekydA\"]}]}<\/script>\n<!-- \/ Yoast SEO plugin. -->","yoast_head_json":{"title":"Impression & ennoblissement num\u00e9riques -","robots":{"index":"index","follow":"follow","max-snippet":"max-snippet:-1","max-image-preview":"max-image-preview:large","max-video-preview":"max-video-preview:-1"},"canonical":"https:\/\/mgi-fr.com\/en\/products\/digital-printing\/","og_locale":"en_US","og_type":"article","og_title":"Impression & ennoblissement num\u00e9riques -","og_description":"impression &amp; ennoblissement num\u00e9riques L\u2019impression num\u00e9rique de MGI propose&nbsp;des solutions se substituant \u00e0 des processus de production conventionnels complexes, longs et co\u00fbteux. L\u2019ennoblissement num\u00e9rique de MGI apporte une grande valeur ajout\u00e9e et une dimension sensorielle \u00e0 toutes les productions imprim\u00e9es.","og_url":"https:\/\/mgi-fr.com\/en\/products\/digital-printing\/","article_publisher":"https:\/\/m.facebook.com\/MGIonline\/","article_modified_time":"2025-07-22T08:29:02+00:00","og_image":[{"width":1950,"height":1233,"url":"https:\/\/mgi-fr.com\/wp-content\/uploads\/2021\/12\/MGI-Equipement-Alphajet-Top-V5.jpg","type":"image\/jpeg"}],"twitter_card":"summary_large_image","twitter_site":"@MGI_HQ","schema":{"@context":"https:\/\/schema.org","@graph":[{"@type":"WebPage","@id":"https:\/\/mgi-fr.com\/produits\/impression-numerique\/","url":"https:\/\/mgi-fr.com\/produits\/impression-numerique\/","name":"Impression & ennoblissement num\u00e9riques -","isPartOf":{"@id":"https:\/\/mgi-fr.com\/#website"},"primaryImageOfPage":{"@id":"https:\/\/mgi-fr.com\/produits\/impression-numerique\/#primaryimage"},"image":{"@id":"https:\/\/mgi-fr.com\/produits\/impression-numerique\/#primaryimage"},"thumbnailUrl":"https:\/\/mgi-fr.com\/wp-content\/uploads\/2021\/12\/MGI-Equipement-Alphajet-Top-V5.jpg","datePublished":"2022-01-12T15:46:03+00:00","dateModified":"2025-07-22T08:29:02+00:00","breadcrumb":{"@id":"https:\/\/mgi-fr.com\/produits\/impression-numerique\/#breadcrumb"},"inLanguage":"en-US","potentialAction":[{"@type":"ReadAction","target":["https:\/\/mgi-fr.com\/produits\/impression-numerique\/"]}]},{"@type":"ImageObject","inLanguage":"en-US","@id":"https:\/\/mgi-fr.com\/produits\/impression-numerique\/#primaryimage","url":"https:\/\/mgi-fr.com\/wp-content\/uploads\/2021\/12\/MGI-Equipement-Alphajet-Top-V5.jpg","contentUrl":"https:\/\/mgi-fr.com\/wp-content\/uploads\/2021\/12\/MGI-Equipement-Alphajet-Top-V5.jpg","width":1950,"height":1233,"caption":"AlphaJET"},{"@type":"BreadcrumbList","@id":"https:\/\/mgi-fr.com\/produits\/impression-numerique\/#breadcrumb","itemListElement":[{"@type":"ListItem","position":1,"name":"Accueil","item":"https:\/\/mgi-fr.com\/"},{"@type":"ListItem","position":2,"name":"Les \u00e9quipements MGI","item":"https:\/\/mgi-fr.com\/produits\/"},{"@type":"ListItem","position":3,"name":"Impression &#038; ennoblissement num\u00e9riques"}]},{"@type":"WebSite","@id":"https:\/\/mgi-fr.com\/#website","url":"https:\/\/mgi-fr.com\/","name":"","description":"The Leader in printing technologies and finishes, digital","publisher":{"@id":"https:\/\/mgi-fr.com\/#organization"},"potentialAction":[{"@type":"SearchAction","target":{"@type":"EntryPoint","urlTemplate":"https:\/\/mgi-fr.com\/?s={search_term_string}"},"query-input":{"@type":"PropertyValueSpecification","valueRequired":true,"valueName":"search_term_string"}}],"inLanguage":"en-US"},{"@type":"Organization","@id":"https:\/\/mgi-fr.com\/#organization","name":".","url":"https:\/\/mgi-fr.com\/","logo":{"@type":"ImageObject","inLanguage":"en-US","@id":"https:\/\/mgi-fr.com\/#\/schema\/logo\/image\/","url":"http:\/\/mgi-nouveau-site.mgi-labs.com\/wp-content\/uploads\/2022\/01\/Logo-MGI-Blue-Baseline.jpg","contentUrl":"http:\/\/mgi-nouveau-site.mgi-labs.com\/wp-content\/uploads\/2022\/01\/Logo-MGI-Blue-Baseline.jpg","width":842,"height":595,"caption":"MGI Digital Technology"},"image":{"@id":"https:\/\/mgi-fr.com\/#\/schema\/logo\/image\/"},"sameAs":["https:\/\/m.facebook.com\/MGIonline\/","https:\/\/x.com\/MGI_HQ","https:\/\/www.linkedin.com\/company\/mgi-digital-graphic-technology\/","https:\/\/www.youtube.com\/channel\/UCqJTeVGo2EQ3NOCqFMekydA"]}]}},"_links":{"self":[{"href":"https:\/\/mgi-fr.com\/en\/wp-json\/wp\/v2\/pages\/2198","targetHints":{"allow":["GET"]}}],"collection":[{"href":"https:\/\/mgi-fr.com\/en\/wp-json\/wp\/v2\/pages"}],"about":[{"href":"https:\/\/mgi-fr.com\/en\/wp-json\/wp\/v2\/types\/page"}],"author":[{"embeddable":true,"href":"https:\/\/mgi-fr.com\/en\/wp-json\/wp\/v2\/users\/1"}],"replies":[{"embeddable":true,"href":"https:\/\/mgi-fr.com\/en\/wp-json\/wp\/v2\/comments?post=2198"}],"version-history":[{"count":1,"href":"https:\/\/mgi-fr.com\/en\/wp-json\/wp\/v2\/pages\/2198\/revisions"}],"predecessor-version":[{"id":11472,"href":"https:\/\/mgi-fr.com\/en\/wp-json\/wp\/v2\/pages\/2198\/revisions\/11472"}],"up":[{"embeddable":true,"href":"https:\/\/mgi-fr.com\/en\/wp-json\/wp\/v2\/pages\/967"}],"wp:featuredmedia":[{"embeddable":true,"href":"https:\/\/mgi-fr.com\/en\/wp-json\/wp\/v2\/media\/284"}],"wp:attachment":[{"href":"https:\/\/mgi-fr.com\/en\/wp-json\/wp\/v2\/media?parent=2198"}],"curies":[{"name":"wp","href":"https:\/\/api.w.org\/{rel}","templated":true}]}}