{"id":12859,"date":"2026-02-16T14:53:39","date_gmt":"2026-02-16T13:53:39","guid":{"rendered":"https:\/\/mgi-fr.com\/?page_id=12859"},"modified":"2026-02-20T16:57:17","modified_gmt":"2026-02-20T15:57:17","slug":"egalite-copie","status":"publish","type":"page","link":"https:\/\/mgi-fr.com\/en\/company\/egalite-copie\/","title":{"rendered":"Index-Equal."},"content":{"rendered":"<style>.kb-row-layout-id12859_f8f556-29 > .kt-row-column-wrap{align-content:end;}:where(.kb-row-layout-id12859_f8f556-29 > .kt-row-column-wrap) > .wp-block-kadence-column{justify-content:end;}.kb-row-layout-id12859_f8f556-29 > .kt-row-column-wrap{column-gap:var(--global-kb-gap-md, 2rem);row-gap:var(--global-kb-gap-md, 2rem);max-width:1600px;margin-left:auto;margin-right:auto;padding-top:20px;padding-bottom:20px;min-height:500px;grid-template-columns:minmax(0, 1fr);}.kb-row-layout-id12859_f8f556-29{background-image:url('https:\/\/mgi-fr.com\/wp-content\/uploads\/2026\/02\/index-egalite-femmes-hommes-mgi-digital-technology-obtient-87-1.png');background-size:cover;background-position:49% 56.00000000000001%;background-attachment:scroll;background-repeat:no-repeat;}.kb-row-layout-id12859_f8f556-29 > .kt-row-layout-overlay{opacity:0.00;background:linear-gradient(180deg, rgba(255, 255, 255, 0) 55%, var(--global-palette9) 75%);}.kb-row-layout-id12859_f8f556-29 ,.kb-row-layout-id12859_f8f556-29 h1,.kb-row-layout-id12859_f8f556-29 h2,.kb-row-layout-id12859_f8f556-29 h3,.kb-row-layout-id12859_f8f556-29 h4,.kb-row-layout-id12859_f8f556-29 h5,.kb-row-layout-id12859_f8f556-29 h6{color:#ffffff;}.kb-row-layout-id12859_f8f556-29 .kt-row-layout-bottom-sep{height:100px;}.kb-row-layout-id12859_f8f556-29 .kt-row-layout-bottom-sep svg{width:100%;}.kb-row-layout-id12859_f8f556-29 .kt-row-layout-bottom-sep svg{fill:#ffffff!important;}@media all and (max-width: 1024px){.kb-row-layout-id12859_f8f556-29 > .kt-row-column-wrap{min-height:300px;grid-template-columns:minmax(0, 1fr);}}@media all and (max-width: 1024px){.kb-row-layout-id12859_f8f556-29 .kt-row-layout-bottom-sep{height:px;}}@media all and (max-width: 1024px){.kb-row-layout-id12859_f8f556-29 .kt-row-layout-bottom-sep svg{width:%;}}@media all and (max-width: 767px){.kb-row-layout-id12859_f8f556-29 > .kt-row-column-wrap{min-height:300px;grid-template-columns:minmax(0, 1fr);}.kb-row-layout-id12859_f8f556-29 .kt-row-layout-bottom-sep{height:px;}.kb-row-layout-id12859_f8f556-29 .kt-row-layout-bottom-sep svg{width:%;}}<\/style><div class=\"kb-row-layout-wrap kb-row-layout-id12859_f8f556-29 alignfull kt-row-has-bg wp-block-kadence-rowlayout\"><div class=\"kt-row-layout-overlay kt-row-overlay-gradient\"><\/div><div class=\"kt-row-column-wrap kt-has-1-columns kt-row-layout-equal kt-tab-layout-inherit kt-mobile-layout-row kt-row-valign-bottom\">\n<style>.kadence-column12859_eb794c-51 > .kt-inside-inner-col,.kadence-column12859_eb794c-51 > .kt-inside-inner-col:before{border-top-left-radius:0px;border-top-right-radius:0px;border-bottom-right-radius:0px;border-bottom-left-radius:0px;}.kadence-column12859_eb794c-51 > .kt-inside-inner-col{column-gap:var(--global-kb-gap-sm, 1rem);}.kadence-column12859_eb794c-51 > .kt-inside-inner-col{flex-direction:column;}.kadence-column12859_eb794c-51 > .kt-inside-inner-col > .aligncenter{width:100%;}.kadence-column12859_eb794c-51 > .kt-inside-inner-col:before{opacity:0.3;}.kadence-column12859_eb794c-51{position:relative;}@media all and (max-width: 1024px){.kadence-column12859_eb794c-51 > .kt-inside-inner-col{flex-direction:column;justify-content:center;}}@media all and (max-width: 767px){.kadence-column12859_eb794c-51 > .kt-inside-inner-col{flex-direction:column;justify-content:center;}}<\/style>\n<div class=\"wp-block-kadence-column kadence-column12859_eb794c-51 inner-column-1\"><div class=\"kt-inside-inner-col\"><style>.wp-block-kadence-advancedheading.kt-adv-heading12859_c2d142-98, .wp-block-kadence-advancedheading.kt-adv-heading12859_c2d142-98[data-kb-block=\"kb-adv-heading12859_c2d142-98\"]{text-align:center;font-style:normal;text-transform:uppercase;text-shadow:1px 1px 30px #ffffff;}.wp-block-kadence-advancedheading.kt-adv-heading12859_c2d142-98 mark.kt-highlight, .wp-block-kadence-advancedheading.kt-adv-heading12859_c2d142-98[data-kb-block=\"kb-adv-heading12859_c2d142-98\"] mark.kt-highlight{font-style:normal;color:#f76a0c;-webkit-box-decoration-break:clone;box-decoration-break:clone;padding-top:0px;padding-right:0px;padding-bottom:0px;padding-left:0px;}.wp-block-kadence-advancedheading.kt-adv-heading12859_c2d142-98 img.kb-inline-image, .wp-block-kadence-advancedheading.kt-adv-heading12859_c2d142-98[data-kb-block=\"kb-adv-heading12859_c2d142-98\"] img.kb-inline-image{width:150px;vertical-align:baseline;}@media all and (max-width: 1024px){.wp-block-kadence-advancedheading.kt-adv-heading12859_c2d142-98, .wp-block-kadence-advancedheading.kt-adv-heading12859_c2d142-98[data-kb-block=\"kb-adv-heading12859_c2d142-98\"]{text-shadow:1px 1px 30px #ffffff;}}@media all and (max-width: 767px){.wp-block-kadence-advancedheading.kt-adv-heading12859_c2d142-98, .wp-block-kadence-advancedheading.kt-adv-heading12859_c2d142-98[data-kb-block=\"kb-adv-heading12859_c2d142-98\"]{text-shadow:1px 1px 30px #ffffff;}}<\/style>\n<h1 class=\"kt-adv-heading12859_c2d142-98 wp-block-kadence-advancedheading has-theme-palette-4-color has-text-color\" data-kb-block=\"kb-adv-heading12859_c2d142-98\"><\/h1>\n\n\n\n<p><\/p>\n<\/div><\/div>\n\n<\/div><\/div>\n\n\n<div style=\"height:30px\" aria-hidden=\"true\" class=\"wp-block-spacer\"><\/div>\n\n\n<style>.wp-block-kadence-advancedheading.kt-adv-heading12859_d7a69a-2c, .wp-block-kadence-advancedheading.kt-adv-heading12859_d7a69a-2c[data-kb-block=\"kb-adv-heading12859_d7a69a-2c\"]{padding-top:15px;margin-top:0px;margin-bottom:20px;text-align:center;font-style:normal;}.wp-block-kadence-advancedheading.kt-adv-heading12859_d7a69a-2c mark.kt-highlight, .wp-block-kadence-advancedheading.kt-adv-heading12859_d7a69a-2c[data-kb-block=\"kb-adv-heading12859_d7a69a-2c\"] mark.kt-highlight{font-style:normal;color:#f76a0c;-webkit-box-decoration-break:clone;box-decoration-break:clone;padding-top:0px;padding-right:0px;padding-bottom:0px;padding-left:0px;}.wp-block-kadence-advancedheading.kt-adv-heading12859_d7a69a-2c img.kb-inline-image, .wp-block-kadence-advancedheading.kt-adv-heading12859_d7a69a-2c[data-kb-block=\"kb-adv-heading12859_d7a69a-2c\"] img.kb-inline-image{width:150px;vertical-align:baseline;}@media all and (max-width: 1024px){.wp-block-kadence-advancedheading.kt-adv-heading12859_d7a69a-2c, .wp-block-kadence-advancedheading.kt-adv-heading12859_d7a69a-2c[data-kb-block=\"kb-adv-heading12859_d7a69a-2c\"]{margin-bottom:20px;}}<\/style>\n<h5 class=\"kt-adv-heading12859_d7a69a-2c wp-block-kadence-advancedheading\" data-kb-block=\"kb-adv-heading12859_d7a69a-2c\">INDEX \u00c9GALIT\u00c9 FEMMES \/ HOMMES, MGI DIGITAL TECHNOLOGY OBTIENT 87 POINTS SUR 100<\/h5>\n\n\n<style>.kb-row-layout-wrap.wp-block-kadence-rowlayout.kb-row-layout-id12859_05206a-a4{margin-top:15px;}.kb-row-layout-id12859_05206a-a4 > .kt-row-column-wrap{align-content:start;}:where(.kb-row-layout-id12859_05206a-a4 > .kt-row-column-wrap) > .wp-block-kadence-column{justify-content:start;}.kb-row-layout-id12859_05206a-a4 > .kt-row-column-wrap{column-gap:var(--global-kb-gap-md, 2rem);row-gap:var(--global-kb-gap-md, 2rem);padding-top:0px;padding-bottom:5px;grid-template-columns:minmax(0, 1fr);}.kb-row-layout-id12859_05206a-a4 > .kt-row-layout-overlay{opacity:0.30;}@media all and (max-width: 1024px){.kb-row-layout-id12859_05206a-a4 > .kt-row-column-wrap{grid-template-columns:minmax(0, 1fr);}}@media all and (max-width: 767px){.kb-row-layout-id12859_05206a-a4 > .kt-row-column-wrap{grid-template-columns:minmax(0, 1fr);}}<\/style><div class=\"kb-row-layout-wrap kb-row-layout-id12859_05206a-a4 alignnone wp-block-kadence-rowlayout\"><div class=\"kt-row-column-wrap kt-has-1-columns kt-row-layout-equal kt-tab-layout-inherit kt-mobile-layout-row kt-row-valign-top\">\n<style>.kadence-column12859_b2aa2e-8e > .kt-inside-inner-col,.kadence-column12859_b2aa2e-8e > .kt-inside-inner-col:before{border-top-left-radius:0px;border-top-right-radius:0px;border-bottom-right-radius:0px;border-bottom-left-radius:0px;}.kadence-column12859_b2aa2e-8e > .kt-inside-inner-col{column-gap:var(--global-kb-gap-sm, 1rem);}.kadence-column12859_b2aa2e-8e > .kt-inside-inner-col{flex-direction:column;}.kadence-column12859_b2aa2e-8e > .kt-inside-inner-col > .aligncenter{width:100%;}.kadence-column12859_b2aa2e-8e > .kt-inside-inner-col:before{opacity:0.3;}.kadence-column12859_b2aa2e-8e{position:relative;}@media all and (max-width: 1024px){.kadence-column12859_b2aa2e-8e > .kt-inside-inner-col{flex-direction:column;justify-content:center;}}@media all and (max-width: 767px){.kadence-column12859_b2aa2e-8e > .kt-inside-inner-col{flex-direction:column;justify-content:center;}}<\/style>\n<div class=\"wp-block-kadence-column kadence-column12859_b2aa2e-8e inner-column-1\"><div class=\"kt-inside-inner-col\">\n<p class=\"justify\">L\u2019index de l\u2019\u00e9galit\u00e9 femmes-hommes mis en place par le Minist\u00e8re du Travail fait partie des diff\u00e9rentes mesures pr\u00e9vues par la loi du 5 septembre 2018 pour la libert\u00e9 de choisir son avenir professionnel.<br>Cet index vise \u00e0 supprimer les in\u00e9galit\u00e9s salariales entre les femmes et les hommes en France.<\/p>\n\n\n\n<h2 class=\"wp-block-heading\">UN INDEX AVEC QUATRE INDICATEURS POUR LES ENTREPRISES DE -250 SALARI\u00c9S<\/h2>\n\n\n\n<p><strong>Il se calcule \u00e0 l\u2019aide de quatre indicateurs d\u00e9termin\u00e9s par la loi :<\/strong><br><br>\u25aa Ecart de r\u00e9mun\u00e9ration entre les femmes et les hommes<br>\u25aa Ecart de taux d\u2019augmentations individuelles (hors promotion) entre les femmes et les hommes<br>\u25aa Pourcentage de salari\u00e9es ayant b\u00e9n\u00e9fici\u00e9 d\u2019une augmentation dans l\u2019ann\u00e9e suivant leur retour de cong\u00e9 de maternit\u00e9<br>\u25aa Nombre de salari\u00e9s du sexe sous-repr\u00e9sent\u00e9 parmi les dix salari\u00e9s ayant per\u00e7u les plus hautes r\u00e9mun\u00e9rations<br><br>Les entreprises doivent atteindre le r\u00e9sultat de 75\/100, \u00e0 d\u00e9faut elles disposent de trois ans pour mettre en places des actions correctives.<\/p>\n\n\n\n<h2 class=\"wp-block-heading\">LA DIVERSIT\u00c9 CHEZ MGI DIGITAL TECHNOLOGY<\/h2>\n\n\n\n<p>Porteuse de valeurs d\u2019humanit\u00e9, d\u2019impartialit\u00e9 et d\u2019unit\u00e9, MGI Digital Technology a pour exigence d\u2019agir efficacement en faveur de la diversit\u00e9 des personnes qui la constituent, de lutter contre les discriminations et de promouvoir l\u2019\u00e9galit\u00e9 de traitement de ses salari\u00e9s.<br><br><strong>MGI Digital Technology obtient un r\u00e9sultat de 87\/100 dans le cadre de l\u2019index \u00e9galit\u00e9 femmes \/ hommes 2025.<\/strong><br><br>MGI Digital Technology aspire \u00e0 poursuivre ses efforts en 2026 en mati\u00e8re d\u2019\u00e9galit\u00e9 femmes\/hommes, afin de pouvoir pr\u00e9senter un r\u00e9sultat encore meilleur en 2027 et r\u00e9affirme ainsi son engagement en faveur de l&rsquo;\u00e9galit\u00e9 professionnelle entre les femmes et les hommes.<\/p>\n\n\n\n<h2 class=\"wp-block-heading\">RESULTATS OBTENUS POUR CHAQUE INDICATEUR<\/h2>\n\n\n\n<figure class=\"wp-block-table\"><table><tbody><tr><td>1<\/td><td>Ecart de r\u00e9mun\u00e9ration<\/td><td>39\/40<\/td><\/tr><tr><td>2<\/td><td>Ecart augmentations individuelles<\/td><td>35\/35<\/td><\/tr><tr><td>3<\/td><td>Salari\u00e9s augment\u00e9s au retour d\u2019un cong\u00e9 maternit\u00e9<\/td><td>Non calculable<\/td><\/tr><tr><td>4<\/td><td>Salari\u00e9s du sexe sous-repr\u00e9sent\u00e9 parmi les 10 plus hautes r\u00e9mun\u00e9rations<\/td><td>0\/10<\/td><\/tr><tr><td><\/td><td><strong>Total des indicateurs calculables<\/strong><\/td><td><strong>74\/85<\/strong><\/td><\/tr><tr><td><\/td><td><strong>Total<\/strong><\/td><td><strong>87\/100<\/strong><\/td><\/tr><\/tbody><\/table><\/figure>\n\n\n\n<p class=\"justify\"><\/p>\n\n\n\n<p><\/p>\n<\/div><\/div>\n\n<\/div><\/div>\n\n<style>.kb-row-layout-id12859_3dca96-76 > .kt-row-column-wrap{align-content:start;}:where(.kb-row-layout-id12859_3dca96-76 > .kt-row-column-wrap) > .wp-block-kadence-column{justify-content:start;}.kb-row-layout-id12859_3dca96-76 > .kt-row-column-wrap{column-gap:var(--global-kb-gap-md, 2rem);row-gap:var(--global-kb-gap-md, 2rem);padding-top:0px;padding-right:0px;padding-bottom:25px;padding-left:0px;grid-template-columns:minmax(0, 1fr);}.kb-row-layout-id12859_3dca96-76 > .kt-row-layout-overlay{opacity:0.30;}@media all and (max-width: 1024px){.kb-row-layout-id12859_3dca96-76 > .kt-row-column-wrap{grid-template-columns:minmax(0, 1fr);}}@media all and (max-width: 767px){.kb-row-layout-id12859_3dca96-76 > .kt-row-column-wrap{grid-template-columns:minmax(0, 1fr);}}<\/style><div class=\"kb-row-layout-wrap kb-row-layout-id12859_3dca96-76 alignnone wp-block-kadence-rowlayout\"><div class=\"kt-row-column-wrap kt-has-1-columns kt-row-layout-equal kt-tab-layout-inherit kt-mobile-layout-row kt-row-valign-top\">\n<style>.kadence-column12859_9ac251-2e > .kt-inside-inner-col,.kadence-column12859_9ac251-2e > .kt-inside-inner-col:before{border-top-left-radius:0px;border-top-right-radius:0px;border-bottom-right-radius:0px;border-bottom-left-radius:0px;}.kadence-column12859_9ac251-2e > .kt-inside-inner-col{column-gap:var(--global-kb-gap-sm, 1rem);}.kadence-column12859_9ac251-2e > .kt-inside-inner-col{flex-direction:column;}.kadence-column12859_9ac251-2e > .kt-inside-inner-col > .aligncenter{width:100%;}.kadence-column12859_9ac251-2e > .kt-inside-inner-col:before{opacity:0.3;}.kadence-column12859_9ac251-2e{position:relative;}@media all and (max-width: 1024px){.kadence-column12859_9ac251-2e > .kt-inside-inner-col{flex-direction:column;justify-content:center;}}@media all and (max-width: 767px){.kadence-column12859_9ac251-2e > .kt-inside-inner-col{flex-direction:column;justify-content:center;}}<\/style>\n<div class=\"wp-block-kadence-column kadence-column12859_9ac251-2e inner-column-1\"><div class=\"kt-inside-inner-col\">\n<p><\/p>\n<\/div><\/div>\n\n<\/div><\/div>\n\n\n<div style=\"height:50px\" aria-hidden=\"true\" class=\"wp-block-spacer\"><\/div>\n","protected":false},"excerpt":{"rendered":"<p>INDEX \u00c9GALIT\u00c9 FEMMES \/ HOMMES, MGI DIGITAL TECHNOLOGY OBTIENT 87 POINTS SUR 100 L\u2019index de l\u2019\u00e9galit\u00e9 femmes-hommes mis en place par le Minist\u00e8re du Travail fait partie des diff\u00e9rentes mesures pr\u00e9vues par la loi du 5 septembre 2018 pour la libert\u00e9 de choisir son avenir professionnel.Cet index vise \u00e0 supprimer les in\u00e9galit\u00e9s salariales entre les&#8230;<\/p>","protected":false},"author":10,"featured_media":4850,"parent":661,"menu_order":0,"comment_status":"closed","ping_status":"closed","template":"","meta":{"_kad_post_transparent":"","_kad_post_title":"hide","_kad_post_layout":"","_kad_post_sidebar_id":"","_kad_post_content_style":"unboxed","_kad_post_vertical_padding":"hide","_kad_post_feature":"","_kad_post_feature_position":"","_kad_post_header":false,"_kad_post_footer":false,"_kad_post_classname":"","footnotes":""},"class_list":["post-12859","page","type-page","status-publish","has-post-thumbnail","hentry"],"yoast_head":"<!-- This site is optimized with the Yoast SEO plugin v27.4 - https:\/\/yoast.com\/product\/yoast-seo-wordpress\/ -->\n<title>Index-Egalit\u00e9. -<\/title>\n<meta name=\"robots\" content=\"index, follow, max-snippet:-1, max-image-preview:large, max-video-preview:-1\" \/>\n<link rel=\"canonical\" href=\"https:\/\/mgi-fr.com\/en\/company\/egalite-copie\/\" \/>\n<meta property=\"og:locale\" content=\"en_US\" \/>\n<meta property=\"og:type\" content=\"article\" \/>\n<meta property=\"og:title\" content=\"Index-Egalit\u00e9. -\" \/>\n<meta property=\"og:description\" content=\"INDEX \u00c9GALIT\u00c9 FEMMES \/ HOMMES, MGI DIGITAL TECHNOLOGY OBTIENT 87 POINTS SUR 100 L\u2019index de l\u2019\u00e9galit\u00e9 femmes-hommes mis en place par le Minist\u00e8re du Travail fait partie des diff\u00e9rentes mesures pr\u00e9vues par la loi du 5 septembre 2018 pour la libert\u00e9 de choisir son avenir professionnel.Cet index vise \u00e0 supprimer les in\u00e9galit\u00e9s salariales entre les...\" \/>\n<meta property=\"og:url\" content=\"https:\/\/mgi-fr.com\/en\/company\/egalite-copie\/\" \/>\n<meta property=\"article:publisher\" content=\"https:\/\/m.facebook.com\/MGIonline\/\" \/>\n<meta property=\"article:modified_time\" content=\"2026-02-20T15:57:17+00:00\" \/>\n<meta property=\"og:image\" content=\"https:\/\/mgi-fr.com\/wp-content\/uploads\/2021\/12\/2015-MGI-Team.webp\" \/>\n\t<meta property=\"og:image:width\" content=\"1920\" \/>\n\t<meta property=\"og:image:height\" content=\"1280\" \/>\n\t<meta property=\"og:image:type\" content=\"image\/webp\" \/>\n<meta name=\"twitter:card\" content=\"summary_large_image\" \/>\n<meta name=\"twitter:site\" content=\"@MGI_HQ\" \/>\n<script type=\"application\/ld+json\" class=\"yoast-schema-graph\">{\"@context\":\"https:\\\/\\\/schema.org\",\"@graph\":[{\"@type\":\"WebPage\",\"@id\":\"https:\\\/\\\/mgi-fr.com\\\/societe\\\/egalite-copie\\\/\",\"url\":\"https:\\\/\\\/mgi-fr.com\\\/societe\\\/egalite-copie\\\/\",\"name\":\"Index-Egalit\u00e9. -\",\"isPartOf\":{\"@id\":\"https:\\\/\\\/mgi-fr.com\\\/#website\"},\"primaryImageOfPage\":{\"@id\":\"https:\\\/\\\/mgi-fr.com\\\/societe\\\/egalite-copie\\\/#primaryimage\"},\"image\":{\"@id\":\"https:\\\/\\\/mgi-fr.com\\\/societe\\\/egalite-copie\\\/#primaryimage\"},\"thumbnailUrl\":\"https:\\\/\\\/mgi-fr.com\\\/wp-content\\\/uploads\\\/2021\\\/12\\\/2015-MGI-Team.webp\",\"datePublished\":\"2026-02-16T13:53:39+00:00\",\"dateModified\":\"2026-02-20T15:57:17+00:00\",\"breadcrumb\":{\"@id\":\"https:\\\/\\\/mgi-fr.com\\\/societe\\\/egalite-copie\\\/#breadcrumb\"},\"inLanguage\":\"en-US\",\"potentialAction\":[{\"@type\":\"ReadAction\",\"target\":[\"https:\\\/\\\/mgi-fr.com\\\/societe\\\/egalite-copie\\\/\"]}]},{\"@type\":\"ImageObject\",\"inLanguage\":\"en-US\",\"@id\":\"https:\\\/\\\/mgi-fr.com\\\/societe\\\/egalite-copie\\\/#primaryimage\",\"url\":\"https:\\\/\\\/mgi-fr.com\\\/wp-content\\\/uploads\\\/2021\\\/12\\\/2015-MGI-Team.webp\",\"contentUrl\":\"https:\\\/\\\/mgi-fr.com\\\/wp-content\\\/uploads\\\/2021\\\/12\\\/2015-MGI-Team.webp\",\"width\":1920,\"height\":1280},{\"@type\":\"BreadcrumbList\",\"@id\":\"https:\\\/\\\/mgi-fr.com\\\/societe\\\/egalite-copie\\\/#breadcrumb\",\"itemListElement\":[{\"@type\":\"ListItem\",\"position\":1,\"name\":\"Accueil\",\"item\":\"https:\\\/\\\/mgi-fr.com\\\/\"},{\"@type\":\"ListItem\",\"position\":2,\"name\":\"Soci\u00e9t\u00e9\",\"item\":\"https:\\\/\\\/mgi-fr.com\\\/societe\\\/\"},{\"@type\":\"ListItem\",\"position\":3,\"name\":\"Index-Egalit\u00e9.\"}]},{\"@type\":\"WebSite\",\"@id\":\"https:\\\/\\\/mgi-fr.com\\\/#website\",\"url\":\"https:\\\/\\\/mgi-fr.com\\\/\",\"name\":\"\",\"description\":\"Leader des technologies d\u2019impression et de finitions num\u00e9riques\",\"publisher\":{\"@id\":\"https:\\\/\\\/mgi-fr.com\\\/#organization\"},\"potentialAction\":[{\"@type\":\"SearchAction\",\"target\":{\"@type\":\"EntryPoint\",\"urlTemplate\":\"https:\\\/\\\/mgi-fr.com\\\/?s={search_term_string}\"},\"query-input\":{\"@type\":\"PropertyValueSpecification\",\"valueRequired\":true,\"valueName\":\"search_term_string\"}}],\"inLanguage\":\"en-US\"},{\"@type\":\"Organization\",\"@id\":\"https:\\\/\\\/mgi-fr.com\\\/#organization\",\"name\":\"MGI Digital Technology\",\"url\":\"https:\\\/\\\/mgi-fr.com\\\/\",\"logo\":{\"@type\":\"ImageObject\",\"inLanguage\":\"en-US\",\"@id\":\"https:\\\/\\\/mgi-fr.com\\\/#\\\/schema\\\/logo\\\/image\\\/\",\"url\":\"http:\\\/\\\/mgi-nouveau-site.mgi-labs.com\\\/wp-content\\\/uploads\\\/2022\\\/01\\\/Logo-MGI-Blue-Baseline.jpg\",\"contentUrl\":\"http:\\\/\\\/mgi-nouveau-site.mgi-labs.com\\\/wp-content\\\/uploads\\\/2022\\\/01\\\/Logo-MGI-Blue-Baseline.jpg\",\"width\":842,\"height\":595,\"caption\":\"MGI Digital Technology\"},\"image\":{\"@id\":\"https:\\\/\\\/mgi-fr.com\\\/#\\\/schema\\\/logo\\\/image\\\/\"},\"sameAs\":[\"https:\\\/\\\/m.facebook.com\\\/MGIonline\\\/\",\"https:\\\/\\\/x.com\\\/MGI_HQ\",\"https:\\\/\\\/www.linkedin.com\\\/company\\\/mgi-digital-graphic-technology\\\/\",\"https:\\\/\\\/www.youtube.com\\\/channel\\\/UCqJTeVGo2EQ3NOCqFMekydA\"]}]}<\/script>\n<!-- \/ Yoast SEO plugin. -->","yoast_head_json":{"title":"Index-Egalit\u00e9. -","robots":{"index":"index","follow":"follow","max-snippet":"max-snippet:-1","max-image-preview":"max-image-preview:large","max-video-preview":"max-video-preview:-1"},"canonical":"https:\/\/mgi-fr.com\/en\/company\/egalite-copie\/","og_locale":"en_US","og_type":"article","og_title":"Index-Egalit\u00e9. -","og_description":"INDEX \u00c9GALIT\u00c9 FEMMES \/ HOMMES, MGI DIGITAL TECHNOLOGY OBTIENT 87 POINTS SUR 100 L\u2019index de l\u2019\u00e9galit\u00e9 femmes-hommes mis en place par le Minist\u00e8re du Travail fait partie des diff\u00e9rentes mesures pr\u00e9vues par la loi du 5 septembre 2018 pour la libert\u00e9 de choisir son avenir professionnel.Cet index vise \u00e0 supprimer les in\u00e9galit\u00e9s salariales entre les...","og_url":"https:\/\/mgi-fr.com\/en\/company\/egalite-copie\/","article_publisher":"https:\/\/m.facebook.com\/MGIonline\/","article_modified_time":"2026-02-20T15:57:17+00:00","og_image":[{"width":1920,"height":1280,"url":"https:\/\/mgi-fr.com\/wp-content\/uploads\/2021\/12\/2015-MGI-Team.webp","type":"image\/webp"}],"twitter_card":"summary_large_image","twitter_site":"@MGI_HQ","schema":{"@context":"https:\/\/schema.org","@graph":[{"@type":"WebPage","@id":"https:\/\/mgi-fr.com\/societe\/egalite-copie\/","url":"https:\/\/mgi-fr.com\/societe\/egalite-copie\/","name":"Index-Egalit\u00e9. -","isPartOf":{"@id":"https:\/\/mgi-fr.com\/#website"},"primaryImageOfPage":{"@id":"https:\/\/mgi-fr.com\/societe\/egalite-copie\/#primaryimage"},"image":{"@id":"https:\/\/mgi-fr.com\/societe\/egalite-copie\/#primaryimage"},"thumbnailUrl":"https:\/\/mgi-fr.com\/wp-content\/uploads\/2021\/12\/2015-MGI-Team.webp","datePublished":"2026-02-16T13:53:39+00:00","dateModified":"2026-02-20T15:57:17+00:00","breadcrumb":{"@id":"https:\/\/mgi-fr.com\/societe\/egalite-copie\/#breadcrumb"},"inLanguage":"en-US","potentialAction":[{"@type":"ReadAction","target":["https:\/\/mgi-fr.com\/societe\/egalite-copie\/"]}]},{"@type":"ImageObject","inLanguage":"en-US","@id":"https:\/\/mgi-fr.com\/societe\/egalite-copie\/#primaryimage","url":"https:\/\/mgi-fr.com\/wp-content\/uploads\/2021\/12\/2015-MGI-Team.webp","contentUrl":"https:\/\/mgi-fr.com\/wp-content\/uploads\/2021\/12\/2015-MGI-Team.webp","width":1920,"height":1280},{"@type":"BreadcrumbList","@id":"https:\/\/mgi-fr.com\/societe\/egalite-copie\/#breadcrumb","itemListElement":[{"@type":"ListItem","position":1,"name":"Accueil","item":"https:\/\/mgi-fr.com\/"},{"@type":"ListItem","position":2,"name":"Soci\u00e9t\u00e9","item":"https:\/\/mgi-fr.com\/societe\/"},{"@type":"ListItem","position":3,"name":"Index-Egalit\u00e9."}]},{"@type":"WebSite","@id":"https:\/\/mgi-fr.com\/#website","url":"https:\/\/mgi-fr.com\/","name":"","description":"The Leader in printing technologies and finishes, digital","publisher":{"@id":"https:\/\/mgi-fr.com\/#organization"},"potentialAction":[{"@type":"SearchAction","target":{"@type":"EntryPoint","urlTemplate":"https:\/\/mgi-fr.com\/?s={search_term_string}"},"query-input":{"@type":"PropertyValueSpecification","valueRequired":true,"valueName":"search_term_string"}}],"inLanguage":"en-US"},{"@type":"Organization","@id":"https:\/\/mgi-fr.com\/#organization","name":".","url":"https:\/\/mgi-fr.com\/","logo":{"@type":"ImageObject","inLanguage":"en-US","@id":"https:\/\/mgi-fr.com\/#\/schema\/logo\/image\/","url":"http:\/\/mgi-nouveau-site.mgi-labs.com\/wp-content\/uploads\/2022\/01\/Logo-MGI-Blue-Baseline.jpg","contentUrl":"http:\/\/mgi-nouveau-site.mgi-labs.com\/wp-content\/uploads\/2022\/01\/Logo-MGI-Blue-Baseline.jpg","width":842,"height":595,"caption":"MGI Digital Technology"},"image":{"@id":"https:\/\/mgi-fr.com\/#\/schema\/logo\/image\/"},"sameAs":["https:\/\/m.facebook.com\/MGIonline\/","https:\/\/x.com\/MGI_HQ","https:\/\/www.linkedin.com\/company\/mgi-digital-graphic-technology\/","https:\/\/www.youtube.com\/channel\/UCqJTeVGo2EQ3NOCqFMekydA"]}]}},"_links":{"self":[{"href":"https:\/\/mgi-fr.com\/en\/wp-json\/wp\/v2\/pages\/12859","targetHints":{"allow":["GET"]}}],"collection":[{"href":"https:\/\/mgi-fr.com\/en\/wp-json\/wp\/v2\/pages"}],"about":[{"href":"https:\/\/mgi-fr.com\/en\/wp-json\/wp\/v2\/types\/page"}],"author":[{"embeddable":true,"href":"https:\/\/mgi-fr.com\/en\/wp-json\/wp\/v2\/users\/10"}],"replies":[{"embeddable":true,"href":"https:\/\/mgi-fr.com\/en\/wp-json\/wp\/v2\/comments?post=12859"}],"version-history":[{"count":10,"href":"https:\/\/mgi-fr.com\/en\/wp-json\/wp\/v2\/pages\/12859\/revisions"}],"predecessor-version":[{"id":12912,"href":"https:\/\/mgi-fr.com\/en\/wp-json\/wp\/v2\/pages\/12859\/revisions\/12912"}],"up":[{"embeddable":true,"href":"https:\/\/mgi-fr.com\/en\/wp-json\/wp\/v2\/pages\/661"}],"wp:featuredmedia":[{"embeddable":true,"href":"https:\/\/mgi-fr.com\/en\/wp-json\/wp\/v2\/media\/4850"}],"wp:attachment":[{"href":"https:\/\/mgi-fr.com\/en\/wp-json\/wp\/v2\/media?parent=12859"}],"curies":[{"name":"wp","href":"https:\/\/api.w.org\/{rel}","templated":true}]}}