{"id":11799,"date":"2025-12-02T14:29:50","date_gmt":"2025-12-02T13:29:50","guid":{"rendered":"https:\/\/mgi-fr.com\/?page_id=11799"},"modified":"2025-12-02T14:55:59","modified_gmt":"2025-12-02T13:55:59","slug":"candidature-spontanee","status":"publish","type":"page","link":"https:\/\/mgi-fr.com\/en\/company\/candidature-spontanee\/","title":{"rendered":"Spontaneous Application"},"content":{"rendered":"<style>.kb-row-layout-id11799_0df7f4-3b > .kt-row-column-wrap{align-content:end;}:where(.kb-row-layout-id11799_0df7f4-3b > .kt-row-column-wrap) > .wp-block-kadence-column{justify-content:end;}.kb-row-layout-id11799_0df7f4-3b > .kt-row-column-wrap{column-gap:var(--global-kb-gap-md, 2rem);row-gap:var(--global-kb-gap-md, 2rem);max-width:1600px;margin-left:auto;margin-right:auto;padding-top:20px;padding-bottom:20px;min-height:500px;grid-template-columns:minmax(0, 1fr);}.kb-row-layout-id11799_0df7f4-3b{background-image:url('https:\/\/mgi-fr.com\/wp-content\/uploads\/2025\/12\/candidature-spontanee.png');background-size:cover;background-position:24% 0%;background-attachment:scroll;background-repeat:no-repeat;}.kb-row-layout-id11799_0df7f4-3b > .kt-row-layout-overlay{opacity:0.70;background:linear-gradient(180deg, rgba(255, 255, 255, 0) 40%, var(--global-palette9) 83%);}.kb-row-layout-id11799_0df7f4-3b ,.kb-row-layout-id11799_0df7f4-3b h1,.kb-row-layout-id11799_0df7f4-3b h2,.kb-row-layout-id11799_0df7f4-3b h3,.kb-row-layout-id11799_0df7f4-3b h4,.kb-row-layout-id11799_0df7f4-3b h5,.kb-row-layout-id11799_0df7f4-3b h6{color:#ffffff;}.kb-row-layout-id11799_0df7f4-3b .kt-row-layout-bottom-sep{height:100px;}.kb-row-layout-id11799_0df7f4-3b .kt-row-layout-bottom-sep svg{width:100%;}.kb-row-layout-id11799_0df7f4-3b .kt-row-layout-bottom-sep svg{fill:#ffffff!important;}@media all and (max-width: 1024px){.kb-row-layout-id11799_0df7f4-3b > .kt-row-column-wrap{min-height:300px;grid-template-columns:minmax(0, 1fr);}}@media all and (max-width: 1024px){.kb-row-layout-id11799_0df7f4-3b .kt-row-layout-bottom-sep{height:px;}}@media all and (max-width: 1024px){.kb-row-layout-id11799_0df7f4-3b .kt-row-layout-bottom-sep svg{width:%;}}@media all and (max-width: 767px){.kb-row-layout-id11799_0df7f4-3b > .kt-row-column-wrap{min-height:300px;grid-template-columns:minmax(0, 1fr);}.kb-row-layout-id11799_0df7f4-3b .kt-row-layout-bottom-sep{height:px;}.kb-row-layout-id11799_0df7f4-3b .kt-row-layout-bottom-sep svg{width:%;}}<\/style><div class=\"kb-row-layout-wrap kb-row-layout-id11799_0df7f4-3b alignfull kt-row-has-bg wp-block-kadence-rowlayout\"><div class=\"kt-row-layout-overlay kt-row-overlay-gradient\"><\/div><div class=\"kt-row-column-wrap kt-has-1-columns kt-row-layout-equal kt-tab-layout-inherit kt-mobile-layout-row kt-row-valign-bottom\">\n<style>.kadence-column11799_70dea7-a9 > .kt-inside-inner-col,.kadence-column11799_70dea7-a9 > .kt-inside-inner-col:before{border-top-left-radius:0px;border-top-right-radius:0px;border-bottom-right-radius:0px;border-bottom-left-radius:0px;}.kadence-column11799_70dea7-a9 > .kt-inside-inner-col{column-gap:var(--global-kb-gap-sm, 1rem);}.kadence-column11799_70dea7-a9 > .kt-inside-inner-col{flex-direction:column;}.kadence-column11799_70dea7-a9 > .kt-inside-inner-col > .aligncenter{width:100%;}.kadence-column11799_70dea7-a9 > .kt-inside-inner-col:before{opacity:0.3;}.kadence-column11799_70dea7-a9{position:relative;}@media all and (max-width: 1024px){.kadence-column11799_70dea7-a9 > .kt-inside-inner-col{flex-direction:column;justify-content:center;}}@media all and (max-width: 767px){.kadence-column11799_70dea7-a9 > .kt-inside-inner-col{flex-direction:column;justify-content:center;}}<\/style>\n<div class=\"wp-block-kadence-column kadence-column11799_70dea7-a9 inner-column-1\"><div class=\"kt-inside-inner-col\"><style>.wp-block-kadence-advancedheading.kt-adv-heading11799_d68626-57, .wp-block-kadence-advancedheading.kt-adv-heading11799_d68626-57[data-kb-block=\"kb-adv-heading11799_d68626-57\"]{text-align:center;font-style:normal;text-transform:uppercase;text-shadow:1px 1px 30px #ffffff;}.wp-block-kadence-advancedheading.kt-adv-heading11799_d68626-57 mark.kt-highlight, .wp-block-kadence-advancedheading.kt-adv-heading11799_d68626-57[data-kb-block=\"kb-adv-heading11799_d68626-57\"] mark.kt-highlight{font-style:normal;color:#f76a0c;-webkit-box-decoration-break:clone;box-decoration-break:clone;padding-top:0px;padding-right:0px;padding-bottom:0px;padding-left:0px;}.wp-block-kadence-advancedheading.kt-adv-heading11799_d68626-57 img.kb-inline-image, .wp-block-kadence-advancedheading.kt-adv-heading11799_d68626-57[data-kb-block=\"kb-adv-heading11799_d68626-57\"] img.kb-inline-image{width:150px;vertical-align:baseline;}@media all and (max-width: 1024px){.wp-block-kadence-advancedheading.kt-adv-heading11799_d68626-57, .wp-block-kadence-advancedheading.kt-adv-heading11799_d68626-57[data-kb-block=\"kb-adv-heading11799_d68626-57\"]{text-shadow:1px 1px 30px #ffffff;}}@media all and (max-width: 767px){.wp-block-kadence-advancedheading.kt-adv-heading11799_d68626-57, .wp-block-kadence-advancedheading.kt-adv-heading11799_d68626-57[data-kb-block=\"kb-adv-heading11799_d68626-57\"]{text-shadow:1px 1px 30px #ffffff;}}<\/style>\n<h1 class=\"kt-adv-heading11799_d68626-57 wp-block-kadence-advancedheading has-theme-palette-4-color has-text-color\" data-kb-block=\"kb-adv-heading11799_d68626-57\">Candidature spontan\u00e9e<\/h1>\n\n\n\n<p><\/p>\n<\/div><\/div>\n\n<\/div><\/div>\n\n<style>.kb-row-layout-id11799_4bcdea-22 > .kt-row-column-wrap{align-content:start;}:where(.kb-row-layout-id11799_4bcdea-22 > .kt-row-column-wrap) > .wp-block-kadence-column{justify-content:start;}.kb-row-layout-id11799_4bcdea-22 > .kt-row-column-wrap{column-gap:var(--global-kb-gap-md, 2rem);row-gap:var(--global-kb-gap-md, 2rem);padding-top:2%;padding-right:2%;padding-bottom:5%;padding-left:2%;grid-template-columns:minmax(0, 1fr);}.kb-row-layout-id11799_4bcdea-22 > .kt-row-layout-overlay{opacity:0.30;}@media all and (max-width: 1024px){.kb-row-layout-id11799_4bcdea-22 > .kt-row-column-wrap{padding-right:0%;padding-left:0%;grid-template-columns:minmax(0, 1fr);}}@media all and (max-width: 767px){.kb-row-layout-id11799_4bcdea-22 > .kt-row-column-wrap{padding-right:0%;padding-left:0%;grid-template-columns:minmax(0, 1fr);}}<\/style><div class=\"kb-row-layout-wrap kb-row-layout-id11799_4bcdea-22 alignwide wp-block-kadence-rowlayout\"><div class=\"kt-row-column-wrap kt-has-1-columns kt-row-layout-equal kt-tab-layout-inherit kt-mobile-layout-row kt-row-valign-top\">\n<style>.kadence-column11799_f7af35-34 > .kt-inside-inner-col,.kadence-column11799_f7af35-34 > .kt-inside-inner-col:before{border-top-left-radius:0px;border-top-right-radius:0px;border-bottom-right-radius:0px;border-bottom-left-radius:0px;}.kadence-column11799_f7af35-34 > .kt-inside-inner-col{column-gap:var(--global-kb-gap-sm, 1rem);}.kadence-column11799_f7af35-34 > .kt-inside-inner-col{flex-direction:column;}.kadence-column11799_f7af35-34 > .kt-inside-inner-col > .aligncenter{width:100%;}.kadence-column11799_f7af35-34 > .kt-inside-inner-col:before{opacity:0.3;}.kadence-column11799_f7af35-34{position:relative;}@media all and (max-width: 1024px){.kadence-column11799_f7af35-34 > .kt-inside-inner-col{flex-direction:column;justify-content:center;}}@media all and (max-width: 767px){.kadence-column11799_f7af35-34 > .kt-inside-inner-col{flex-direction:column;justify-content:center;}}<\/style>\n<div class=\"wp-block-kadence-column kadence-column11799_f7af35-34\"><div class=\"kt-inside-inner-col\">\n<p>Vous souhaitez rejoindre MGI et participer \u00e0 nos projets innovants ? D\u00e9posez d\u00e8s maintenant votre <strong>candidature spontan\u00e9e<\/strong> via le formulaire en ligne. Nous \u00e9tudions r\u00e9guli\u00e8rement chaque profil avec attention. \ud83d\udc49 Ne manquez pas l\u2019opportunit\u00e9 de faire partie de notre \u00e9quipe !<\/p>\n<\/div><\/div>\n\n<\/div><\/div>\n\n\n<div class=\"wp-block-columns alignwide is-layout-flex wp-container-core-columns-is-layout-9d6595d7 wp-block-columns-is-layout-flex\">\n<div class=\"wp-block-column is-layout-flow wp-block-column-is-layout-flow\" style=\"flex-basis:100%\"><div class=\"forminator-ui forminator-custom-form forminator-custom-form-11651 forminator-design--default  forminator_ajax\" data-forminator-render=\"0\" data-form=\"forminator-module-11651\" data-uid=\"69ea6a12063f4\"><br\/><\/div><form\n\t\t\t\tid=\"forminator-module-11651\"\n\t\t\t\tclass=\"forminator-ui forminator-custom-form forminator-custom-form-11651 forminator-design--default  forminator_ajax\"\n\t\t\t\tmethod=\"post\"\n\t\t\t\tdata-forminator-render=\"0\"\n\t\t\t\tdata-form-id=\"11651\"\n\t\t\t\tenctype=\"multipart\/form-data\" data-color-option=\"theme\" data-design=\"default\" data-grid=\"open\" style=\"display: none;\"\n\t\t\t\tdata-uid=\"69ea6a12063f4\"\n\t\t\t><div role=\"alert\" aria-live=\"polite\" class=\"forminator-response-message forminator-error\" aria-hidden=\"true\"><\/div><div class=\"forminator-row\"><div id=\"name-1\" class=\"forminator-field-name forminator-col forminator-col-12 \"><div class=\"forminator-field\"><label for=\"forminator-field-name-1_69ea6a12063f4\" id=\"forminator-field-name-1_69ea6a12063f4-label\" class=\"forminator-label\">Nom<\/label><input type=\"text\" name=\"name-1\" value=\"\" placeholder=\"\" id=\"forminator-field-name-1_69ea6a12063f4\" class=\"forminator-input forminator-name--field\" aria-required=\"false\" autocomplete=\"name\" \/><\/div><\/div><\/div><div class=\"forminator-row\"><div id=\"name-2\" class=\"forminator-field-name forminator-col forminator-col-12 \"><div class=\"forminator-field\"><label for=\"forminator-field-name-2_69ea6a12063f4\" id=\"forminator-field-name-2_69ea6a12063f4-label\" class=\"forminator-label\">Pr\u00e9nom<\/label><input type=\"text\" name=\"name-2\" value=\"\" placeholder=\"\" id=\"forminator-field-name-2_69ea6a12063f4\" class=\"forminator-input forminator-name--field\" aria-required=\"false\" autocomplete=\"name\" \/><\/div><\/div><\/div><div class=\"forminator-row\"><div id=\"email-1\" class=\"forminator-field-email forminator-col forminator-col-12 \"><div class=\"forminator-field\"><label for=\"forminator-field-email-1_69ea6a12063f4\" id=\"forminator-field-email-1_69ea6a12063f4-label\" class=\"forminator-label\">Adresse de messagerie<\/label><input type=\"email\" name=\"email-1\" value=\"\" placeholder=\"\" id=\"forminator-field-email-1_69ea6a12063f4\" class=\"forminator-input forminator-email--field\" data-required=\"\" aria-required=\"false\" autocomplete=\"email\" \/><\/div><\/div><\/div><div class=\"forminator-row\"><div id=\"phone-1\" class=\"forminator-field-phone forminator-col forminator-col-12 \"><div class=\"forminator-field\"><label for=\"forminator-field-phone-1_69ea6a12063f4\" id=\"forminator-field-phone-1_69ea6a12063f4-label\" class=\"forminator-label\">T\u00e9l\u00e9phone<\/label><input type=\"text\" name=\"phone-1\" value=\"\" placeholder=\"\" id=\"forminator-field-phone-1_69ea6a12063f4\" class=\"forminator-input forminator-field--phone\" data-required=\"\" aria-required=\"false\" autocomplete=\"off\" \/><\/div><\/div><\/div><div class=\"forminator-row\"><div id=\"upload-1\" class=\"forminator-field-upload forminator-col forminator-col-12 \"><div class=\"forminator-field\"><label for=\"forminator-field-upload-1_69ea6a12063f4\" id=\"forminator-field-upload-1_69ea6a12063f4-label\" class=\"forminator-label\">T\u00e9l\u00e9verser un fichier <span class=\"forminator-required\">*<\/span><\/label><div class=\"forminator-file-upload \" data-element=\"upload-1_69ea6a12063f4\"><input type=\"file\" name=\"upload-1\" id=\"forminator-field-upload-1_69ea6a12063f4\" class=\"forminator-input-file-required do-validate\" accept=\".avif,.heif,.heics,.heifs,.docx,.pdf,.txt,.asc,.c,.cc,.h,.srt\" tabindex=\"-1\"><button id=\"forminator-field-upload-1_69ea6a12063f4_button\" class=\"forminator-button forminator-button-upload\" data-id=\"forminator-field-upload-1_69ea6a12063f4\">Choose File<\/button><span data-empty-text=\"No file chosen\">No file chosen<\/span><button class=\"forminator-button-delete\" style=\"display: none;\"><i class=\"forminator-icon-close\" aria-hidden=\"true\"><\/i><span class=\"forminator-screen-reader-only\">Delete uploaded file<\/span><\/button><\/div><\/div><\/div><\/div><div class=\"forminator-row\"><div id=\"textarea-1\" class=\"forminator-field-textarea forminator-col forminator-col-12 \"><div class=\"forminator-field\"><label for=\"forminator-field-textarea-1_69ea6a12063f4\" id=\"forminator-field-textarea-1_69ea6a12063f4-label\" class=\"forminator-label\">Motivations <span class=\"forminator-required\">*<\/span><\/label><textarea name=\"textarea-1\" placeholder=\"\" id=\"forminator-field-textarea-1_69ea6a12063f4\" class=\"forminator-textarea\" rows=\"6\" style=\"min-height:140px;\" ><\/textarea><\/div><\/div><\/div><div class=\"forminator-row\"><div id=\"captcha-1\" class=\"forminator-field-captcha forminator-col forminator-col-12 \"><div class=\"forminator-captcha-left forminator-g-recaptcha\" data-theme=\"light\"  data-sitekey=\"6LeBCn0sAAAAABj_dlulX5TNFqnRLu5d8QcrdxnX\" data-size=\"normal\"><\/div> <\/div><\/div><input type=\"hidden\" name=\"referer_url\" value=\"\" \/><div class=\"forminator-row forminator-row-last\"><div class=\"forminator-col\"><div class=\"forminator-field\"><button class=\"forminator-button forminator-button-submit\">Envoyer<\/button><\/div><\/div><\/div><input type=\"hidden\" id=\"forminator_nonce\" name=\"forminator_nonce\" value=\"a089dc760d\" \/><input type=\"hidden\" name=\"_wp_http_referer\" value=\"\/en\/wp-json\/wp\/v2\/pages\/11799\" \/><input type=\"hidden\" name=\"form_id\" value=\"11651\"><input type=\"hidden\" name=\"page_id\" value=\"11799\"><input type=\"hidden\" name=\"form_type\" value=\"default\"><input type=\"hidden\" name=\"current_url\" value=\"https:\/\/mgi-fr.com\/en\/company\/candidature-spontanee\/\"><input type=\"hidden\" name=\"render_id\" value=\"0\"><input type=\"hidden\" name=\"action\" value=\"forminator_submit_form_custom-forms\"><\/form>\n<\/div>\n<\/div>\n\n\n\n<div style=\"height:50px\" aria-hidden=\"true\" class=\"wp-block-spacer\"><\/div>\n\n\n\n<p><\/p>\n\n\n<style>.kadence-column11799_e25792-02 > .kt-inside-inner-col,.kadence-column11799_e25792-02 > .kt-inside-inner-col:before{border-top-left-radius:0px;border-top-right-radius:0px;border-bottom-right-radius:0px;border-bottom-left-radius:0px;}.kadence-column11799_e25792-02 > .kt-inside-inner-col{column-gap:var(--global-kb-gap-sm, 1rem);}.kadence-column11799_e25792-02 > .kt-inside-inner-col{flex-direction:column;}.kadence-column11799_e25792-02 > .kt-inside-inner-col > .aligncenter{width:100%;}.kadence-column11799_e25792-02 > .kt-inside-inner-col:before{opacity:0.3;}.kadence-column11799_e25792-02{position:relative;}@media all and (max-width: 1024px){.kadence-column11799_e25792-02 > .kt-inside-inner-col{flex-direction:column;justify-content:center;}}@media all and (max-width: 767px){.kadence-column11799_e25792-02 > .kt-inside-inner-col{flex-direction:column;justify-content:center;}}<\/style>\n<div class=\"wp-block-kadence-column kadence-column11799_e25792-02\"><div class=\"kt-inside-inner-col\"><\/div><\/div>\n\n\n\n<p><\/p>\n","protected":false},"excerpt":{"rendered":"<p>Candidature spontan\u00e9e Vous souhaitez rejoindre MGI et participer \u00e0 nos projets innovants ? D\u00e9posez d\u00e8s maintenant votre candidature spontan\u00e9e via le formulaire en ligne. Nous \u00e9tudions r\u00e9guli\u00e8rement chaque profil avec attention. \ud83d\udc49 Ne manquez pas l\u2019opportunit\u00e9 de faire partie de notre \u00e9quipe !<\/p>","protected":false},"author":10,"featured_media":11424,"parent":661,"menu_order":0,"comment_status":"closed","ping_status":"closed","template":"","meta":{"_kad_post_transparent":"default","_kad_post_title":"hide","_kad_post_layout":"","_kad_post_sidebar_id":"","_kad_post_content_style":"unboxed","_kad_post_vertical_padding":"hide","_kad_post_feature":"","_kad_post_feature_position":"","_kad_post_header":false,"_kad_post_footer":false,"_kad_post_classname":"","footnotes":""},"class_list":["post-11799","page","type-page","status-publish","has-post-thumbnail","hentry"],"yoast_head":"<!-- This site is optimized with the Yoast SEO plugin v27.4 - https:\/\/yoast.com\/product\/yoast-seo-wordpress\/ -->\n<title>Candidature Spontan\u00e9e -<\/title>\n<meta name=\"description\" content=\"Constructeur de presses d\u2019impression et d\u2019ennoblissement num\u00e9riques, le groupe MGI est au service des Industries Graphiques depuis plus de 40 ans.\" \/>\n<meta name=\"robots\" content=\"index, follow, max-snippet:-1, max-image-preview:large, max-video-preview:-1\" \/>\n<link rel=\"canonical\" href=\"https:\/\/mgi-fr.com\/en\/company\/candidature-spontanee\/\" \/>\n<meta property=\"og:locale\" content=\"en_US\" \/>\n<meta property=\"og:type\" content=\"article\" \/>\n<meta property=\"og:title\" content=\"Candidature Spontan\u00e9e -\" \/>\n<meta property=\"og:description\" content=\"Constructeur de presses d\u2019impression et d\u2019ennoblissement num\u00e9riques, le groupe MGI est au service des Industries Graphiques depuis plus de 40 ans.\" \/>\n<meta property=\"og:url\" content=\"https:\/\/mgi-fr.com\/en\/company\/candidature-spontanee\/\" \/>\n<meta property=\"article:publisher\" content=\"https:\/\/m.facebook.com\/MGIonline\/\" \/>\n<meta property=\"article:modified_time\" content=\"2025-12-02T13:55:59+00:00\" \/>\n<meta property=\"og:image\" content=\"https:\/\/mgi-fr.com\/wp-content\/uploads\/2025\/07\/Sample-Imprime-Photo-ananas.jpg\" \/>\n\t<meta property=\"og:image:width\" content=\"800\" \/>\n\t<meta property=\"og:image:height\" content=\"400\" \/>\n\t<meta property=\"og:image:type\" content=\"image\/jpeg\" \/>\n<meta name=\"twitter:card\" content=\"summary_large_image\" \/>\n<meta name=\"twitter:site\" content=\"@MGI_HQ\" \/>\n<script type=\"application\/ld+json\" class=\"yoast-schema-graph\">{\"@context\":\"https:\\\/\\\/schema.org\",\"@graph\":[{\"@type\":\"WebPage\",\"@id\":\"https:\\\/\\\/mgi-fr.com\\\/societe\\\/candidature-spontanee\\\/\",\"url\":\"https:\\\/\\\/mgi-fr.com\\\/societe\\\/candidature-spontanee\\\/\",\"name\":\"Candidature Spontan\u00e9e -\",\"isPartOf\":{\"@id\":\"https:\\\/\\\/mgi-fr.com\\\/#website\"},\"primaryImageOfPage\":{\"@id\":\"https:\\\/\\\/mgi-fr.com\\\/societe\\\/candidature-spontanee\\\/#primaryimage\"},\"image\":{\"@id\":\"https:\\\/\\\/mgi-fr.com\\\/societe\\\/candidature-spontanee\\\/#primaryimage\"},\"thumbnailUrl\":\"https:\\\/\\\/mgi-fr.com\\\/wp-content\\\/uploads\\\/2025\\\/07\\\/Sample-Imprime-Photo-ananas.jpg\",\"datePublished\":\"2025-12-02T13:29:50+00:00\",\"dateModified\":\"2025-12-02T13:55:59+00:00\",\"description\":\"Constructeur de presses d\u2019impression et d\u2019ennoblissement num\u00e9riques, le groupe MGI est au service des Industries Graphiques depuis plus de 40 ans.\",\"breadcrumb\":{\"@id\":\"https:\\\/\\\/mgi-fr.com\\\/societe\\\/candidature-spontanee\\\/#breadcrumb\"},\"inLanguage\":\"en-US\",\"potentialAction\":[{\"@type\":\"ReadAction\",\"target\":[\"https:\\\/\\\/mgi-fr.com\\\/societe\\\/candidature-spontanee\\\/\"]}]},{\"@type\":\"ImageObject\",\"inLanguage\":\"en-US\",\"@id\":\"https:\\\/\\\/mgi-fr.com\\\/societe\\\/candidature-spontanee\\\/#primaryimage\",\"url\":\"https:\\\/\\\/mgi-fr.com\\\/wp-content\\\/uploads\\\/2025\\\/07\\\/Sample-Imprime-Photo-ananas.jpg\",\"contentUrl\":\"https:\\\/\\\/mgi-fr.com\\\/wp-content\\\/uploads\\\/2025\\\/07\\\/Sample-Imprime-Photo-ananas.jpg\",\"width\":800,\"height\":400},{\"@type\":\"BreadcrumbList\",\"@id\":\"https:\\\/\\\/mgi-fr.com\\\/societe\\\/candidature-spontanee\\\/#breadcrumb\",\"itemListElement\":[{\"@type\":\"ListItem\",\"position\":1,\"name\":\"Accueil\",\"item\":\"https:\\\/\\\/mgi-fr.com\\\/\"},{\"@type\":\"ListItem\",\"position\":2,\"name\":\"Soci\u00e9t\u00e9\",\"item\":\"https:\\\/\\\/mgi-fr.com\\\/societe\\\/\"},{\"@type\":\"ListItem\",\"position\":3,\"name\":\"Candidature Spontan\u00e9e\"}]},{\"@type\":\"WebSite\",\"@id\":\"https:\\\/\\\/mgi-fr.com\\\/#website\",\"url\":\"https:\\\/\\\/mgi-fr.com\\\/\",\"name\":\"\",\"description\":\"Leader des technologies d\u2019impression et de finitions num\u00e9riques\",\"publisher\":{\"@id\":\"https:\\\/\\\/mgi-fr.com\\\/#organization\"},\"potentialAction\":[{\"@type\":\"SearchAction\",\"target\":{\"@type\":\"EntryPoint\",\"urlTemplate\":\"https:\\\/\\\/mgi-fr.com\\\/?s={search_term_string}\"},\"query-input\":{\"@type\":\"PropertyValueSpecification\",\"valueRequired\":true,\"valueName\":\"search_term_string\"}}],\"inLanguage\":\"en-US\"},{\"@type\":\"Organization\",\"@id\":\"https:\\\/\\\/mgi-fr.com\\\/#organization\",\"name\":\"MGI Digital Technology\",\"url\":\"https:\\\/\\\/mgi-fr.com\\\/\",\"logo\":{\"@type\":\"ImageObject\",\"inLanguage\":\"en-US\",\"@id\":\"https:\\\/\\\/mgi-fr.com\\\/#\\\/schema\\\/logo\\\/image\\\/\",\"url\":\"http:\\\/\\\/mgi-nouveau-site.mgi-labs.com\\\/wp-content\\\/uploads\\\/2022\\\/01\\\/Logo-MGI-Blue-Baseline.jpg\",\"contentUrl\":\"http:\\\/\\\/mgi-nouveau-site.mgi-labs.com\\\/wp-content\\\/uploads\\\/2022\\\/01\\\/Logo-MGI-Blue-Baseline.jpg\",\"width\":842,\"height\":595,\"caption\":\"MGI Digital Technology\"},\"image\":{\"@id\":\"https:\\\/\\\/mgi-fr.com\\\/#\\\/schema\\\/logo\\\/image\\\/\"},\"sameAs\":[\"https:\\\/\\\/m.facebook.com\\\/MGIonline\\\/\",\"https:\\\/\\\/x.com\\\/MGI_HQ\",\"https:\\\/\\\/www.linkedin.com\\\/company\\\/mgi-digital-graphic-technology\\\/\",\"https:\\\/\\\/www.youtube.com\\\/channel\\\/UCqJTeVGo2EQ3NOCqFMekydA\"]}]}<\/script>\n<!-- \/ Yoast SEO plugin. -->","yoast_head_json":{"title":"Candidature Spontan\u00e9e -","description":"Manufacturer of digital printing and finishing presses, the MGI group has been serving the Graphic Industries for over 40 years.","robots":{"index":"index","follow":"follow","max-snippet":"max-snippet:-1","max-image-preview":"max-image-preview:large","max-video-preview":"max-video-preview:-1"},"canonical":"https:\/\/mgi-fr.com\/en\/company\/candidature-spontanee\/","og_locale":"en_US","og_type":"article","og_title":"Candidature Spontan\u00e9e -","og_description":"Constructeur de presses d\u2019impression et d\u2019ennoblissement num\u00e9riques, le groupe MGI est au service des Industries Graphiques depuis plus de 40 ans.","og_url":"https:\/\/mgi-fr.com\/en\/company\/candidature-spontanee\/","article_publisher":"https:\/\/m.facebook.com\/MGIonline\/","article_modified_time":"2025-12-02T13:55:59+00:00","og_image":[{"width":800,"height":400,"url":"https:\/\/mgi-fr.com\/wp-content\/uploads\/2025\/07\/Sample-Imprime-Photo-ananas.jpg","type":"image\/jpeg"}],"twitter_card":"summary_large_image","twitter_site":"@MGI_HQ","schema":{"@context":"https:\/\/schema.org","@graph":[{"@type":"WebPage","@id":"https:\/\/mgi-fr.com\/societe\/candidature-spontanee\/","url":"https:\/\/mgi-fr.com\/societe\/candidature-spontanee\/","name":"Candidature Spontan\u00e9e -","isPartOf":{"@id":"https:\/\/mgi-fr.com\/#website"},"primaryImageOfPage":{"@id":"https:\/\/mgi-fr.com\/societe\/candidature-spontanee\/#primaryimage"},"image":{"@id":"https:\/\/mgi-fr.com\/societe\/candidature-spontanee\/#primaryimage"},"thumbnailUrl":"https:\/\/mgi-fr.com\/wp-content\/uploads\/2025\/07\/Sample-Imprime-Photo-ananas.jpg","datePublished":"2025-12-02T13:29:50+00:00","dateModified":"2025-12-02T13:55:59+00:00","description":"Manufacturer of digital printing and finishing presses, the MGI group has been serving the Graphic Industries for over 40 years.","breadcrumb":{"@id":"https:\/\/mgi-fr.com\/societe\/candidature-spontanee\/#breadcrumb"},"inLanguage":"en-US","potentialAction":[{"@type":"ReadAction","target":["https:\/\/mgi-fr.com\/societe\/candidature-spontanee\/"]}]},{"@type":"ImageObject","inLanguage":"en-US","@id":"https:\/\/mgi-fr.com\/societe\/candidature-spontanee\/#primaryimage","url":"https:\/\/mgi-fr.com\/wp-content\/uploads\/2025\/07\/Sample-Imprime-Photo-ananas.jpg","contentUrl":"https:\/\/mgi-fr.com\/wp-content\/uploads\/2025\/07\/Sample-Imprime-Photo-ananas.jpg","width":800,"height":400},{"@type":"BreadcrumbList","@id":"https:\/\/mgi-fr.com\/societe\/candidature-spontanee\/#breadcrumb","itemListElement":[{"@type":"ListItem","position":1,"name":"Accueil","item":"https:\/\/mgi-fr.com\/"},{"@type":"ListItem","position":2,"name":"Soci\u00e9t\u00e9","item":"https:\/\/mgi-fr.com\/societe\/"},{"@type":"ListItem","position":3,"name":"Candidature Spontan\u00e9e"}]},{"@type":"WebSite","@id":"https:\/\/mgi-fr.com\/#website","url":"https:\/\/mgi-fr.com\/","name":"","description":"The Leader in printing technologies and finishes, digital","publisher":{"@id":"https:\/\/mgi-fr.com\/#organization"},"potentialAction":[{"@type":"SearchAction","target":{"@type":"EntryPoint","urlTemplate":"https:\/\/mgi-fr.com\/?s={search_term_string}"},"query-input":{"@type":"PropertyValueSpecification","valueRequired":true,"valueName":"search_term_string"}}],"inLanguage":"en-US"},{"@type":"Organization","@id":"https:\/\/mgi-fr.com\/#organization","name":".","url":"https:\/\/mgi-fr.com\/","logo":{"@type":"ImageObject","inLanguage":"en-US","@id":"https:\/\/mgi-fr.com\/#\/schema\/logo\/image\/","url":"http:\/\/mgi-nouveau-site.mgi-labs.com\/wp-content\/uploads\/2022\/01\/Logo-MGI-Blue-Baseline.jpg","contentUrl":"http:\/\/mgi-nouveau-site.mgi-labs.com\/wp-content\/uploads\/2022\/01\/Logo-MGI-Blue-Baseline.jpg","width":842,"height":595,"caption":"MGI Digital Technology"},"image":{"@id":"https:\/\/mgi-fr.com\/#\/schema\/logo\/image\/"},"sameAs":["https:\/\/m.facebook.com\/MGIonline\/","https:\/\/x.com\/MGI_HQ","https:\/\/www.linkedin.com\/company\/mgi-digital-graphic-technology\/","https:\/\/www.youtube.com\/channel\/UCqJTeVGo2EQ3NOCqFMekydA"]}]}},"_links":{"self":[{"href":"https:\/\/mgi-fr.com\/en\/wp-json\/wp\/v2\/pages\/11799","targetHints":{"allow":["GET"]}}],"collection":[{"href":"https:\/\/mgi-fr.com\/en\/wp-json\/wp\/v2\/pages"}],"about":[{"href":"https:\/\/mgi-fr.com\/en\/wp-json\/wp\/v2\/types\/page"}],"author":[{"embeddable":true,"href":"https:\/\/mgi-fr.com\/en\/wp-json\/wp\/v2\/users\/10"}],"replies":[{"embeddable":true,"href":"https:\/\/mgi-fr.com\/en\/wp-json\/wp\/v2\/comments?post=11799"}],"version-history":[{"count":6,"href":"https:\/\/mgi-fr.com\/en\/wp-json\/wp\/v2\/pages\/11799\/revisions"}],"predecessor-version":[{"id":11811,"href":"https:\/\/mgi-fr.com\/en\/wp-json\/wp\/v2\/pages\/11799\/revisions\/11811"}],"up":[{"embeddable":true,"href":"https:\/\/mgi-fr.com\/en\/wp-json\/wp\/v2\/pages\/661"}],"wp:featuredmedia":[{"embeddable":true,"href":"https:\/\/mgi-fr.com\/en\/wp-json\/wp\/v2\/media\/11424"}],"wp:attachment":[{"href":"https:\/\/mgi-fr.com\/en\/wp-json\/wp\/v2\/media?parent=11799"}],"curies":[{"name":"wp","href":"https:\/\/api.w.org\/{rel}","templated":true}]}}