{"id":11785,"date":"2025-12-02T12:42:55","date_gmt":"2025-12-02T11:42:55","guid":{"rendered":"https:\/\/mgi-fr.com\/?page_id=11785"},"modified":"2026-02-11T14:19:25","modified_gmt":"2026-02-11T13:19:25","slug":"vacancies","status":"publish","type":"page","link":"https:\/\/mgi-fr.com\/en\/company\/vacancies\/","title":{"rendered":"Our job offers"},"content":{"rendered":"<style>.kb-row-layout-id11785_adb236-c2 > .kt-row-column-wrap{align-content:end;}:where(.kb-row-layout-id11785_adb236-c2 > .kt-row-column-wrap) > .wp-block-kadence-column{justify-content:end;}.kb-row-layout-id11785_adb236-c2 > .kt-row-column-wrap{column-gap:var(--global-kb-gap-md, 2rem);row-gap:var(--global-kb-gap-md, 2rem);max-width:1600px;margin-left:auto;margin-right:auto;padding-top:20px;padding-bottom:20px;min-height:500px;grid-template-columns:minmax(0, 1fr);}.kb-row-layout-id11785_adb236-c2{background-image:url('https:\/\/mgi-fr.com\/wp-content\/uploads\/2025\/12\/NosOffresDemploi.png');background-size:cover;background-position:28.999999999999996% 3%;background-attachment:scroll;background-repeat:no-repeat;}.kb-row-layout-id11785_adb236-c2 > .kt-row-layout-overlay{opacity:0.70;background:linear-gradient(180deg, rgba(255, 255, 255, 0) 40%, var(--global-palette9) 83%);}.kb-row-layout-id11785_adb236-c2 ,.kb-row-layout-id11785_adb236-c2 h1,.kb-row-layout-id11785_adb236-c2 h2,.kb-row-layout-id11785_adb236-c2 h3,.kb-row-layout-id11785_adb236-c2 h4,.kb-row-layout-id11785_adb236-c2 h5,.kb-row-layout-id11785_adb236-c2 h6{color:#ffffff;}.kb-row-layout-id11785_adb236-c2 .kt-row-layout-bottom-sep{height:100px;}.kb-row-layout-id11785_adb236-c2 .kt-row-layout-bottom-sep svg{width:100%;}.kb-row-layout-id11785_adb236-c2 .kt-row-layout-bottom-sep svg{fill:#ffffff!important;}@media all and (max-width: 1024px){.kb-row-layout-id11785_adb236-c2 > .kt-row-column-wrap{min-height:300px;grid-template-columns:minmax(0, 1fr);}}@media all and (max-width: 1024px){.kb-row-layout-id11785_adb236-c2 .kt-row-layout-bottom-sep{height:px;}}@media all and (max-width: 1024px){.kb-row-layout-id11785_adb236-c2 .kt-row-layout-bottom-sep svg{width:%;}}@media all and (max-width: 767px){.kb-row-layout-id11785_adb236-c2 > .kt-row-column-wrap{min-height:300px;grid-template-columns:minmax(0, 1fr);}.kb-row-layout-id11785_adb236-c2 .kt-row-layout-bottom-sep{height:px;}.kb-row-layout-id11785_adb236-c2 .kt-row-layout-bottom-sep svg{width:%;}}<\/style><div class=\"kb-row-layout-wrap kb-row-layout-id11785_adb236-c2 alignfull kt-row-has-bg wp-block-kadence-rowlayout\"><div class=\"kt-row-layout-overlay kt-row-overlay-gradient\"><\/div><div class=\"kt-row-column-wrap kt-has-1-columns kt-row-layout-equal kt-tab-layout-inherit kt-mobile-layout-row kt-row-valign-bottom\">\n<style>.kadence-column11785_22d81d-b3 > .kt-inside-inner-col,.kadence-column11785_22d81d-b3 > .kt-inside-inner-col:before{border-top-left-radius:0px;border-top-right-radius:0px;border-bottom-right-radius:0px;border-bottom-left-radius:0px;}.kadence-column11785_22d81d-b3 > .kt-inside-inner-col{column-gap:var(--global-kb-gap-sm, 1rem);}.kadence-column11785_22d81d-b3 > .kt-inside-inner-col{flex-direction:column;}.kadence-column11785_22d81d-b3 > .kt-inside-inner-col > .aligncenter{width:100%;}.kadence-column11785_22d81d-b3 > .kt-inside-inner-col:before{opacity:0.3;}.kadence-column11785_22d81d-b3{position:relative;}@media all and (max-width: 1024px){.kadence-column11785_22d81d-b3 > .kt-inside-inner-col{flex-direction:column;justify-content:center;}}@media all and (max-width: 767px){.kadence-column11785_22d81d-b3 > .kt-inside-inner-col{flex-direction:column;justify-content:center;}}<\/style>\n<div class=\"wp-block-kadence-column kadence-column11785_22d81d-b3 inner-column-1\"><div class=\"kt-inside-inner-col\"><style>.wp-block-kadence-advancedheading.kt-adv-heading11785_30f532-f5, .wp-block-kadence-advancedheading.kt-adv-heading11785_30f532-f5[data-kb-block=\"kb-adv-heading11785_30f532-f5\"]{text-align:center;font-style:normal;text-transform:uppercase;text-shadow:1px 1px 30px #ffffff;}.wp-block-kadence-advancedheading.kt-adv-heading11785_30f532-f5 mark.kt-highlight, .wp-block-kadence-advancedheading.kt-adv-heading11785_30f532-f5[data-kb-block=\"kb-adv-heading11785_30f532-f5\"] mark.kt-highlight{font-style:normal;color:#f76a0c;-webkit-box-decoration-break:clone;box-decoration-break:clone;padding-top:0px;padding-right:0px;padding-bottom:0px;padding-left:0px;}.wp-block-kadence-advancedheading.kt-adv-heading11785_30f532-f5 img.kb-inline-image, .wp-block-kadence-advancedheading.kt-adv-heading11785_30f532-f5[data-kb-block=\"kb-adv-heading11785_30f532-f5\"] img.kb-inline-image{width:150px;vertical-align:baseline;}@media all and (max-width: 1024px){.wp-block-kadence-advancedheading.kt-adv-heading11785_30f532-f5, .wp-block-kadence-advancedheading.kt-adv-heading11785_30f532-f5[data-kb-block=\"kb-adv-heading11785_30f532-f5\"]{text-shadow:1px 1px 30px #ffffff;}}@media all and (max-width: 767px){.wp-block-kadence-advancedheading.kt-adv-heading11785_30f532-f5, .wp-block-kadence-advancedheading.kt-adv-heading11785_30f532-f5[data-kb-block=\"kb-adv-heading11785_30f532-f5\"]{text-shadow:1px 1px 30px #ffffff;}}<\/style>\n<h1 class=\"kt-adv-heading11785_30f532-f5 wp-block-kadence-advancedheading has-theme-palette-4-color has-text-color\" data-kb-block=\"kb-adv-heading11785_30f532-f5\">Nos Offres d&#8217;emploi<\/h1>\n\n\n\n<p><\/p>\n<\/div><\/div>\n\n<\/div><\/div>\n\n<style>.wp-block-kadence-advancedheading.kt-adv-heading11785_b58474-be, .wp-block-kadence-advancedheading.kt-adv-heading11785_b58474-be[data-kb-block=\"kb-adv-heading11785_b58474-be\"]{text-align:center;font-style:normal;}.wp-block-kadence-advancedheading.kt-adv-heading11785_b58474-be mark.kt-highlight, .wp-block-kadence-advancedheading.kt-adv-heading11785_b58474-be[data-kb-block=\"kb-adv-heading11785_b58474-be\"] mark.kt-highlight{font-style:normal;color:#f76a0c;-webkit-box-decoration-break:clone;box-decoration-break:clone;padding-top:0px;padding-right:0px;padding-bottom:0px;padding-left:0px;}.wp-block-kadence-advancedheading.kt-adv-heading11785_b58474-be img.kb-inline-image, .wp-block-kadence-advancedheading.kt-adv-heading11785_b58474-be[data-kb-block=\"kb-adv-heading11785_b58474-be\"] img.kb-inline-image{width:150px;vertical-align:baseline;}<\/style>\n<h5 class=\"kt-adv-heading11785_b58474-be wp-block-kadence-advancedheading\" data-kb-block=\"kb-adv-heading11785_b58474-be\">MGI, leader des technologies d&rsquo;impression et de finitions num\u00e9riques.<\/h5>\n\n\n\n<p><\/p>\n\n\n<style>.kadence-column11785_15987e-5d > .kt-inside-inner-col,.kadence-column11785_15987e-5d > .kt-inside-inner-col:before{border-top-left-radius:0px;border-top-right-radius:0px;border-bottom-right-radius:0px;border-bottom-left-radius:0px;}.kadence-column11785_15987e-5d > .kt-inside-inner-col{column-gap:var(--global-kb-gap-sm, 1rem);}.kadence-column11785_15987e-5d > .kt-inside-inner-col{flex-direction:column;}.kadence-column11785_15987e-5d > .kt-inside-inner-col > .aligncenter{width:100%;}.kadence-column11785_15987e-5d > .kt-inside-inner-col:before{opacity:0.3;}.kadence-column11785_15987e-5d{position:relative;}@media all and (max-width: 1024px){.kadence-column11785_15987e-5d > .kt-inside-inner-col{flex-direction:column;justify-content:center;}}@media all and (max-width: 767px){.kadence-column11785_15987e-5d > .kt-inside-inner-col{flex-direction:column;justify-content:center;}}<\/style>\n<div class=\"wp-block-kadence-column kadence-column11785_15987e-5d inner-column-1\"><div class=\"kt-inside-inner-col\"><div class=\"job_listings\" data-location=\"\" data-keywords=\"\" data-show_filters=\"false\" data-show_pagination=\"true\" data-per_page=\"10\" data-orderby=\"featured\" data-order=\"DESC\" data-categories=\"\" data-disable-form-state-storage=\"\" data-featured_first=\"false\" data-post_id=\"11785\" >\t<p class=\"no_job_listings_found\">There are currently no vacancies.<\/p>\n<\/div>\n<\/div><\/div>\n\n\n<style>.kadence-column11785_da6ce1-eb > .kt-inside-inner-col,.kadence-column11785_da6ce1-eb > .kt-inside-inner-col:before{border-top-left-radius:0px;border-top-right-radius:0px;border-bottom-right-radius:0px;border-bottom-left-radius:0px;}.kadence-column11785_da6ce1-eb > .kt-inside-inner-col{column-gap:var(--global-kb-gap-sm, 1rem);}.kadence-column11785_da6ce1-eb > .kt-inside-inner-col{flex-direction:column;}.kadence-column11785_da6ce1-eb > .kt-inside-inner-col > .aligncenter{width:100%;}.kadence-column11785_da6ce1-eb > .kt-inside-inner-col:before{opacity:0.3;}.kadence-column11785_da6ce1-eb{position:relative;}@media all and (max-width: 1024px){.kadence-column11785_da6ce1-eb > .kt-inside-inner-col{flex-direction:column;justify-content:center;}}@media all and (max-width: 767px){.kadence-column11785_da6ce1-eb > .kt-inside-inner-col{flex-direction:column;justify-content:center;}}<\/style>\n<div class=\"wp-block-kadence-column kadence-column11785_da6ce1-eb inner-column-1\"><div class=\"kt-inside-inner-col\">\n<p><\/p>\n\n\n<style>.wp-block-kadence-advancedheading.kt-adv-heading11785_74abf4-ac, .wp-block-kadence-advancedheading.kt-adv-heading11785_74abf4-ac[data-kb-block=\"kb-adv-heading11785_74abf4-ac\"]{font-style:normal;}.wp-block-kadence-advancedheading.kt-adv-heading11785_74abf4-ac mark.kt-highlight, .wp-block-kadence-advancedheading.kt-adv-heading11785_74abf4-ac[data-kb-block=\"kb-adv-heading11785_74abf4-ac\"] mark.kt-highlight{font-style:normal;color:#f76a0c;-webkit-box-decoration-break:clone;box-decoration-break:clone;padding-top:0px;padding-right:0px;padding-bottom:0px;padding-left:0px;}.wp-block-kadence-advancedheading.kt-adv-heading11785_74abf4-ac img.kb-inline-image, .wp-block-kadence-advancedheading.kt-adv-heading11785_74abf4-ac[data-kb-block=\"kb-adv-heading11785_74abf4-ac\"] img.kb-inline-image{width:150px;vertical-align:baseline;}@media all and (max-width: 767px){.wp-block-kadence-advancedheading.kt-adv-heading11785_74abf4-ac, .wp-block-kadence-advancedheading.kt-adv-heading11785_74abf4-ac[data-kb-block=\"kb-adv-heading11785_74abf4-ac\"]{padding-top:10px;}}<\/style>\n<h6 class=\"kt-adv-heading11785_74abf4-ac wp-block-kadence-advancedheading\" data-kb-block=\"kb-adv-heading11785_74abf4-ac\">40 ans d\u2019innovation, <br>au service des Industries Graphiques<\/h6>\n\n\n\n<p>Notre page <strong>Offres d\u2019emploi<\/strong> est mise \u00e0 jour en continu. De nouvelles opportunit\u00e9s apparaissent chaque semaine. Nous recrutons des <strong>ing\u00e9nieurs en chimie, m\u00e9canique, \u00e9lectronique et automatisme<\/strong>. Des postes de <strong>d\u00e9veloppeurs logiciels<\/strong> sont aussi disponibles. D\u00e9couvrez des carri\u00e8res dans la <strong>logistique et l\u2019ADV<\/strong>. Les m\u00e9tiers du <strong>graphisme et de l\u2019administratif<\/strong> vous attendent. Nous recherchons des <strong>techniciens SAV<\/strong> motiv\u00e9s et qualifi\u00e9s. Des opportunit\u00e9s existent pour devenir <strong>ing\u00e9nieur commercial<\/strong>.  <\/p>\n\n\n\n<p>Revenez r\u00e9guli\u00e8rement sur notre page pour ne rien manquer. Rejoignez MGI et participez \u00e0 l\u2019innovation au service des industries graphiques.<\/p>\n<\/div><\/div>\n\n\n<style>.kb-row-layout-id11785_e0b4e1-42 > .kt-row-column-wrap{align-content:start;}:where(.kb-row-layout-id11785_e0b4e1-42 > .kt-row-column-wrap) > .wp-block-kadence-column{justify-content:start;}.kb-row-layout-id11785_e0b4e1-42 > .kt-row-column-wrap{column-gap:var(--global-kb-gap-md, 2rem);row-gap:var(--global-kb-gap-md, 2rem);padding-top:2%;padding-right:2%;padding-bottom:5%;padding-left:2%;grid-template-columns:minmax(0, 1fr);}.kb-row-layout-id11785_e0b4e1-42 > .kt-row-layout-overlay{opacity:0.30;}@media all and (max-width: 1024px){.kb-row-layout-id11785_e0b4e1-42 > .kt-row-column-wrap{padding-right:0%;padding-left:0%;grid-template-columns:minmax(0, 1fr);}}@media all and (max-width: 767px){.kb-row-layout-id11785_e0b4e1-42 > .kt-row-column-wrap{padding-right:0%;padding-left:0%;grid-template-columns:minmax(0, 1fr);}}<\/style><div class=\"kb-row-layout-wrap kb-row-layout-id11785_e0b4e1-42 alignwide wp-block-kadence-rowlayout\"><div class=\"kt-row-column-wrap kt-has-1-columns kt-row-layout-equal kt-tab-layout-inherit kt-mobile-layout-row kt-row-valign-top\">\n<style>.kadence-column11785_74d680-04 > .kt-inside-inner-col,.kadence-column11785_74d680-04 > .kt-inside-inner-col:before{border-top-left-radius:0px;border-top-right-radius:0px;border-bottom-right-radius:0px;border-bottom-left-radius:0px;}.kadence-column11785_74d680-04 > .kt-inside-inner-col{column-gap:var(--global-kb-gap-sm, 1rem);}.kadence-column11785_74d680-04 > .kt-inside-inner-col{flex-direction:column;}.kadence-column11785_74d680-04 > .kt-inside-inner-col > .aligncenter{width:100%;}.kadence-column11785_74d680-04 > .kt-inside-inner-col:before{opacity:0.3;}.kadence-column11785_74d680-04{position:relative;}@media all and (max-width: 1024px){.kadence-column11785_74d680-04 > .kt-inside-inner-col{flex-direction:column;justify-content:center;}}@media all and (max-width: 767px){.kadence-column11785_74d680-04 > .kt-inside-inner-col{flex-direction:column;justify-content:center;}}<\/style>\n<div class=\"wp-block-kadence-column kadence-column11785_74d680-04\"><div class=\"kt-inside-inner-col\"><\/div><\/div>\n\n<\/div><\/div>\n\n\n<div class=\"wp-block-media-text has-media-on-the-right is-stacked-on-mobile is-image-fill-element\" style=\"grid-template-columns:auto 26%\"><div class=\"wp-block-media-text__content\"><div class=\"wp-block-image\">\n<figure class=\"aligncenter size-large\"><img loading=\"lazy\" decoding=\"async\" width=\"1024\" height=\"607\" src=\"https:\/\/mgi-fr.com\/wp-content\/uploads\/2025\/06\/Ceradrop-MGI-Made-in-Limoges-rayonne-dans-le-monde-entier-1024x607.webp\" alt=\"\" class=\"wp-image-11315\" srcset=\"https:\/\/mgi-fr.com\/wp-content\/uploads\/2025\/06\/Ceradrop-MGI-Made-in-Limoges-rayonne-dans-le-monde-entier-1024x607.webp 1024w, https:\/\/mgi-fr.com\/wp-content\/uploads\/2025\/06\/Ceradrop-MGI-Made-in-Limoges-rayonne-dans-le-monde-entier-400x237.webp 400w, https:\/\/mgi-fr.com\/wp-content\/uploads\/2025\/06\/Ceradrop-MGI-Made-in-Limoges-rayonne-dans-le-monde-entier-768x455.webp 768w, https:\/\/mgi-fr.com\/wp-content\/uploads\/2025\/06\/Ceradrop-MGI-Made-in-Limoges-rayonne-dans-le-monde-entier-18x12.webp 18w, https:\/\/mgi-fr.com\/wp-content\/uploads\/2025\/06\/Ceradrop-MGI-Made-in-Limoges-rayonne-dans-le-monde-entier.webp 1327w\" sizes=\"auto, (max-width: 1024px) 100vw, 1024px\" \/><\/figure><\/div><\/div><figure class=\"wp-block-media-text__media\"><img loading=\"lazy\" decoding=\"async\" width=\"683\" height=\"1024\" src=\"https:\/\/mgi-fr.com\/wp-content\/uploads\/2025\/12\/Nos-Offres-683x1024.jpg\" alt=\"\" class=\"wp-image-11790 size-full\" style=\"object-position:50% 50%\" srcset=\"https:\/\/mgi-fr.com\/wp-content\/uploads\/2025\/12\/Nos-Offres-683x1024.jpg 683w, https:\/\/mgi-fr.com\/wp-content\/uploads\/2025\/12\/Nos-Offres-267x400.jpg 267w, https:\/\/mgi-fr.com\/wp-content\/uploads\/2025\/12\/Nos-Offres-768x1152.jpg 768w, https:\/\/mgi-fr.com\/wp-content\/uploads\/2025\/12\/Nos-Offres-1024x1536.jpg 1024w, https:\/\/mgi-fr.com\/wp-content\/uploads\/2025\/12\/Nos-Offres-8x12.jpg 8w, https:\/\/mgi-fr.com\/wp-content\/uploads\/2025\/12\/Nos-Offres.jpg 1311w\" sizes=\"auto, (max-width: 683px) 100vw, 683px\" \/><\/figure><\/div>\n\n\n\n<div class=\"wp-block-columns alignwide is-layout-flex wp-container-core-columns-is-layout-9d6595d7 wp-block-columns-is-layout-flex\">\n<div class=\"wp-block-column is-layout-flow wp-block-column-is-layout-flow\" style=\"flex-basis:100%\"><\/div>\n<\/div>\n\n\n\n<div style=\"height:50px\" aria-hidden=\"true\" class=\"wp-block-spacer\"><\/div>\n\n\n\n<p><\/p>\n","protected":false},"excerpt":{"rendered":"<p>Nos Offres d&#8217;emploi MGI, leader des technologies d&rsquo;impression et de finitions num\u00e9riques. 40 ans d\u2019innovation, au service des Industries Graphiques Notre page Offres d\u2019emploi est mise \u00e0 jour en continu. De nouvelles opportunit\u00e9s apparaissent chaque semaine. Nous recrutons des ing\u00e9nieurs en chimie, m\u00e9canique, \u00e9lectronique et automatisme. Des postes de d\u00e9veloppeurs logiciels sont aussi disponibles. D\u00e9couvrez&#8230;<\/p>","protected":false},"author":10,"featured_media":11424,"parent":661,"menu_order":0,"comment_status":"closed","ping_status":"closed","template":"","meta":{"_kad_post_transparent":"default","_kad_post_title":"hide","_kad_post_layout":"","_kad_post_sidebar_id":"","_kad_post_content_style":"unboxed","_kad_post_vertical_padding":"hide","_kad_post_feature":"","_kad_post_feature_position":"","_kad_post_header":false,"_kad_post_footer":false,"_kad_post_classname":"","footnotes":""},"class_list":["post-11785","page","type-page","status-publish","has-post-thumbnail","hentry"],"yoast_head":"<!-- This site is optimized with the Yoast SEO plugin v27.3 - https:\/\/yoast.com\/product\/yoast-seo-wordpress\/ -->\n<title>Nos offres d&#039;emploi -<\/title>\n<meta name=\"description\" content=\"Constructeur de presses d\u2019impression et d\u2019ennoblissement num\u00e9riques, le groupe MGI est au service des Industries Graphiques depuis plus de 40 ans.\" \/>\n<meta name=\"robots\" content=\"index, follow, max-snippet:-1, max-image-preview:large, max-video-preview:-1\" \/>\n<link rel=\"canonical\" href=\"https:\/\/mgi-fr.com\/en\/company\/vacancies\/\" \/>\n<meta property=\"og:locale\" content=\"en_US\" \/>\n<meta property=\"og:type\" content=\"article\" \/>\n<meta property=\"og:title\" content=\"Nos offres d&#039;emploi -\" \/>\n<meta property=\"og:description\" content=\"Constructeur de presses d\u2019impression et d\u2019ennoblissement num\u00e9riques, le groupe MGI est au service des Industries Graphiques depuis plus de 40 ans.\" \/>\n<meta property=\"og:url\" content=\"https:\/\/mgi-fr.com\/en\/company\/vacancies\/\" \/>\n<meta property=\"article:publisher\" content=\"https:\/\/m.facebook.com\/MGIonline\/\" \/>\n<meta property=\"article:modified_time\" content=\"2026-02-11T13:19:25+00:00\" \/>\n<meta property=\"og:image\" content=\"https:\/\/mgi-fr.com\/wp-content\/uploads\/2025\/07\/Sample-Imprime-Photo-ananas.jpg\" \/>\n\t<meta property=\"og:image:width\" content=\"800\" \/>\n\t<meta property=\"og:image:height\" content=\"400\" \/>\n\t<meta property=\"og:image:type\" content=\"image\/jpeg\" \/>\n<meta name=\"twitter:card\" content=\"summary_large_image\" \/>\n<meta name=\"twitter:site\" content=\"@MGI_HQ\" \/>\n<script type=\"application\/ld+json\" class=\"yoast-schema-graph\">{\"@context\":\"https:\\\/\\\/schema.org\",\"@graph\":[{\"@type\":\"WebPage\",\"@id\":\"https:\\\/\\\/mgi-fr.com\\\/societe\\\/nos-offres-demploi\\\/\",\"url\":\"https:\\\/\\\/mgi-fr.com\\\/societe\\\/nos-offres-demploi\\\/\",\"name\":\"Nos offres d'emploi -\",\"isPartOf\":{\"@id\":\"https:\\\/\\\/mgi-fr.com\\\/#website\"},\"primaryImageOfPage\":{\"@id\":\"https:\\\/\\\/mgi-fr.com\\\/societe\\\/nos-offres-demploi\\\/#primaryimage\"},\"image\":{\"@id\":\"https:\\\/\\\/mgi-fr.com\\\/societe\\\/nos-offres-demploi\\\/#primaryimage\"},\"thumbnailUrl\":\"https:\\\/\\\/mgi-fr.com\\\/wp-content\\\/uploads\\\/2025\\\/07\\\/Sample-Imprime-Photo-ananas.jpg\",\"datePublished\":\"2025-12-02T11:42:55+00:00\",\"dateModified\":\"2026-02-11T13:19:25+00:00\",\"description\":\"Constructeur de presses d\u2019impression et d\u2019ennoblissement num\u00e9riques, le groupe MGI est au service des Industries Graphiques depuis plus de 40 ans.\",\"breadcrumb\":{\"@id\":\"https:\\\/\\\/mgi-fr.com\\\/societe\\\/nos-offres-demploi\\\/#breadcrumb\"},\"inLanguage\":\"en-US\",\"potentialAction\":[{\"@type\":\"ReadAction\",\"target\":[\"https:\\\/\\\/mgi-fr.com\\\/societe\\\/nos-offres-demploi\\\/\"]}]},{\"@type\":\"ImageObject\",\"inLanguage\":\"en-US\",\"@id\":\"https:\\\/\\\/mgi-fr.com\\\/societe\\\/nos-offres-demploi\\\/#primaryimage\",\"url\":\"https:\\\/\\\/mgi-fr.com\\\/wp-content\\\/uploads\\\/2025\\\/07\\\/Sample-Imprime-Photo-ananas.jpg\",\"contentUrl\":\"https:\\\/\\\/mgi-fr.com\\\/wp-content\\\/uploads\\\/2025\\\/07\\\/Sample-Imprime-Photo-ananas.jpg\",\"width\":800,\"height\":400},{\"@type\":\"BreadcrumbList\",\"@id\":\"https:\\\/\\\/mgi-fr.com\\\/societe\\\/nos-offres-demploi\\\/#breadcrumb\",\"itemListElement\":[{\"@type\":\"ListItem\",\"position\":1,\"name\":\"Accueil\",\"item\":\"https:\\\/\\\/mgi-fr.com\\\/\"},{\"@type\":\"ListItem\",\"position\":2,\"name\":\"Soci\u00e9t\u00e9\",\"item\":\"https:\\\/\\\/mgi-fr.com\\\/societe\\\/\"},{\"@type\":\"ListItem\",\"position\":3,\"name\":\"Nos offres d&#8217;emploi\"}]},{\"@type\":\"WebSite\",\"@id\":\"https:\\\/\\\/mgi-fr.com\\\/#website\",\"url\":\"https:\\\/\\\/mgi-fr.com\\\/\",\"name\":\"\",\"description\":\"Leader des technologies d\u2019impression et de finitions num\u00e9riques\",\"publisher\":{\"@id\":\"https:\\\/\\\/mgi-fr.com\\\/#organization\"},\"potentialAction\":[{\"@type\":\"SearchAction\",\"target\":{\"@type\":\"EntryPoint\",\"urlTemplate\":\"https:\\\/\\\/mgi-fr.com\\\/?s={search_term_string}\"},\"query-input\":{\"@type\":\"PropertyValueSpecification\",\"valueRequired\":true,\"valueName\":\"search_term_string\"}}],\"inLanguage\":\"en-US\"},{\"@type\":\"Organization\",\"@id\":\"https:\\\/\\\/mgi-fr.com\\\/#organization\",\"name\":\"MGI Digital Technology\",\"url\":\"https:\\\/\\\/mgi-fr.com\\\/\",\"logo\":{\"@type\":\"ImageObject\",\"inLanguage\":\"en-US\",\"@id\":\"https:\\\/\\\/mgi-fr.com\\\/#\\\/schema\\\/logo\\\/image\\\/\",\"url\":\"http:\\\/\\\/mgi-nouveau-site.mgi-labs.com\\\/wp-content\\\/uploads\\\/2022\\\/01\\\/Logo-MGI-Blue-Baseline.jpg\",\"contentUrl\":\"http:\\\/\\\/mgi-nouveau-site.mgi-labs.com\\\/wp-content\\\/uploads\\\/2022\\\/01\\\/Logo-MGI-Blue-Baseline.jpg\",\"width\":842,\"height\":595,\"caption\":\"MGI Digital Technology\"},\"image\":{\"@id\":\"https:\\\/\\\/mgi-fr.com\\\/#\\\/schema\\\/logo\\\/image\\\/\"},\"sameAs\":[\"https:\\\/\\\/m.facebook.com\\\/MGIonline\\\/\",\"https:\\\/\\\/x.com\\\/MGI_HQ\",\"https:\\\/\\\/www.linkedin.com\\\/company\\\/mgi-digital-graphic-technology\\\/\",\"https:\\\/\\\/www.youtube.com\\\/channel\\\/UCqJTeVGo2EQ3NOCqFMekydA\"]}]}<\/script>\n<!-- \/ Yoast SEO plugin. -->","yoast_head_json":{"title":"Nos offres d'emploi -","description":"Manufacturer of digital printing and finishing presses, the MGI group has been serving the Graphic Industries for over 40 years.","robots":{"index":"index","follow":"follow","max-snippet":"max-snippet:-1","max-image-preview":"max-image-preview:large","max-video-preview":"max-video-preview:-1"},"canonical":"https:\/\/mgi-fr.com\/en\/company\/vacancies\/","og_locale":"en_US","og_type":"article","og_title":"Nos offres d'emploi -","og_description":"Constructeur de presses d\u2019impression et d\u2019ennoblissement num\u00e9riques, le groupe MGI est au service des Industries Graphiques depuis plus de 40 ans.","og_url":"https:\/\/mgi-fr.com\/en\/company\/vacancies\/","article_publisher":"https:\/\/m.facebook.com\/MGIonline\/","article_modified_time":"2026-02-11T13:19:25+00:00","og_image":[{"width":800,"height":400,"url":"https:\/\/mgi-fr.com\/wp-content\/uploads\/2025\/07\/Sample-Imprime-Photo-ananas.jpg","type":"image\/jpeg"}],"twitter_card":"summary_large_image","twitter_site":"@MGI_HQ","schema":{"@context":"https:\/\/schema.org","@graph":[{"@type":"WebPage","@id":"https:\/\/mgi-fr.com\/societe\/nos-offres-demploi\/","url":"https:\/\/mgi-fr.com\/societe\/nos-offres-demploi\/","name":"Nos offres d'emploi -","isPartOf":{"@id":"https:\/\/mgi-fr.com\/#website"},"primaryImageOfPage":{"@id":"https:\/\/mgi-fr.com\/societe\/nos-offres-demploi\/#primaryimage"},"image":{"@id":"https:\/\/mgi-fr.com\/societe\/nos-offres-demploi\/#primaryimage"},"thumbnailUrl":"https:\/\/mgi-fr.com\/wp-content\/uploads\/2025\/07\/Sample-Imprime-Photo-ananas.jpg","datePublished":"2025-12-02T11:42:55+00:00","dateModified":"2026-02-11T13:19:25+00:00","description":"Manufacturer of digital printing and finishing presses, the MGI group has been serving the Graphic Industries for over 40 years.","breadcrumb":{"@id":"https:\/\/mgi-fr.com\/societe\/nos-offres-demploi\/#breadcrumb"},"inLanguage":"en-US","potentialAction":[{"@type":"ReadAction","target":["https:\/\/mgi-fr.com\/societe\/nos-offres-demploi\/"]}]},{"@type":"ImageObject","inLanguage":"en-US","@id":"https:\/\/mgi-fr.com\/societe\/nos-offres-demploi\/#primaryimage","url":"https:\/\/mgi-fr.com\/wp-content\/uploads\/2025\/07\/Sample-Imprime-Photo-ananas.jpg","contentUrl":"https:\/\/mgi-fr.com\/wp-content\/uploads\/2025\/07\/Sample-Imprime-Photo-ananas.jpg","width":800,"height":400},{"@type":"BreadcrumbList","@id":"https:\/\/mgi-fr.com\/societe\/nos-offres-demploi\/#breadcrumb","itemListElement":[{"@type":"ListItem","position":1,"name":"Accueil","item":"https:\/\/mgi-fr.com\/"},{"@type":"ListItem","position":2,"name":"Soci\u00e9t\u00e9","item":"https:\/\/mgi-fr.com\/societe\/"},{"@type":"ListItem","position":3,"name":"Nos offres d&#8217;emploi"}]},{"@type":"WebSite","@id":"https:\/\/mgi-fr.com\/#website","url":"https:\/\/mgi-fr.com\/","name":"","description":"The Leader in printing technologies and finishes, digital","publisher":{"@id":"https:\/\/mgi-fr.com\/#organization"},"potentialAction":[{"@type":"SearchAction","target":{"@type":"EntryPoint","urlTemplate":"https:\/\/mgi-fr.com\/?s={search_term_string}"},"query-input":{"@type":"PropertyValueSpecification","valueRequired":true,"valueName":"search_term_string"}}],"inLanguage":"en-US"},{"@type":"Organization","@id":"https:\/\/mgi-fr.com\/#organization","name":".","url":"https:\/\/mgi-fr.com\/","logo":{"@type":"ImageObject","inLanguage":"en-US","@id":"https:\/\/mgi-fr.com\/#\/schema\/logo\/image\/","url":"http:\/\/mgi-nouveau-site.mgi-labs.com\/wp-content\/uploads\/2022\/01\/Logo-MGI-Blue-Baseline.jpg","contentUrl":"http:\/\/mgi-nouveau-site.mgi-labs.com\/wp-content\/uploads\/2022\/01\/Logo-MGI-Blue-Baseline.jpg","width":842,"height":595,"caption":"MGI Digital Technology"},"image":{"@id":"https:\/\/mgi-fr.com\/#\/schema\/logo\/image\/"},"sameAs":["https:\/\/m.facebook.com\/MGIonline\/","https:\/\/x.com\/MGI_HQ","https:\/\/www.linkedin.com\/company\/mgi-digital-graphic-technology\/","https:\/\/www.youtube.com\/channel\/UCqJTeVGo2EQ3NOCqFMekydA"]}]}},"_links":{"self":[{"href":"https:\/\/mgi-fr.com\/en\/wp-json\/wp\/v2\/pages\/11785","targetHints":{"allow":["GET"]}}],"collection":[{"href":"https:\/\/mgi-fr.com\/en\/wp-json\/wp\/v2\/pages"}],"about":[{"href":"https:\/\/mgi-fr.com\/en\/wp-json\/wp\/v2\/types\/page"}],"author":[{"embeddable":true,"href":"https:\/\/mgi-fr.com\/en\/wp-json\/wp\/v2\/users\/10"}],"replies":[{"embeddable":true,"href":"https:\/\/mgi-fr.com\/en\/wp-json\/wp\/v2\/comments?post=11785"}],"version-history":[{"count":15,"href":"https:\/\/mgi-fr.com\/en\/wp-json\/wp\/v2\/pages\/11785\/revisions"}],"predecessor-version":[{"id":12818,"href":"https:\/\/mgi-fr.com\/en\/wp-json\/wp\/v2\/pages\/11785\/revisions\/12818"}],"up":[{"embeddable":true,"href":"https:\/\/mgi-fr.com\/en\/wp-json\/wp\/v2\/pages\/661"}],"wp:featuredmedia":[{"embeddable":true,"href":"https:\/\/mgi-fr.com\/en\/wp-json\/wp\/v2\/media\/11424"}],"wp:attachment":[{"href":"https:\/\/mgi-fr.com\/en\/wp-json\/wp\/v2\/media?parent=11785"}],"curies":[{"name":"wp","href":"https:\/\/api.w.org\/{rel}","templated":true}]}}