{"id":11372,"date":"2025-07-09T15:55:02","date_gmt":"2025-07-09T13:55:02","guid":{"rendered":"https:\/\/mgi-fr.com\/?page_id=11372"},"modified":"2026-03-20T17:20:28","modified_gmt":"2026-03-20T16:20:28","slug":"financial-analysis-2","status":"publish","type":"page","link":"https:\/\/mgi-fr.com\/en\/financial-analysis-2\/","title":{"rendered":"Financial Analysis\u00a0"},"content":{"rendered":"\n<p><strong>Avertissement :<\/strong><br>Les avis ci-dessous proc\u00e8dent d\u2019analyses d\u00e9taill\u00e9es auxquelles le lecteur est invit\u00e9 \u00e0 se reporter pour sa bonne information.<br>En outre, les recommandations \u00e9manant des analystes\/journalistes n\u2019engagent qu\u2019eux-m\u00eames et ne constituent pas une d\u00e9claration ou une pr\u00e9vision du Groupe MGI Digital Technology.<br>En aucun cas, le Groupe MGI Digital Technology ne peut \u00eatre tenu responsable des informations ou donn\u00e9es contenues ou omises dans la pr\u00e9sente page. Ces avis sont fournis \u00e0 titre d\u2019information et ne constituent en aucune fa\u00e7on une invitation ou incitation \u00e0 effectuer des transactions.<\/p>\n\n\n<style>.kt-tabs-id11372_8cc52e-04 > .kt-tabs-content-wrap > .wp-block-kadence-tab{border-top:3px solid var(--global-palette2, #2B6CB0);border-right:0px solid #0a6689;border-bottom:0px solid #0a6689;border-left:0px solid #0a6689;border-top-left-radius:10px;border-top-right-radius:10px;border-bottom-right-radius:10px;border-bottom-left-radius:10px;padding-top:var(--global-kb-spacing-sm, 1.5rem);padding-right:var(--global-kb-spacing-sm, 1.5rem);padding-bottom:var(--global-kb-spacing-sm, 1.5rem);padding-left:var(--global-kb-spacing-sm, 1.5rem);background:var(--global-palette9, #ffffff);}.wp-block-kadence-tabs .kt-tabs-id11372_8cc52e-04 > .kt-tabs-title-list li{margin-top:0px;margin-right:8px;margin-bottom:0px;margin-left:0px;}.wp-block-kadence-tabs .kt-tabs-id11372_8cc52e-04 > .kt-tabs-title-list li:last-child{margin-right:0px;}.wp-block-kadence-tabs .kt-tabs-id11372_8cc52e-04 > .kt-tabs-title-list li .kt-tab-title, .wp-block-kadence-tabs .kt-tabs-id11372_8cc52e-04 > .kt-tabs-content-wrap > .kt-tabs-accordion-title .kt-tab-title{line-height:1.4em;font-weight:regular;font-style:normal;border-top-width:0px;border-right-width:0px;border-bottom-width:0px;border-left-width:0px;border-top-left-radius:4px;border-top-right-radius:4px;border-bottom-right-radius:0px;border-bottom-left-radius:0px;padding-top:8px;padding-right:20px;padding-bottom:8px;padding-left:20px;border-color:var(--global-palette7, #eeeeee);color:var(--global-palette4, #2D3748);background:var(--global-palette7, #eeeeee);}.wp-block-kadence-tabs .kt-tabs-id11372_8cc52e-04 > .kt-tabs-content-wrap > .kt-tabs-accordion-title .kt-tab-title{margin-top:0px;margin-right:8px;margin-bottom:0px;margin-left:0px;}.wp-block-kadence-tabs .kt-tabs-id11372_8cc52e-04 > .kt-tabs-title-list li .kt-tab-title:hover, .wp-block-kadence-tabs .kt-tabs-id11372_8cc52e-04 > .kt-tabs-content-wrap > .kt-tabs-accordion-title .kt-tab-title:hover{border-color:var(--global-palette7, #eeeeee);color:var(--global-palette3, #1A202C);background:var(--global-palette8, #F7FAFC);}.wp-block-kadence-tabs .kt-tabs-id11372_8cc52e-04 > .kt-tabs-title-list li.kt-tab-title-active .kt-tab-title, .wp-block-kadence-tabs .kt-tabs-id11372_8cc52e-04 > .kt-tabs-content-wrap > .kt-tabs-accordion-title.kt-tab-title-active .kt-tab-title{border-color:var(--global-palette7, #eeeeee);color:#ffffff;background:#0a6689;}@media all and (max-width: 1024px){.kt-tabs-id11372_8cc52e-04 > .kt-tabs-content-wrap > .wp-block-kadence-tab{border-top:3px solid var(--global-palette2, #2B6CB0);border-right:0px solid #0a6689;border-bottom:0px solid #0a6689;border-left:0px solid #0a6689;}}@media all and (max-width: 767px){.kt-tabs-id11372_8cc52e-04 > .kt-tabs-content-wrap > .wp-block-kadence-tab{border-top:3px solid var(--global-palette2, #2B6CB0);border-right:0px solid #0a6689;border-bottom:0px solid #0a6689;border-left:0px solid #0a6689;}}<\/style>\n<div class=\"wp-block-kadence-tabs alignnone\"><div class=\"kt-tabs-wrap kt-tabs-id11372_8cc52e-04 kt-tabs-has-2-tabs kt-active-tab-2 kt-tabs-layout-tabs kt-tabs-tablet-layout-inherit kt-tabs-mobile-layout-inherit kt-tab-alignment-left \"><ul class=\"kt-tabs-title-list\"><li id=\"tab-2026\" class=\"kt-title-item kt-title-item-1 kt-tabs-svg-show-always kt-tabs-icon-side-right kt-tab-title-inactive\"><a href=\"#tab-2026\" data-tab=\"1\" class=\"kt-tab-title kt-tab-title-1 \"><span class=\"kt-title-text\">2026<\/span><\/a><\/li><li id=\"tab-2025\" class=\"kt-title-item kt-title-item-2 kt-tabs-svg-show-always kt-tabs-icon-side-right kt-tab-title-active\"><a href=\"#tab-2025\" data-tab=\"2\" class=\"kt-tab-title kt-tab-title-2 \"><span class=\"kt-title-text\">2025<\/span><\/a><\/li><\/ul><div class=\"kt-tabs-content-wrap\">\n<div class=\"wp-block-kadence-tab kt-tab-inner-content kt-inner-tab-1 kt-inner-tab11372_0a9667-cd\"><div class=\"kt-tab-inner-content-inner\"><style>.wp-block-kadence-column.kb-section-dir-horizontal > .kt-inside-inner-col > .kt-info-box11372_6c90cb-a0 .kt-blocks-info-box-link-wrap{max-width:unset;}.kt-info-box11372_6c90cb-a0 .kt-blocks-info-box-link-wrap{background:#dff3f8;padding-top:var(--global-kb-spacing-xs, 1rem);padding-right:var(--global-kb-spacing-xs, 1rem);padding-bottom:var(--global-kb-spacing-xs, 1rem);padding-left:var(--global-kb-spacing-xs, 1rem);}.kt-info-box11372_6c90cb-a0 .kadence-info-box-icon-container .kt-info-svg-icon, .kt-info-box11372_6c90cb-a0 .kt-info-svg-icon-flip, .kt-info-box11372_6c90cb-a0 .kt-blocks-info-box-number{font-size:50px;}.kt-info-box11372_6c90cb-a0 .kt-blocks-info-box-media{border-top-width:0px;border-right-width:0px;border-bottom-width:0px;border-left-width:0px;padding-top:10px;padding-right:10px;padding-bottom:10px;padding-left:10px;}.kt-info-box11372_6c90cb-a0 .kt-blocks-info-box-media-container{margin-top:0px;margin-right:15px;margin-bottom:0px;margin-left:15px;}.kt-info-box11372_6c90cb-a0 .kt-blocks-info-box-learnmore{background:transparent;border-width:0px 0px 0px 0px;padding-top:4px;padding-right:8px;padding-bottom:4px;padding-left:8px;margin-top:10px;margin-right:0px;margin-bottom:10px;margin-left:0px;}<\/style>\n<div class=\"wp-block-kadence-infobox kt-info-box11372_6c90cb-a0\"><span class=\"kt-blocks-info-box-link-wrap info-box-link kt-blocks-info-box-media-align-top kt-info-halign-left\"><div class=\"kt-blocks-info-box-media-container\"><div class=\"kt-blocks-info-box-media kt-info-media-animate-none\"><div class=\"kadence-info-box-icon-container kt-info-icon-animate-none\"><div class=\"kadence-info-box-icon-inner-container\"><span class=\"kb-svg-icon-wrap kb-svg-icon-ic_transferDownload kt-info-svg-icon\"><svg viewBox=\"0 0 8 8\"  fill=\"currentColor\" xmlns=\"http:\/\/www.w3.org\/2000\/svg\"  aria-hidden=\"true\"><path d=\"M3 0v3h-2l3 3 3-3h-2v-3h-2zm-3 7v1h8v-1h-8z\"\/><\/svg><\/span><\/div><\/div><\/div><\/div><div class=\"kt-infobox-textcontent\"><h2 class=\"kt-blocks-info-box-title\">Titre<\/h2><p class=\"kt-blocks-info-box-text\"><strong>19\/02\/2026 &#8211; <\/strong><a href=\"https:\/\/mgi-fr.com\/wp-content\/uploads\/2026\/02\/MGI-ALMDG-CA-2025-GreenSome-Finance.pdf\">Commentaires chiffre d&rsquo;affaires 2025 (Analyse GreenSome-Finance).<\/a> (Version fran\u00e7aise)<br><strong>19\/02\/2026 &#8211;<\/strong> <a href=\"https:\/\/mgi-fr.com\/wp-content\/uploads\/2026\/02\/MGI-ALMDG-2025-Annual-Sales-GreenSome-Finance.pdf\">Commentary on 2025 revenue (GreenSome-Finance Analysis)<\/a> (English version)<br><br><\/p><\/div><\/span><\/div>\n<\/div><\/div>\n\n\n\n<div class=\"wp-block-kadence-tab kt-tab-inner-content kt-inner-tab-2 kt-inner-tab11372_f20712-7c\"><div class=\"kt-tab-inner-content-inner\"><style>.wp-block-kadence-column.kb-section-dir-horizontal > .kt-inside-inner-col > .kt-info-box11372_7eff6b-7f .kt-blocks-info-box-link-wrap{max-width:unset;}.kt-info-box11372_7eff6b-7f .kt-blocks-info-box-link-wrap{border-top-left-radius:20px;border-top-right-radius:20px;border-bottom-right-radius:20px;border-bottom-left-radius:20px;background:#dff3f8;padding-top:var(--global-kb-spacing-xs, 1rem);padding-right:var(--global-kb-spacing-xs, 1rem);padding-bottom:var(--global-kb-spacing-xs, 1rem);padding-left:var(--global-kb-spacing-xs, 1rem);}.kt-info-box11372_7eff6b-7f .kadence-info-box-icon-container .kt-info-svg-icon, .kt-info-box11372_7eff6b-7f .kt-info-svg-icon-flip, .kt-info-box11372_7eff6b-7f .kt-blocks-info-box-number{font-size:50px;}.kt-info-box11372_7eff6b-7f .kt-blocks-info-box-media{border-top-width:0px;border-right-width:0px;border-bottom-width:0px;border-left-width:0px;padding-top:10px;padding-right:10px;padding-bottom:10px;padding-left:10px;}.kt-info-box11372_7eff6b-7f .kt-blocks-info-box-media-container{margin-top:0px;margin-right:15px;margin-bottom:0px;margin-left:15px;}.kt-info-box11372_7eff6b-7f .kt-blocks-info-box-learnmore{background:transparent;border-width:0px 0px 0px 0px;padding-top:4px;padding-right:8px;padding-bottom:4px;padding-left:8px;margin-top:10px;margin-right:0px;margin-bottom:10px;margin-left:0px;}<\/style>\n<div class=\"wp-block-kadence-infobox kt-info-box11372_7eff6b-7f\"><span class=\"kt-blocks-info-box-link-wrap info-box-link kt-blocks-info-box-media-align-top kt-info-halign-left\"><div class=\"kt-blocks-info-box-media-container\"><div class=\"kt-blocks-info-box-media kt-info-media-animate-none\"><div class=\"kadence-info-box-icon-container kt-info-icon-animate-none\"><div class=\"kadence-info-box-icon-inner-container\"><span class=\"kb-svg-icon-wrap kb-svg-icon-ic_transferDownload kt-info-svg-icon\"><svg viewBox=\"0 0 8 8\"  fill=\"currentColor\" xmlns=\"http:\/\/www.w3.org\/2000\/svg\"  aria-hidden=\"true\"><path d=\"M3 0v3h-2l3 3 3-3h-2v-3h-2zm-3 7v1h8v-1h-8z\"\/><\/svg><\/span><\/div><\/div><\/div><\/div><div class=\"kt-infobox-textcontent\"><h2 class=\"kt-blocks-info-box-title\"><\/h2><p class=\"kt-blocks-info-box-text\"><strong>16\/10\/2025 &#8211; <\/strong><a href=\"https:\/\/mgi-fr.com\/wp-content\/uploads\/2025\/10\/MGI-ALMDG-Resultats-S1-2025-GreenSome-Finance.pdf\">Commentaire sur les R\u00e9sultats Semestriels (Analyse GreenSome-Finance)<\/a> (Version fran\u00e7aise)<br><strong>16\/10\/2025 &#8211;<\/strong> <a href=\"https:\/\/mgi-fr.com\/wp-content\/uploads\/2025\/10\/MGI-ALMDG-H1-Results-GreenSome-Finance.pdf\">Commentary on the Half-Year Results (GreenSome-Finance Analysis)<\/a> (English version)<br><strong>10\/07\/2025 <\/strong>&#8211; <a href=\"https:\/\/mgi-fr.com\/wp-content\/uploads\/2025\/07\/MGI-ALMDG-INITIATION-DE-COUVERTURE.pdf\">Initiation de couverture (Analyse GreenSome-Finance)<\/a> (Version fran\u00e7aise)<br><strong>10\/07\/2025 &#8211;<\/strong> <a href=\"https:\/\/mgi-fr.com\/wp-content\/uploads\/2025\/07\/MGI-ALMDG-COVERAGE-INITIATION.pdf\">Coverage Initiation (GreenSome-Finance Analysis)<\/a> (English version)<br><\/p><\/div><\/span><\/div>\n<\/div><\/div>\n<\/div><\/div><\/div>\n\n\n\n<p><\/p>\n\n\n<style>.wp-block-kadence-advancedheading.kt-adv-heading11372_e85035-44, .wp-block-kadence-advancedheading.kt-adv-heading11372_e85035-44[data-kb-block=\"kb-adv-heading11372_e85035-44\"]{font-style:normal;}.wp-block-kadence-advancedheading.kt-adv-heading11372_e85035-44 mark.kt-highlight, .wp-block-kadence-advancedheading.kt-adv-heading11372_e85035-44[data-kb-block=\"kb-adv-heading11372_e85035-44\"] mark.kt-highlight{font-style:normal;color:#f76a0c;-webkit-box-decoration-break:clone;box-decoration-break:clone;padding-top:0px;padding-right:0px;padding-bottom:0px;padding-left:0px;}.wp-block-kadence-advancedheading.kt-adv-heading11372_e85035-44 img.kb-inline-image, .wp-block-kadence-advancedheading.kt-adv-heading11372_e85035-44[data-kb-block=\"kb-adv-heading11372_e85035-44\"] img.kb-inline-image{width:150px;vertical-align:baseline;}<\/style>\n<h2 class=\"kt-adv-heading11372_e85035-44 wp-block-kadence-advancedheading\" data-kb-block=\"kb-adv-heading11372_e85035-44\"><\/h2>\n\n\n\n<p><\/p>\n","protected":false},"excerpt":{"rendered":"<p>Disclaimer:The opinions expressed below are the result of detailed analyses to which the reader is invited to refer for his or her own information.Furthermore, the recommendations made by the analysts\/journalists are theirs alone and do not constitute a statement or forecast by the MGI Digital Technology Group.Under no circumstances can the MGI Digital Technology Group be held responsible for the information...<\/p>","protected":false},"author":10,"featured_media":4852,"parent":0,"menu_order":0,"comment_status":"closed","ping_status":"closed","template":"","meta":{"_kad_post_transparent":"","_kad_post_title":"","_kad_post_layout":"","_kad_post_sidebar_id":"","_kad_post_content_style":"","_kad_post_vertical_padding":"","_kad_post_feature":"","_kad_post_feature_position":"","_kad_post_header":false,"_kad_post_footer":false,"_kad_post_classname":"","footnotes":""},"class_list":["post-11372","page","type-page","status-publish","has-post-thumbnail","hentry"],"yoast_head":"<!-- This site is optimized with the Yoast SEO plugin v27.4 - https:\/\/yoast.com\/product\/yoast-seo-wordpress\/ -->\n<title>Analyse Financi\u00e8re\u00a0 -<\/title>\n<meta name=\"robots\" content=\"index, follow, max-snippet:-1, max-image-preview:large, max-video-preview:-1\" \/>\n<link rel=\"canonical\" href=\"https:\/\/mgi-fr.com\/en\/financial-analysis-2\/\" \/>\n<meta property=\"og:locale\" content=\"en_US\" \/>\n<meta property=\"og:type\" content=\"article\" \/>\n<meta property=\"og:title\" content=\"Analyse Financi\u00e8re\u00a0 -\" \/>\n<meta property=\"og:description\" content=\"Avertissement :Les avis ci-dessous proc\u00e8dent d\u2019analyses d\u00e9taill\u00e9es auxquelles le lecteur est invit\u00e9 \u00e0 se reporter pour sa bonne information.En outre, les recommandations \u00e9manant des analystes\/journalistes n\u2019engagent qu\u2019eux-m\u00eames et ne constituent pas une d\u00e9claration ou une pr\u00e9vision du Groupe MGI Digital Technology.En aucun cas, le Groupe MGI Digital Technology ne peut \u00eatre tenu responsable des informations...\" \/>\n<meta property=\"og:url\" content=\"https:\/\/mgi-fr.com\/en\/financial-analysis-2\/\" \/>\n<meta property=\"article:publisher\" content=\"https:\/\/m.facebook.com\/MGIonline\/\" \/>\n<meta property=\"article:modified_time\" content=\"2026-03-20T16:20:28+00:00\" \/>\n<meta property=\"og:image\" content=\"https:\/\/mgi-fr.com\/wp-content\/uploads\/2021\/12\/MGI-Batiment-Fresnes-1920x1280-1.webp\" \/>\n\t<meta property=\"og:image:width\" content=\"1920\" \/>\n\t<meta property=\"og:image:height\" content=\"1280\" \/>\n\t<meta property=\"og:image:type\" content=\"image\/webp\" \/>\n<meta name=\"twitter:card\" content=\"summary_large_image\" \/>\n<meta name=\"twitter:site\" content=\"@MGI_HQ\" \/>\n<script type=\"application\/ld+json\" class=\"yoast-schema-graph\">{\"@context\":\"https:\\\/\\\/schema.org\",\"@graph\":[{\"@type\":\"WebPage\",\"@id\":\"https:\\\/\\\/mgi-fr.com\\\/analyse-financiere\\\/\",\"url\":\"https:\\\/\\\/mgi-fr.com\\\/analyse-financiere\\\/\",\"name\":\"Analyse Financi\u00e8re\u00a0 -\",\"isPartOf\":{\"@id\":\"https:\\\/\\\/mgi-fr.com\\\/#website\"},\"primaryImageOfPage\":{\"@id\":\"https:\\\/\\\/mgi-fr.com\\\/analyse-financiere\\\/#primaryimage\"},\"image\":{\"@id\":\"https:\\\/\\\/mgi-fr.com\\\/analyse-financiere\\\/#primaryimage\"},\"thumbnailUrl\":\"https:\\\/\\\/mgi-fr.com\\\/wp-content\\\/uploads\\\/2021\\\/12\\\/MGI-Batiment-Fresnes-1920x1280-1.webp\",\"datePublished\":\"2025-07-09T13:55:02+00:00\",\"dateModified\":\"2026-03-20T16:20:28+00:00\",\"breadcrumb\":{\"@id\":\"https:\\\/\\\/mgi-fr.com\\\/analyse-financiere\\\/#breadcrumb\"},\"inLanguage\":\"en-US\",\"potentialAction\":[{\"@type\":\"ReadAction\",\"target\":[\"https:\\\/\\\/mgi-fr.com\\\/analyse-financiere\\\/\"]}]},{\"@type\":\"ImageObject\",\"inLanguage\":\"en-US\",\"@id\":\"https:\\\/\\\/mgi-fr.com\\\/analyse-financiere\\\/#primaryimage\",\"url\":\"https:\\\/\\\/mgi-fr.com\\\/wp-content\\\/uploads\\\/2021\\\/12\\\/MGI-Batiment-Fresnes-1920x1280-1.webp\",\"contentUrl\":\"https:\\\/\\\/mgi-fr.com\\\/wp-content\\\/uploads\\\/2021\\\/12\\\/MGI-Batiment-Fresnes-1920x1280-1.webp\",\"width\":1920,\"height\":1280,\"caption\":\"photo de l'entr\u00e9e du si\u00e8ge de MGI Digital Technology\"},{\"@type\":\"BreadcrumbList\",\"@id\":\"https:\\\/\\\/mgi-fr.com\\\/analyse-financiere\\\/#breadcrumb\",\"itemListElement\":[{\"@type\":\"ListItem\",\"position\":1,\"name\":\"Accueil\",\"item\":\"https:\\\/\\\/mgi-fr.com\\\/\"},{\"@type\":\"ListItem\",\"position\":2,\"name\":\"Analyse Financi\u00e8re\u00a0\"}]},{\"@type\":\"WebSite\",\"@id\":\"https:\\\/\\\/mgi-fr.com\\\/#website\",\"url\":\"https:\\\/\\\/mgi-fr.com\\\/\",\"name\":\"\",\"description\":\"Leader des technologies d\u2019impression et de finitions num\u00e9riques\",\"publisher\":{\"@id\":\"https:\\\/\\\/mgi-fr.com\\\/#organization\"},\"potentialAction\":[{\"@type\":\"SearchAction\",\"target\":{\"@type\":\"EntryPoint\",\"urlTemplate\":\"https:\\\/\\\/mgi-fr.com\\\/?s={search_term_string}\"},\"query-input\":{\"@type\":\"PropertyValueSpecification\",\"valueRequired\":true,\"valueName\":\"search_term_string\"}}],\"inLanguage\":\"en-US\"},{\"@type\":\"Organization\",\"@id\":\"https:\\\/\\\/mgi-fr.com\\\/#organization\",\"name\":\"MGI Digital Technology\",\"url\":\"https:\\\/\\\/mgi-fr.com\\\/\",\"logo\":{\"@type\":\"ImageObject\",\"inLanguage\":\"en-US\",\"@id\":\"https:\\\/\\\/mgi-fr.com\\\/#\\\/schema\\\/logo\\\/image\\\/\",\"url\":\"http:\\\/\\\/mgi-nouveau-site.mgi-labs.com\\\/wp-content\\\/uploads\\\/2022\\\/01\\\/Logo-MGI-Blue-Baseline.jpg\",\"contentUrl\":\"http:\\\/\\\/mgi-nouveau-site.mgi-labs.com\\\/wp-content\\\/uploads\\\/2022\\\/01\\\/Logo-MGI-Blue-Baseline.jpg\",\"width\":842,\"height\":595,\"caption\":\"MGI Digital Technology\"},\"image\":{\"@id\":\"https:\\\/\\\/mgi-fr.com\\\/#\\\/schema\\\/logo\\\/image\\\/\"},\"sameAs\":[\"https:\\\/\\\/m.facebook.com\\\/MGIonline\\\/\",\"https:\\\/\\\/x.com\\\/MGI_HQ\",\"https:\\\/\\\/www.linkedin.com\\\/company\\\/mgi-digital-graphic-technology\\\/\",\"https:\\\/\\\/www.youtube.com\\\/channel\\\/UCqJTeVGo2EQ3NOCqFMekydA\"]}]}<\/script>\n<!-- \/ Yoast SEO plugin. -->","yoast_head_json":{"title":"Analyse Financi\u00e8re\u00a0 -","robots":{"index":"index","follow":"follow","max-snippet":"max-snippet:-1","max-image-preview":"max-image-preview:large","max-video-preview":"max-video-preview:-1"},"canonical":"https:\/\/mgi-fr.com\/en\/financial-analysis-2\/","og_locale":"en_US","og_type":"article","og_title":"Analyse Financi\u00e8re\u00a0 -","og_description":"Avertissement :Les avis ci-dessous proc\u00e8dent d\u2019analyses d\u00e9taill\u00e9es auxquelles le lecteur est invit\u00e9 \u00e0 se reporter pour sa bonne information.En outre, les recommandations \u00e9manant des analystes\/journalistes n\u2019engagent qu\u2019eux-m\u00eames et ne constituent pas une d\u00e9claration ou une pr\u00e9vision du Groupe MGI Digital Technology.En aucun cas, le Groupe MGI Digital Technology ne peut \u00eatre tenu responsable des informations...","og_url":"https:\/\/mgi-fr.com\/en\/financial-analysis-2\/","article_publisher":"https:\/\/m.facebook.com\/MGIonline\/","article_modified_time":"2026-03-20T16:20:28+00:00","og_image":[{"width":1920,"height":1280,"url":"https:\/\/mgi-fr.com\/wp-content\/uploads\/2021\/12\/MGI-Batiment-Fresnes-1920x1280-1.webp","type":"image\/webp"}],"twitter_card":"summary_large_image","twitter_site":"@MGI_HQ","schema":{"@context":"https:\/\/schema.org","@graph":[{"@type":"WebPage","@id":"https:\/\/mgi-fr.com\/analyse-financiere\/","url":"https:\/\/mgi-fr.com\/analyse-financiere\/","name":"Analyse Financi\u00e8re\u00a0 -","isPartOf":{"@id":"https:\/\/mgi-fr.com\/#website"},"primaryImageOfPage":{"@id":"https:\/\/mgi-fr.com\/analyse-financiere\/#primaryimage"},"image":{"@id":"https:\/\/mgi-fr.com\/analyse-financiere\/#primaryimage"},"thumbnailUrl":"https:\/\/mgi-fr.com\/wp-content\/uploads\/2021\/12\/MGI-Batiment-Fresnes-1920x1280-1.webp","datePublished":"2025-07-09T13:55:02+00:00","dateModified":"2026-03-20T16:20:28+00:00","breadcrumb":{"@id":"https:\/\/mgi-fr.com\/analyse-financiere\/#breadcrumb"},"inLanguage":"en-US","potentialAction":[{"@type":"ReadAction","target":["https:\/\/mgi-fr.com\/analyse-financiere\/"]}]},{"@type":"ImageObject","inLanguage":"en-US","@id":"https:\/\/mgi-fr.com\/analyse-financiere\/#primaryimage","url":"https:\/\/mgi-fr.com\/wp-content\/uploads\/2021\/12\/MGI-Batiment-Fresnes-1920x1280-1.webp","contentUrl":"https:\/\/mgi-fr.com\/wp-content\/uploads\/2021\/12\/MGI-Batiment-Fresnes-1920x1280-1.webp","width":1920,"height":1280,"caption":"photo de l'entr\u00e9e du si\u00e8ge de MGI Digital Technology"},{"@type":"BreadcrumbList","@id":"https:\/\/mgi-fr.com\/analyse-financiere\/#breadcrumb","itemListElement":[{"@type":"ListItem","position":1,"name":"Accueil","item":"https:\/\/mgi-fr.com\/"},{"@type":"ListItem","position":2,"name":"Analyse Financi\u00e8re\u00a0"}]},{"@type":"WebSite","@id":"https:\/\/mgi-fr.com\/#website","url":"https:\/\/mgi-fr.com\/","name":"","description":"The Leader in printing technologies and finishes, digital","publisher":{"@id":"https:\/\/mgi-fr.com\/#organization"},"potentialAction":[{"@type":"SearchAction","target":{"@type":"EntryPoint","urlTemplate":"https:\/\/mgi-fr.com\/?s={search_term_string}"},"query-input":{"@type":"PropertyValueSpecification","valueRequired":true,"valueName":"search_term_string"}}],"inLanguage":"en-US"},{"@type":"Organization","@id":"https:\/\/mgi-fr.com\/#organization","name":".","url":"https:\/\/mgi-fr.com\/","logo":{"@type":"ImageObject","inLanguage":"en-US","@id":"https:\/\/mgi-fr.com\/#\/schema\/logo\/image\/","url":"http:\/\/mgi-nouveau-site.mgi-labs.com\/wp-content\/uploads\/2022\/01\/Logo-MGI-Blue-Baseline.jpg","contentUrl":"http:\/\/mgi-nouveau-site.mgi-labs.com\/wp-content\/uploads\/2022\/01\/Logo-MGI-Blue-Baseline.jpg","width":842,"height":595,"caption":"MGI Digital Technology"},"image":{"@id":"https:\/\/mgi-fr.com\/#\/schema\/logo\/image\/"},"sameAs":["https:\/\/m.facebook.com\/MGIonline\/","https:\/\/x.com\/MGI_HQ","https:\/\/www.linkedin.com\/company\/mgi-digital-graphic-technology\/","https:\/\/www.youtube.com\/channel\/UCqJTeVGo2EQ3NOCqFMekydA"]}]}},"_links":{"self":[{"href":"https:\/\/mgi-fr.com\/en\/wp-json\/wp\/v2\/pages\/11372","targetHints":{"allow":["GET"]}}],"collection":[{"href":"https:\/\/mgi-fr.com\/en\/wp-json\/wp\/v2\/pages"}],"about":[{"href":"https:\/\/mgi-fr.com\/en\/wp-json\/wp\/v2\/types\/page"}],"author":[{"embeddable":true,"href":"https:\/\/mgi-fr.com\/en\/wp-json\/wp\/v2\/users\/10"}],"replies":[{"embeddable":true,"href":"https:\/\/mgi-fr.com\/en\/wp-json\/wp\/v2\/comments?post=11372"}],"version-history":[{"count":43,"href":"https:\/\/mgi-fr.com\/en\/wp-json\/wp\/v2\/pages\/11372\/revisions"}],"predecessor-version":[{"id":13078,"href":"https:\/\/mgi-fr.com\/en\/wp-json\/wp\/v2\/pages\/11372\/revisions\/13078"}],"wp:featuredmedia":[{"embeddable":true,"href":"https:\/\/mgi-fr.com\/en\/wp-json\/wp\/v2\/media\/4852"}],"wp:attachment":[{"href":"https:\/\/mgi-fr.com\/en\/wp-json\/wp\/v2\/media?parent=11372"}],"curies":[{"name":"wp","href":"https:\/\/api.w.org\/{rel}","templated":true}]}}