{"id":11232,"date":"2025-04-16T16:44:16","date_gmt":"2025-04-16T14:44:16","guid":{"rendered":"https:\/\/mgi-fr.com\/?page_id=11232"},"modified":"2025-04-29T17:41:14","modified_gmt":"2025-04-29T15:41:14","slug":"legal-notice","status":"publish","type":"page","link":"https:\/\/mgi-fr.com\/en\/legal-notice\/","title":{"rendered":"Legal notices"},"content":{"rendered":"\n<h4 class=\"wp-block-heading\">1. \u00c9diteur du site<\/h4>\n\n\n\n<p>Le pr\u00e9sent site <strong>MGI Digital Technology<\/strong> est \u00e9dit\u00e9 par : \ud83d\udccc <strong>MGI Digital Technology<\/strong> \ud83d\udccc <strong>Adresse<\/strong> : <a href=\"https:\/\/www.google.fr\/maps\/place\/\/data=!4m2!3m1!1s0x47e673cfce5c6937:0x8fe3da008f77f5d9?sa=X&amp;ved=1t:8290&amp;ictx=111\">4 Rue de la M\u00e9ridienne, 94260 Fresnes<\/a> \ud83d\udccc <strong>T\u00e9l\u00e9phone<\/strong> : <a href=\"https:\/\/www.google.fr\/search?q=mgi+digital+technology&amp;sca_esv=1171e7f9e6150e63&amp;ei=s8T_Z6OtDPCckdUP3PHiuQg&amp;oq=MGI+digital+&amp;gs_lp=Egxnd3Mtd2l6LXNlcnAiDE1HSSBkaWdpdGFsICoCCAAyBRAAGIAEMgUQABiABDILEC4YgAQY0QMYxwEyBRAAGIAEMgUQABiABDIFEAAYgAQyBRAAGIAEMgUQABiABDIFEAAYgAQyBRAAGIAESLIvUABYzCBwAHgBkAEAmAGCAaAByAaqAQQxMS4xuAEDyAEA-AEBmAIMoAKEB8ICChAAGIAEGEMYigXCAgsQABiABBixAxiDAcICDhAAGIAEGLEDGIMBGIoFwgIQEAAYgAQYsQMYQxiDARiKBcICDRAAGIAEGLEDGEMYigXCAhYQLhiABBixAxjRAxhDGIMBGMcBGIoFwgIIEAAYgAQYsQPCAhEQLhiABBixAxjHARiOBRivAcICDhAuGIAEGMcBGI4FGK8BwgILEC4YgAQYxwEYrwHCAgUQLhiABJgDAJIHBDEwLjKgB_R7sgcEMTAuMrgHhAc&amp;sclient=gws-wiz-serp#\">01 45 21 06 60<\/a> \ud83d\udccc <strong>Email<\/strong> : t.charlet@mgi-fr.com \ud83d\udccc <strong>Forme juridique<\/strong> : [Ex. SAS, SARL] \ud83d\udccc <strong>Capital social<\/strong> : [Montant du capital] \ud83d\udccc <strong>Num\u00e9ro d\u2019immatriculation<\/strong> : (SIREN : 324 357 151 \/ SIRET : 324 357 151 000 79) \ud83d\udccc <strong>Directeur de la publication<\/strong> : <strong>Tony Charlet<\/strong><\/p>\n\n\n\n<h4 class=\"wp-block-heading\">2. H\u00e9bergement du site<\/h4>\n\n\n\n<p>Le site est h\u00e9berg\u00e9 par : \ud83d\udccc <strong>Nom de l\u2019h\u00e9bergeur<\/strong> : OVH \ud83d\udccc <strong>Adresse<\/strong> : 2, rue Kellermann, 59100 Roubaix \ud83d\udccc <strong>T\u00e9l\u00e9phone<\/strong> : 1007<\/p>\n\n\n\n<h4 class=\"wp-block-heading\">3. Propri\u00e9t\u00e9 intellectuelle<\/h4>\n\n\n\n<p>L\u2019ensemble des contenus pr\u00e9sents sur le site (textes, images, vid\u00e9os, graphismes, logos) est prot\u00e9g\u00e9 par le droit d\u2019auteur et la propri\u00e9t\u00e9 intellectuelle. Toute reproduction, modification ou diffusion sans autorisation pr\u00e9alable est interdite.<\/p>\n\n\n\n<h4 class=\"wp-block-heading\">4. Protection des donn\u00e9es personnelles<\/h4>\n\n\n\n<p>Les informations collect\u00e9es sur le site sont trait\u00e9es conform\u00e9ment \u00e0 la <strong>D\u00e9claration de confidentialit\u00e9<\/strong> disponible ici. \ud83d\udccc <strong>D\u00e9l\u00e9gu\u00e9 \u00e0 la protection des donn\u00e9es (DPO)<\/strong> : <strong>Nicolas Venance<\/strong> \ud83d\udccc <strong>Dur\u00e9e de conservation des donn\u00e9es<\/strong> : <strong>24 mois<\/strong> \ud83d\udccc <strong>Transferts hors UE<\/strong> : Certaines donn\u00e9es peuvent \u00eatre transf\u00e9r\u00e9es hors de l\u2019Union Europ\u00e9enne dans le cadre de nos activit\u00e9s internationales.<\/p>\n\n\n\n<h4 class=\"wp-block-heading\">5. Cookies<\/h4>\n\n\n\n<p>Le site utilise des cookies pour am\u00e9liorer l\u2019exp\u00e9rience utilisateur. Vous pouvez g\u00e9rer vos pr\u00e9f\u00e9rences via la banni\u00e8re Complianz ou en consultant notre <a href=\"https:\/\/mgi-fr.com\/cookie-policy-eu\/\"><strong>Politique de cookies<\/strong>.<\/a><\/p>\n\n\n\n<h4 class=\"wp-block-heading\">6. Responsabilit\u00e9<\/h4>\n\n\n\n<p>MGI Digital Technology s\u2019efforce de fournir des informations pr\u00e9cises et \u00e0 jour, mais ne peut garantir l\u2019exactitude ou l\u2019exhaustivit\u00e9 des contenus publi\u00e9s.<\/p>\n\n\n\n<h4 class=\"wp-block-heading\">7. Contact<\/h4>\n\n\n\n<p>Pour toute question ou demande, vous pouvez nous contacter \u00e0 : \ud83d\udccc <strong>Email<\/strong> : RGPD@mgi-fr.com \ud83d\udccc <strong>T\u00e9l\u00e9phone<\/strong> : <a href=\"https:\/\/www.google.fr\/search?q=mgi+digital+technology&amp;sca_esv=1171e7f9e6150e63&amp;ei=s8T_Z6OtDPCckdUP3PHiuQg&amp;oq=MGI+digital+&amp;gs_lp=Egxnd3Mtd2l6LXNlcnAiDE1HSSBkaWdpdGFsICoCCAAyBRAAGIAEMgUQABiABDILEC4YgAQY0QMYxwEyBRAAGIAEMgUQABiABDIFEAAYgAQyBRAAGIAEMgUQABiABDIFEAAYgAQyBRAAGIAESLIvUABYzCBwAHgBkAEAmAGCAaAByAaqAQQxMS4xuAEDyAEA-AEBmAIMoAKEB8ICChAAGIAEGEMYigXCAgsQABiABBixAxiDAcICDhAAGIAEGLEDGIMBGIoFwgIQEAAYgAQYsQMYQxiDARiKBcICDRAAGIAEGLEDGEMYigXCAhYQLhiABBixAxjRAxhDGIMBGMcBGIoFwgIIEAAYgAQYsQPCAhEQLhiABBixAxjHARiOBRivAcICDhAuGIAEGMcBGI4FGK8BwgILEC4YgAQYxwEYrwHCAgUQLhiABJgDAJIHBDEwLjKgB_R7sgcEMTAuMrgHhAc&amp;sclient=gws-wiz-serp#\">01 45 21 06 60<\/a><\/p>\n\n\n\n<p><\/p>\n","protected":false},"excerpt":{"rendered":"<p>1. \u00c9diteur du site Le pr\u00e9sent site MGI Digital Technology est \u00e9dit\u00e9 par : \ud83d\udccc MGI Digital Technology \ud83d\udccc Adresse : 4 Rue de la M\u00e9ridienne, 94260 Fresnes \ud83d\udccc T\u00e9l\u00e9phone : 01 45 21 06 60 \ud83d\udccc Email : t.charlet@mgi-fr.com \ud83d\udccc Forme juridique : [Ex. SAS, SARL] \ud83d\udccc Capital social : [Montant du capital] \ud83d\udccc&#8230;<\/p>\n","protected":false},"author":10,"featured_media":0,"parent":0,"menu_order":0,"comment_status":"closed","ping_status":"closed","template":"","meta":{"_kad_post_transparent":"","_kad_post_title":"","_kad_post_layout":"","_kad_post_sidebar_id":"","_kad_post_content_style":"","_kad_post_vertical_padding":"","_kad_post_feature":"","_kad_post_feature_position":"","_kad_post_header":false,"_kad_post_footer":false,"_kad_post_classname":"","footnotes":""},"class_list":["post-11232","page","type-page","status-publish","hentry"],"yoast_head":"<!-- This site is optimized with the Yoast SEO plugin v27.3 - https:\/\/yoast.com\/product\/yoast-seo-wordpress\/ -->\n<title>Mentions l\u00e9gales -<\/title>\n<meta name=\"robots\" content=\"index, follow, max-snippet:-1, max-image-preview:large, max-video-preview:-1\" \/>\n<link rel=\"canonical\" href=\"https:\/\/mgi-fr.com\/en\/legal-notice\/\" \/>\n<meta property=\"og:locale\" content=\"en_US\" \/>\n<meta property=\"og:type\" content=\"article\" \/>\n<meta property=\"og:title\" content=\"Mentions l\u00e9gales -\" \/>\n<meta property=\"og:description\" content=\"1. \u00c9diteur du site Le pr\u00e9sent site MGI Digital Technology est \u00e9dit\u00e9 par : \ud83d\udccc MGI Digital Technology \ud83d\udccc Adresse : 4 Rue de la M\u00e9ridienne, 94260 Fresnes \ud83d\udccc T\u00e9l\u00e9phone : 01 45 21 06 60 \ud83d\udccc Email : t.charlet@mgi-fr.com \ud83d\udccc Forme juridique : [Ex. SAS, SARL] \ud83d\udccc Capital social : [Montant du capital] \ud83d\udccc...\" \/>\n<meta property=\"og:url\" content=\"https:\/\/mgi-fr.com\/en\/legal-notice\/\" \/>\n<meta property=\"article:publisher\" content=\"https:\/\/m.facebook.com\/MGIonline\/\" \/>\n<meta property=\"article:modified_time\" content=\"2025-04-29T15:41:14+00:00\" \/>\n<meta property=\"og:image\" content=\"https:\/\/mgi-fr.com\/wp-content\/uploads\/2021\/12\/MGI-Batiment-Fresnes-02.jpg\" \/>\n\t<meta property=\"og:image:width\" content=\"1000\" \/>\n\t<meta property=\"og:image:height\" content=\"667\" \/>\n\t<meta property=\"og:image:type\" content=\"image\/jpeg\" \/>\n<meta name=\"twitter:card\" content=\"summary_large_image\" \/>\n<meta name=\"twitter:site\" content=\"@MGI_HQ\" \/>\n<script type=\"application\/ld+json\" class=\"yoast-schema-graph\">{\"@context\":\"https:\\\/\\\/schema.org\",\"@graph\":[{\"@type\":\"WebPage\",\"@id\":\"https:\\\/\\\/mgi-fr.com\\\/mentions-legales\\\/\",\"url\":\"https:\\\/\\\/mgi-fr.com\\\/mentions-legales\\\/\",\"name\":\"Mentions l\u00e9gales -\",\"isPartOf\":{\"@id\":\"https:\\\/\\\/mgi-fr.com\\\/#website\"},\"datePublished\":\"2025-04-16T14:44:16+00:00\",\"dateModified\":\"2025-04-29T15:41:14+00:00\",\"breadcrumb\":{\"@id\":\"https:\\\/\\\/mgi-fr.com\\\/mentions-legales\\\/#breadcrumb\"},\"inLanguage\":\"en-US\",\"potentialAction\":[{\"@type\":\"ReadAction\",\"target\":[\"https:\\\/\\\/mgi-fr.com\\\/mentions-legales\\\/\"]}]},{\"@type\":\"BreadcrumbList\",\"@id\":\"https:\\\/\\\/mgi-fr.com\\\/mentions-legales\\\/#breadcrumb\",\"itemListElement\":[{\"@type\":\"ListItem\",\"position\":1,\"name\":\"Accueil\",\"item\":\"https:\\\/\\\/mgi-fr.com\\\/\"},{\"@type\":\"ListItem\",\"position\":2,\"name\":\"Mentions l\u00e9gales\"}]},{\"@type\":\"WebSite\",\"@id\":\"https:\\\/\\\/mgi-fr.com\\\/#website\",\"url\":\"https:\\\/\\\/mgi-fr.com\\\/\",\"name\":\"\",\"description\":\"Leader des technologies d\u2019impression et de finitions num\u00e9riques\",\"publisher\":{\"@id\":\"https:\\\/\\\/mgi-fr.com\\\/#organization\"},\"potentialAction\":[{\"@type\":\"SearchAction\",\"target\":{\"@type\":\"EntryPoint\",\"urlTemplate\":\"https:\\\/\\\/mgi-fr.com\\\/?s={search_term_string}\"},\"query-input\":{\"@type\":\"PropertyValueSpecification\",\"valueRequired\":true,\"valueName\":\"search_term_string\"}}],\"inLanguage\":\"en-US\"},{\"@type\":\"Organization\",\"@id\":\"https:\\\/\\\/mgi-fr.com\\\/#organization\",\"name\":\"MGI Digital Technology\",\"url\":\"https:\\\/\\\/mgi-fr.com\\\/\",\"logo\":{\"@type\":\"ImageObject\",\"inLanguage\":\"en-US\",\"@id\":\"https:\\\/\\\/mgi-fr.com\\\/#\\\/schema\\\/logo\\\/image\\\/\",\"url\":\"http:\\\/\\\/mgi-nouveau-site.mgi-labs.com\\\/wp-content\\\/uploads\\\/2022\\\/01\\\/Logo-MGI-Blue-Baseline.jpg\",\"contentUrl\":\"http:\\\/\\\/mgi-nouveau-site.mgi-labs.com\\\/wp-content\\\/uploads\\\/2022\\\/01\\\/Logo-MGI-Blue-Baseline.jpg\",\"width\":842,\"height\":595,\"caption\":\"MGI Digital Technology\"},\"image\":{\"@id\":\"https:\\\/\\\/mgi-fr.com\\\/#\\\/schema\\\/logo\\\/image\\\/\"},\"sameAs\":[\"https:\\\/\\\/m.facebook.com\\\/MGIonline\\\/\",\"https:\\\/\\\/x.com\\\/MGI_HQ\",\"https:\\\/\\\/www.linkedin.com\\\/company\\\/mgi-digital-graphic-technology\\\/\",\"https:\\\/\\\/www.youtube.com\\\/channel\\\/UCqJTeVGo2EQ3NOCqFMekydA\"]}]}<\/script>\n<!-- \/ Yoast SEO plugin. -->","yoast_head_json":{"title":"Mentions l\u00e9gales -","robots":{"index":"index","follow":"follow","max-snippet":"max-snippet:-1","max-image-preview":"max-image-preview:large","max-video-preview":"max-video-preview:-1"},"canonical":"https:\/\/mgi-fr.com\/en\/legal-notice\/","og_locale":"en_US","og_type":"article","og_title":"Mentions l\u00e9gales -","og_description":"1. \u00c9diteur du site Le pr\u00e9sent site MGI Digital Technology est \u00e9dit\u00e9 par : \ud83d\udccc MGI Digital Technology \ud83d\udccc Adresse : 4 Rue de la M\u00e9ridienne, 94260 Fresnes \ud83d\udccc T\u00e9l\u00e9phone : 01 45 21 06 60 \ud83d\udccc Email : t.charlet@mgi-fr.com \ud83d\udccc Forme juridique : [Ex. SAS, SARL] \ud83d\udccc Capital social : [Montant du capital] \ud83d\udccc...","og_url":"https:\/\/mgi-fr.com\/en\/legal-notice\/","article_publisher":"https:\/\/m.facebook.com\/MGIonline\/","article_modified_time":"2025-04-29T15:41:14+00:00","og_image":[{"width":1000,"height":667,"url":"https:\/\/mgi-fr.com\/wp-content\/uploads\/2021\/12\/MGI-Batiment-Fresnes-02.jpg","type":"image\/jpeg"}],"twitter_card":"summary_large_image","twitter_site":"@MGI_HQ","schema":{"@context":"https:\/\/schema.org","@graph":[{"@type":"WebPage","@id":"https:\/\/mgi-fr.com\/mentions-legales\/","url":"https:\/\/mgi-fr.com\/mentions-legales\/","name":"Mentions l\u00e9gales -","isPartOf":{"@id":"https:\/\/mgi-fr.com\/#website"},"datePublished":"2025-04-16T14:44:16+00:00","dateModified":"2025-04-29T15:41:14+00:00","breadcrumb":{"@id":"https:\/\/mgi-fr.com\/mentions-legales\/#breadcrumb"},"inLanguage":"en-US","potentialAction":[{"@type":"ReadAction","target":["https:\/\/mgi-fr.com\/mentions-legales\/"]}]},{"@type":"BreadcrumbList","@id":"https:\/\/mgi-fr.com\/mentions-legales\/#breadcrumb","itemListElement":[{"@type":"ListItem","position":1,"name":"Accueil","item":"https:\/\/mgi-fr.com\/"},{"@type":"ListItem","position":2,"name":"Mentions l\u00e9gales"}]},{"@type":"WebSite","@id":"https:\/\/mgi-fr.com\/#website","url":"https:\/\/mgi-fr.com\/","name":"","description":"The Leader in printing technologies and finishes, digital","publisher":{"@id":"https:\/\/mgi-fr.com\/#organization"},"potentialAction":[{"@type":"SearchAction","target":{"@type":"EntryPoint","urlTemplate":"https:\/\/mgi-fr.com\/?s={search_term_string}"},"query-input":{"@type":"PropertyValueSpecification","valueRequired":true,"valueName":"search_term_string"}}],"inLanguage":"en-US"},{"@type":"Organization","@id":"https:\/\/mgi-fr.com\/#organization","name":".","url":"https:\/\/mgi-fr.com\/","logo":{"@type":"ImageObject","inLanguage":"en-US","@id":"https:\/\/mgi-fr.com\/#\/schema\/logo\/image\/","url":"http:\/\/mgi-nouveau-site.mgi-labs.com\/wp-content\/uploads\/2022\/01\/Logo-MGI-Blue-Baseline.jpg","contentUrl":"http:\/\/mgi-nouveau-site.mgi-labs.com\/wp-content\/uploads\/2022\/01\/Logo-MGI-Blue-Baseline.jpg","width":842,"height":595,"caption":"MGI Digital Technology"},"image":{"@id":"https:\/\/mgi-fr.com\/#\/schema\/logo\/image\/"},"sameAs":["https:\/\/m.facebook.com\/MGIonline\/","https:\/\/x.com\/MGI_HQ","https:\/\/www.linkedin.com\/company\/mgi-digital-graphic-technology\/","https:\/\/www.youtube.com\/channel\/UCqJTeVGo2EQ3NOCqFMekydA"]}]}},"_links":{"self":[{"href":"https:\/\/mgi-fr.com\/en\/wp-json\/wp\/v2\/pages\/11232","targetHints":{"allow":["GET"]}}],"collection":[{"href":"https:\/\/mgi-fr.com\/en\/wp-json\/wp\/v2\/pages"}],"about":[{"href":"https:\/\/mgi-fr.com\/en\/wp-json\/wp\/v2\/types\/page"}],"author":[{"embeddable":true,"href":"https:\/\/mgi-fr.com\/en\/wp-json\/wp\/v2\/users\/10"}],"replies":[{"embeddable":true,"href":"https:\/\/mgi-fr.com\/en\/wp-json\/wp\/v2\/comments?post=11232"}],"version-history":[{"count":5,"href":"https:\/\/mgi-fr.com\/en\/wp-json\/wp\/v2\/pages\/11232\/revisions"}],"predecessor-version":[{"id":11252,"href":"https:\/\/mgi-fr.com\/en\/wp-json\/wp\/v2\/pages\/11232\/revisions\/11252"}],"wp:attachment":[{"href":"https:\/\/mgi-fr.com\/en\/wp-json\/wp\/v2\/media?parent=11232"}],"curies":[{"name":"wp","href":"https:\/\/api.w.org\/{rel}","templated":true}]}}