{"id":11069,"date":"2025-12-02T11:22:07","date_gmt":"2025-12-02T10:22:07","guid":{"rendered":"https:\/\/mgi-fr.com\/?page_id=11069"},"modified":"2025-12-02T12:03:20","modified_gmt":"2025-12-02T11:03:20","slug":"internships","status":"publish","type":"page","link":"https:\/\/mgi-fr.com\/en\/company\/internships\/","title":{"rendered":"Internships"},"content":{"rendered":"<style>.kb-row-layout-id11069_30ccf7-5f > .kt-row-column-wrap{align-content:end;}:where(.kb-row-layout-id11069_30ccf7-5f > .kt-row-column-wrap) > .wp-block-kadence-column{justify-content:end;}.kb-row-layout-id11069_30ccf7-5f > .kt-row-column-wrap{column-gap:var(--global-kb-gap-md, 2rem);row-gap:var(--global-kb-gap-md, 2rem);max-width:1600px;margin-left:auto;margin-right:auto;padding-top:20px;padding-bottom:20px;min-height:500px;grid-template-columns:minmax(0, 1fr);}.kb-row-layout-id11069_30ccf7-5f{background-image:url('https:\/\/mgi-fr.com\/wp-content\/uploads\/2025\/12\/Stage.png');background-size:cover;background-position:28.999999999999996% 3%;background-attachment:scroll;background-repeat:no-repeat;}.kb-row-layout-id11069_30ccf7-5f > .kt-row-layout-overlay{opacity:0.70;background:linear-gradient(180deg, rgba(255, 255, 255, 0) 40%, var(--global-palette9) 83%);}.kb-row-layout-id11069_30ccf7-5f ,.kb-row-layout-id11069_30ccf7-5f h1,.kb-row-layout-id11069_30ccf7-5f h2,.kb-row-layout-id11069_30ccf7-5f h3,.kb-row-layout-id11069_30ccf7-5f h4,.kb-row-layout-id11069_30ccf7-5f h5,.kb-row-layout-id11069_30ccf7-5f h6{color:#ffffff;}.kb-row-layout-id11069_30ccf7-5f .kt-row-layout-bottom-sep{height:100px;}.kb-row-layout-id11069_30ccf7-5f .kt-row-layout-bottom-sep svg{width:100%;}.kb-row-layout-id11069_30ccf7-5f .kt-row-layout-bottom-sep svg{fill:#ffffff!important;}@media all and (max-width: 1024px){.kb-row-layout-id11069_30ccf7-5f > .kt-row-column-wrap{min-height:300px;grid-template-columns:minmax(0, 1fr);}}@media all and (max-width: 1024px){.kb-row-layout-id11069_30ccf7-5f .kt-row-layout-bottom-sep{height:px;}}@media all and (max-width: 1024px){.kb-row-layout-id11069_30ccf7-5f .kt-row-layout-bottom-sep svg{width:%;}}@media all and (max-width: 767px){.kb-row-layout-id11069_30ccf7-5f > .kt-row-column-wrap{min-height:300px;grid-template-columns:minmax(0, 1fr);}.kb-row-layout-id11069_30ccf7-5f .kt-row-layout-bottom-sep{height:px;}.kb-row-layout-id11069_30ccf7-5f .kt-row-layout-bottom-sep svg{width:%;}}<\/style><div class=\"kb-row-layout-wrap kb-row-layout-id11069_30ccf7-5f alignfull kt-row-has-bg wp-block-kadence-rowlayout\"><div class=\"kt-row-layout-overlay kt-row-overlay-gradient\"><\/div><div class=\"kt-row-column-wrap kt-has-1-columns kt-row-layout-equal kt-tab-layout-inherit kt-mobile-layout-row kt-row-valign-bottom\">\n<style>.kadence-column11069_8694ad-2a > .kt-inside-inner-col,.kadence-column11069_8694ad-2a > .kt-inside-inner-col:before{border-top-left-radius:0px;border-top-right-radius:0px;border-bottom-right-radius:0px;border-bottom-left-radius:0px;}.kadence-column11069_8694ad-2a > .kt-inside-inner-col{column-gap:var(--global-kb-gap-sm, 1rem);}.kadence-column11069_8694ad-2a > .kt-inside-inner-col{flex-direction:column;}.kadence-column11069_8694ad-2a > .kt-inside-inner-col > .aligncenter{width:100%;}.kadence-column11069_8694ad-2a > .kt-inside-inner-col:before{opacity:0.3;}.kadence-column11069_8694ad-2a{position:relative;}@media all and (max-width: 1024px){.kadence-column11069_8694ad-2a > .kt-inside-inner-col{flex-direction:column;justify-content:center;}}@media all and (max-width: 767px){.kadence-column11069_8694ad-2a > .kt-inside-inner-col{flex-direction:column;justify-content:center;}}<\/style>\n<div class=\"wp-block-kadence-column kadence-column11069_8694ad-2a inner-column-1\"><div class=\"kt-inside-inner-col\"><style>.wp-block-kadence-advancedheading.kt-adv-heading11069_01c08d-b8, .wp-block-kadence-advancedheading.kt-adv-heading11069_01c08d-b8[data-kb-block=\"kb-adv-heading11069_01c08d-b8\"]{text-align:center;font-style:normal;text-transform:uppercase;text-shadow:1px 1px 30px #ffffff;}.wp-block-kadence-advancedheading.kt-adv-heading11069_01c08d-b8 mark.kt-highlight, .wp-block-kadence-advancedheading.kt-adv-heading11069_01c08d-b8[data-kb-block=\"kb-adv-heading11069_01c08d-b8\"] mark.kt-highlight{font-style:normal;color:#f76a0c;-webkit-box-decoration-break:clone;box-decoration-break:clone;padding-top:0px;padding-right:0px;padding-bottom:0px;padding-left:0px;}.wp-block-kadence-advancedheading.kt-adv-heading11069_01c08d-b8 img.kb-inline-image, .wp-block-kadence-advancedheading.kt-adv-heading11069_01c08d-b8[data-kb-block=\"kb-adv-heading11069_01c08d-b8\"] img.kb-inline-image{width:150px;vertical-align:baseline;}@media all and (max-width: 1024px){.wp-block-kadence-advancedheading.kt-adv-heading11069_01c08d-b8, .wp-block-kadence-advancedheading.kt-adv-heading11069_01c08d-b8[data-kb-block=\"kb-adv-heading11069_01c08d-b8\"]{text-shadow:1px 1px 30px #ffffff;}}@media all and (max-width: 767px){.wp-block-kadence-advancedheading.kt-adv-heading11069_01c08d-b8, .wp-block-kadence-advancedheading.kt-adv-heading11069_01c08d-b8[data-kb-block=\"kb-adv-heading11069_01c08d-b8\"]{text-shadow:1px 1px 30px #ffffff;}}<\/style>\n<h1 class=\"kt-adv-heading11069_01c08d-b8 wp-block-kadence-advancedheading has-theme-palette-4-color has-text-color\" data-kb-block=\"kb-adv-heading11069_01c08d-b8\">Stages<\/h1>\n\n\n\n<p><\/p>\n<\/div><\/div>\n\n<\/div><\/div>\n\n<style>.wp-block-kadence-advancedheading.kt-adv-heading11069_a8e008-7c, .wp-block-kadence-advancedheading.kt-adv-heading11069_a8e008-7c[data-kb-block=\"kb-adv-heading11069_a8e008-7c\"]{text-align:center;font-style:normal;}.wp-block-kadence-advancedheading.kt-adv-heading11069_a8e008-7c mark.kt-highlight, .wp-block-kadence-advancedheading.kt-adv-heading11069_a8e008-7c[data-kb-block=\"kb-adv-heading11069_a8e008-7c\"] mark.kt-highlight{font-style:normal;color:#f76a0c;-webkit-box-decoration-break:clone;box-decoration-break:clone;padding-top:0px;padding-right:0px;padding-bottom:0px;padding-left:0px;}.wp-block-kadence-advancedheading.kt-adv-heading11069_a8e008-7c img.kb-inline-image, .wp-block-kadence-advancedheading.kt-adv-heading11069_a8e008-7c[data-kb-block=\"kb-adv-heading11069_a8e008-7c\"] img.kb-inline-image{width:150px;vertical-align:baseline;}<\/style>\n<h5 class=\"kt-adv-heading11069_a8e008-7c wp-block-kadence-advancedheading\" data-kb-block=\"kb-adv-heading11069_a8e008-7c\">MGI, leader des technologies d&rsquo;impression et de finitions num\u00e9riques.<\/h5>\n\n\n<style>.kb-row-layout-id11069_5de397-64 > .kt-row-column-wrap{align-content:start;}:where(.kb-row-layout-id11069_5de397-64 > .kt-row-column-wrap) > .wp-block-kadence-column{justify-content:start;}.kb-row-layout-id11069_5de397-64 > .kt-row-column-wrap{column-gap:var(--global-kb-gap-md, 2rem);row-gap:var(--global-kb-gap-md, 2rem);padding-top:2%;padding-right:2%;padding-bottom:5%;padding-left:2%;grid-template-columns:minmax(0, 1fr);}.kb-row-layout-id11069_5de397-64 > .kt-row-layout-overlay{opacity:0.30;}@media all and (max-width: 1024px){.kb-row-layout-id11069_5de397-64 > .kt-row-column-wrap{padding-right:0%;padding-left:0%;grid-template-columns:minmax(0, 1fr);}}@media all and (max-width: 767px){.kb-row-layout-id11069_5de397-64 > .kt-row-column-wrap{padding-right:0%;padding-left:0%;grid-template-columns:minmax(0, 1fr);}}<\/style><div class=\"kb-row-layout-wrap kb-row-layout-id11069_5de397-64 alignwide wp-block-kadence-rowlayout\"><div class=\"kt-row-column-wrap kt-has-1-columns kt-row-layout-equal kt-tab-layout-inherit kt-mobile-layout-row kt-row-valign-top\">\n<style>.kadence-column11069_f2fca8-30 > .kt-inside-inner-col,.kadence-column11069_f2fca8-30 > .kt-inside-inner-col:before{border-top-left-radius:0px;border-top-right-radius:0px;border-bottom-right-radius:0px;border-bottom-left-radius:0px;}.kadence-column11069_f2fca8-30 > .kt-inside-inner-col{column-gap:var(--global-kb-gap-sm, 1rem);}.kadence-column11069_f2fca8-30 > .kt-inside-inner-col{flex-direction:column;}.kadence-column11069_f2fca8-30 > .kt-inside-inner-col > .aligncenter{width:100%;}.kadence-column11069_f2fca8-30 > .kt-inside-inner-col:before{opacity:0.3;}.kadence-column11069_f2fca8-30{position:relative;}@media all and (max-width: 1024px){.kadence-column11069_f2fca8-30 > .kt-inside-inner-col{flex-direction:column;justify-content:center;}}@media all and (max-width: 767px){.kadence-column11069_f2fca8-30 > .kt-inside-inner-col{flex-direction:column;justify-content:center;}}<\/style>\n<div class=\"wp-block-kadence-column kadence-column11069_f2fca8-30 inner-column-1\"><div class=\"kt-inside-inner-col\">\n<div class=\"wp-block-media-text has-media-on-the-right is-stacked-on-mobile is-image-fill-element\" style=\"grid-template-columns:auto 40%\"><div class=\"wp-block-media-text__content\">\n<p>Vous souhaitez faire carri\u00e8re dans le secteur passionnant des arts graphiques Un stage d\u2019\u00e9t\u00e9 chez MGI Digital technology vous permettra d\u2019acqu\u00e9rir une exp\u00e9rience de travail profitable et pr\u00e9cieuse. En qualit\u00e9 de stagiaire, vous travaillerez sur de v\u00e9ritables enjeux, de v\u00e9ritables projets et de v\u00e9ritables d\u00e9fis organisationnels, au fur et \u00e0 mesure que vous \u00e9largirez et appliquerez vos connaissances.<\/p>\n\n\n\n<p>De plus, votre stage vous aidera \u00e0 vous d\u00e9marquer en tant que candidat \u00e0 fort potentiel pour une future opportunit\u00e9, au sein de MGI ou dans le secteur des arts graphiques<\/p>\n\n\n\n<p><strong>Qu\u2019est-ce que les arts graphiques\u2009?<\/strong><\/p>\n\n\n\n<p>Les&nbsp;<strong>arts graphiques<\/strong>&nbsp;sont l\u2019ensemble des processus propres \u00e0 la conception visuelle et \u00e0 la&nbsp;mise en sc\u00e8ne d\u2019une cr\u00e9ation artistique, utilisant diverses techniques (\u00e9criture,&nbsp;typographie, dessin,&nbsp; peinture,&nbsp;gravure&nbsp;et&nbsp;estampe,&nbsp;photographie,&nbsp;graphisme\u2026), cette cr\u00e9ation pouvant \u00eatre utilis\u00e9e \u00e0 des fins uniquement artistiques, industrielles ou commerciales (messages publicitaires, \u00e9dition, affiches, revues,&nbsp;etc.).<\/p>\n\n\n\n<p>L\u2019industrial digital printing ou l\u2019impression num\u00e9rique industrielle permet de reproduire des images issues de donn\u00e9es informatiques depuis un ordinateur, une tablette ou un smartphone. Ces donn\u00e9es sont transmises en flux continue, imm\u00e9diatement vers l\u2019imprimante. L\u2019impression num\u00e9rique consiste \u00e0 marquer par jet d\u2019encre un fichier num\u00e9rique, c\u2019est-\u00e0-dire le reproduire \u00e0 l\u2019identique sur un support.<\/p>\n\n\n\n<p><strong>Quelles sont les activit\u00e9s de MGI\u2009?<\/strong><\/p>\n\n\n\n<p>MGI Digital Technology est un constructeur fran\u00e7ais de presses d\u2019impression et d\u2019ennoblissement num\u00e9riques, adressant les march\u00e9s de l\u2019imprimerie commerciale, du packaging, de l\u2019\u00e9tiquette adh\u00e9sive, de l\u2019emballage souple, de l\u2019imprim\u00e9 photo, du Web to Print et de la sous-traitance<\/p>\n\n\n\n<p><strong>Comment postuler \u00e0 une offre\u2009?<\/strong><\/p>\n\n\n\n<p>Pour effectuer une demande de stage d\u2019\u00e9t\u00e9 chez MGI, nous vous invitons \u00e0 consulter notre page \u00ab\u2009Nos offres d\u2019emploi\u2009\u00bb et rechercher \u00ab\u2009Stage\u2009\u00bb dans le champ Contrat.<\/p>\n\n\n\n<p><strong>Remarque :<\/strong>&nbsp;Si le mot \u00ab\u2009Stage\u2009\u00bb n\u2019appara\u00eet pas, cela signifie que nous n\u2019avons aucun stage de disponible actuellement.<\/p>\n\n\n\n<p><\/p>\n<\/div><figure class=\"wp-block-media-text__media\"><img loading=\"lazy\" decoding=\"async\" width=\"1024\" height=\"683\" src=\"https:\/\/mgi-fr.com\/wp-content\/uploads\/2025\/12\/7-1024x683.jpg\" alt=\"\" class=\"wp-image-11718 size-full\" style=\"object-position:50% 50%\" srcset=\"https:\/\/mgi-fr.com\/wp-content\/uploads\/2025\/12\/7-1024x683.jpg 1024w, https:\/\/mgi-fr.com\/wp-content\/uploads\/2025\/12\/7-400x267.jpg 400w, https:\/\/mgi-fr.com\/wp-content\/uploads\/2025\/12\/7-768x512.jpg 768w, https:\/\/mgi-fr.com\/wp-content\/uploads\/2025\/12\/7-18x12.jpg 18w, https:\/\/mgi-fr.com\/wp-content\/uploads\/2025\/12\/7.jpg 1440w\" sizes=\"auto, (max-width: 1024px) 100vw, 1024px\" \/><\/figure><\/div>\n<\/div><\/div>\n\n<\/div><\/div>\n\n<style>.kb-row-layout-id11069_ade024-32 > .kt-row-column-wrap{align-content:start;}:where(.kb-row-layout-id11069_ade024-32 > .kt-row-column-wrap) > .wp-block-kadence-column{justify-content:start;}.kb-row-layout-id11069_ade024-32 > .kt-row-column-wrap{column-gap:var(--global-kb-gap-md, 2rem);row-gap:var(--global-kb-gap-md, 2rem);padding-top:2%;padding-right:2%;padding-bottom:5%;padding-left:2%;grid-template-columns:minmax(0, 1fr);}.kb-row-layout-id11069_ade024-32 > .kt-row-layout-overlay{opacity:0.30;}@media all and (max-width: 1024px){.kb-row-layout-id11069_ade024-32 > .kt-row-column-wrap{padding-right:0%;padding-left:0%;grid-template-columns:minmax(0, 1fr);}}@media all and (max-width: 767px){.kb-row-layout-id11069_ade024-32 > .kt-row-column-wrap{padding-right:0%;padding-left:0%;grid-template-columns:minmax(0, 1fr);}}<\/style><div class=\"kb-row-layout-wrap kb-row-layout-id11069_ade024-32 alignwide wp-block-kadence-rowlayout\"><div class=\"kt-row-column-wrap kt-has-1-columns kt-row-layout-equal kt-tab-layout-inherit kt-mobile-layout-row kt-row-valign-top\">\n<style>.kadence-column11069_e67806-94 > .kt-inside-inner-col,.kadence-column11069_e67806-94 > .kt-inside-inner-col:before{border-top-left-radius:0px;border-top-right-radius:0px;border-bottom-right-radius:0px;border-bottom-left-radius:0px;}.kadence-column11069_e67806-94 > .kt-inside-inner-col{column-gap:var(--global-kb-gap-sm, 1rem);}.kadence-column11069_e67806-94 > .kt-inside-inner-col{flex-direction:column;}.kadence-column11069_e67806-94 > .kt-inside-inner-col > .aligncenter{width:100%;}.kadence-column11069_e67806-94 > .kt-inside-inner-col:before{opacity:0.3;}.kadence-column11069_e67806-94{position:relative;}@media all and (max-width: 1024px){.kadence-column11069_e67806-94 > .kt-inside-inner-col{flex-direction:column;justify-content:center;}}@media all and (max-width: 767px){.kadence-column11069_e67806-94 > .kt-inside-inner-col{flex-direction:column;justify-content:center;}}<\/style>\n<div class=\"wp-block-kadence-column kadence-column11069_e67806-94\"><div class=\"kt-inside-inner-col\"><\/div><\/div>\n\n<\/div><\/div>\n\n\n<div class=\"wp-block-columns alignwide is-layout-flex wp-container-core-columns-is-layout-9d6595d7 wp-block-columns-is-layout-flex\">\n<div class=\"wp-block-column is-layout-flow wp-block-column-is-layout-flow\" style=\"flex-basis:100%\"><\/div>\n<\/div>\n\n\n\n<div style=\"height:50px\" aria-hidden=\"true\" class=\"wp-block-spacer\"><\/div>\n","protected":false},"excerpt":{"rendered":"<p>Stages MGI, leader des technologies d&rsquo;impression et de finitions num\u00e9riques. Vous souhaitez faire carri\u00e8re dans le secteur passionnant des arts graphiques Un stage d\u2019\u00e9t\u00e9 chez MGI Digital technology vous permettra d\u2019acqu\u00e9rir une exp\u00e9rience de travail profitable et pr\u00e9cieuse. En qualit\u00e9 de stagiaire, vous travaillerez sur de v\u00e9ritables enjeux, de v\u00e9ritables projets et de v\u00e9ritables d\u00e9fis&#8230;<\/p>","protected":false},"author":10,"featured_media":11424,"parent":661,"menu_order":0,"comment_status":"closed","ping_status":"closed","template":"","meta":{"_kad_post_transparent":"default","_kad_post_title":"hide","_kad_post_layout":"","_kad_post_sidebar_id":"","_kad_post_content_style":"unboxed","_kad_post_vertical_padding":"hide","_kad_post_feature":"","_kad_post_feature_position":"","_kad_post_header":false,"_kad_post_footer":false,"_kad_post_classname":"","footnotes":""},"class_list":["post-11069","page","type-page","status-publish","has-post-thumbnail","hentry"],"yoast_head":"<!-- This site is optimized with the Yoast SEO plugin v27.4 - https:\/\/yoast.com\/product\/yoast-seo-wordpress\/ -->\n<title>Stages -<\/title>\n<meta name=\"description\" content=\"Constructeur de presses d\u2019impression et d\u2019ennoblissement num\u00e9riques, le groupe MGI est au service des Industries Graphiques depuis plus de 40 ans.\" \/>\n<meta name=\"robots\" content=\"index, follow, max-snippet:-1, max-image-preview:large, max-video-preview:-1\" \/>\n<link rel=\"canonical\" href=\"https:\/\/mgi-fr.com\/en\/company\/internships\/\" \/>\n<meta property=\"og:locale\" content=\"en_US\" \/>\n<meta property=\"og:type\" content=\"article\" \/>\n<meta property=\"og:title\" content=\"Stages -\" \/>\n<meta property=\"og:description\" content=\"Constructeur de presses d\u2019impression et d\u2019ennoblissement num\u00e9riques, le groupe MGI est au service des Industries Graphiques depuis plus de 40 ans.\" \/>\n<meta property=\"og:url\" content=\"https:\/\/mgi-fr.com\/en\/company\/internships\/\" \/>\n<meta property=\"article:publisher\" content=\"https:\/\/m.facebook.com\/MGIonline\/\" \/>\n<meta property=\"article:modified_time\" content=\"2025-12-02T11:03:20+00:00\" \/>\n<meta property=\"og:image\" content=\"https:\/\/mgi-fr.com\/wp-content\/uploads\/2025\/07\/Sample-Imprime-Photo-ananas.jpg\" \/>\n\t<meta property=\"og:image:width\" content=\"800\" \/>\n\t<meta property=\"og:image:height\" content=\"400\" \/>\n\t<meta property=\"og:image:type\" content=\"image\/jpeg\" \/>\n<meta name=\"twitter:card\" content=\"summary_large_image\" \/>\n<meta name=\"twitter:site\" content=\"@MGI_HQ\" \/>\n<script type=\"application\/ld+json\" class=\"yoast-schema-graph\">{\"@context\":\"https:\\\/\\\/schema.org\",\"@graph\":[{\"@type\":\"WebPage\",\"@id\":\"https:\\\/\\\/mgi-fr.com\\\/societe\\\/stages\\\/\",\"url\":\"https:\\\/\\\/mgi-fr.com\\\/societe\\\/stages\\\/\",\"name\":\"Stages -\",\"isPartOf\":{\"@id\":\"https:\\\/\\\/mgi-fr.com\\\/#website\"},\"primaryImageOfPage\":{\"@id\":\"https:\\\/\\\/mgi-fr.com\\\/societe\\\/stages\\\/#primaryimage\"},\"image\":{\"@id\":\"https:\\\/\\\/mgi-fr.com\\\/societe\\\/stages\\\/#primaryimage\"},\"thumbnailUrl\":\"https:\\\/\\\/mgi-fr.com\\\/wp-content\\\/uploads\\\/2025\\\/07\\\/Sample-Imprime-Photo-ananas.jpg\",\"datePublished\":\"2025-12-02T10:22:07+00:00\",\"dateModified\":\"2025-12-02T11:03:20+00:00\",\"description\":\"Constructeur de presses d\u2019impression et d\u2019ennoblissement num\u00e9riques, le groupe MGI est au service des Industries Graphiques depuis plus de 40 ans.\",\"breadcrumb\":{\"@id\":\"https:\\\/\\\/mgi-fr.com\\\/societe\\\/stages\\\/#breadcrumb\"},\"inLanguage\":\"en-US\",\"potentialAction\":[{\"@type\":\"ReadAction\",\"target\":[\"https:\\\/\\\/mgi-fr.com\\\/societe\\\/stages\\\/\"]}]},{\"@type\":\"ImageObject\",\"inLanguage\":\"en-US\",\"@id\":\"https:\\\/\\\/mgi-fr.com\\\/societe\\\/stages\\\/#primaryimage\",\"url\":\"https:\\\/\\\/mgi-fr.com\\\/wp-content\\\/uploads\\\/2025\\\/07\\\/Sample-Imprime-Photo-ananas.jpg\",\"contentUrl\":\"https:\\\/\\\/mgi-fr.com\\\/wp-content\\\/uploads\\\/2025\\\/07\\\/Sample-Imprime-Photo-ananas.jpg\",\"width\":800,\"height\":400},{\"@type\":\"BreadcrumbList\",\"@id\":\"https:\\\/\\\/mgi-fr.com\\\/societe\\\/stages\\\/#breadcrumb\",\"itemListElement\":[{\"@type\":\"ListItem\",\"position\":1,\"name\":\"Accueil\",\"item\":\"https:\\\/\\\/mgi-fr.com\\\/\"},{\"@type\":\"ListItem\",\"position\":2,\"name\":\"Soci\u00e9t\u00e9\",\"item\":\"https:\\\/\\\/mgi-fr.com\\\/societe\\\/\"},{\"@type\":\"ListItem\",\"position\":3,\"name\":\"Stages\"}]},{\"@type\":\"WebSite\",\"@id\":\"https:\\\/\\\/mgi-fr.com\\\/#website\",\"url\":\"https:\\\/\\\/mgi-fr.com\\\/\",\"name\":\"\",\"description\":\"Leader des technologies d\u2019impression et de finitions num\u00e9riques\",\"publisher\":{\"@id\":\"https:\\\/\\\/mgi-fr.com\\\/#organization\"},\"potentialAction\":[{\"@type\":\"SearchAction\",\"target\":{\"@type\":\"EntryPoint\",\"urlTemplate\":\"https:\\\/\\\/mgi-fr.com\\\/?s={search_term_string}\"},\"query-input\":{\"@type\":\"PropertyValueSpecification\",\"valueRequired\":true,\"valueName\":\"search_term_string\"}}],\"inLanguage\":\"en-US\"},{\"@type\":\"Organization\",\"@id\":\"https:\\\/\\\/mgi-fr.com\\\/#organization\",\"name\":\"MGI Digital Technology\",\"url\":\"https:\\\/\\\/mgi-fr.com\\\/\",\"logo\":{\"@type\":\"ImageObject\",\"inLanguage\":\"en-US\",\"@id\":\"https:\\\/\\\/mgi-fr.com\\\/#\\\/schema\\\/logo\\\/image\\\/\",\"url\":\"http:\\\/\\\/mgi-nouveau-site.mgi-labs.com\\\/wp-content\\\/uploads\\\/2022\\\/01\\\/Logo-MGI-Blue-Baseline.jpg\",\"contentUrl\":\"http:\\\/\\\/mgi-nouveau-site.mgi-labs.com\\\/wp-content\\\/uploads\\\/2022\\\/01\\\/Logo-MGI-Blue-Baseline.jpg\",\"width\":842,\"height\":595,\"caption\":\"MGI Digital Technology\"},\"image\":{\"@id\":\"https:\\\/\\\/mgi-fr.com\\\/#\\\/schema\\\/logo\\\/image\\\/\"},\"sameAs\":[\"https:\\\/\\\/m.facebook.com\\\/MGIonline\\\/\",\"https:\\\/\\\/x.com\\\/MGI_HQ\",\"https:\\\/\\\/www.linkedin.com\\\/company\\\/mgi-digital-graphic-technology\\\/\",\"https:\\\/\\\/www.youtube.com\\\/channel\\\/UCqJTeVGo2EQ3NOCqFMekydA\"]}]}<\/script>\n<!-- \/ Yoast SEO plugin. -->","yoast_head_json":{"title":"Stages -","description":"Manufacturer of digital printing and finishing presses, the MGI group has been serving the Graphic Industries for over 40 years.","robots":{"index":"index","follow":"follow","max-snippet":"max-snippet:-1","max-image-preview":"max-image-preview:large","max-video-preview":"max-video-preview:-1"},"canonical":"https:\/\/mgi-fr.com\/en\/company\/internships\/","og_locale":"en_US","og_type":"article","og_title":"Stages -","og_description":"Constructeur de presses d\u2019impression et d\u2019ennoblissement num\u00e9riques, le groupe MGI est au service des Industries Graphiques depuis plus de 40 ans.","og_url":"https:\/\/mgi-fr.com\/en\/company\/internships\/","article_publisher":"https:\/\/m.facebook.com\/MGIonline\/","article_modified_time":"2025-12-02T11:03:20+00:00","og_image":[{"width":800,"height":400,"url":"https:\/\/mgi-fr.com\/wp-content\/uploads\/2025\/07\/Sample-Imprime-Photo-ananas.jpg","type":"image\/jpeg"}],"twitter_card":"summary_large_image","twitter_site":"@MGI_HQ","schema":{"@context":"https:\/\/schema.org","@graph":[{"@type":"WebPage","@id":"https:\/\/mgi-fr.com\/societe\/stages\/","url":"https:\/\/mgi-fr.com\/societe\/stages\/","name":"Stages -","isPartOf":{"@id":"https:\/\/mgi-fr.com\/#website"},"primaryImageOfPage":{"@id":"https:\/\/mgi-fr.com\/societe\/stages\/#primaryimage"},"image":{"@id":"https:\/\/mgi-fr.com\/societe\/stages\/#primaryimage"},"thumbnailUrl":"https:\/\/mgi-fr.com\/wp-content\/uploads\/2025\/07\/Sample-Imprime-Photo-ananas.jpg","datePublished":"2025-12-02T10:22:07+00:00","dateModified":"2025-12-02T11:03:20+00:00","description":"Manufacturer of digital printing and finishing presses, the MGI group has been serving the Graphic Industries for over 40 years.","breadcrumb":{"@id":"https:\/\/mgi-fr.com\/societe\/stages\/#breadcrumb"},"inLanguage":"en-US","potentialAction":[{"@type":"ReadAction","target":["https:\/\/mgi-fr.com\/societe\/stages\/"]}]},{"@type":"ImageObject","inLanguage":"en-US","@id":"https:\/\/mgi-fr.com\/societe\/stages\/#primaryimage","url":"https:\/\/mgi-fr.com\/wp-content\/uploads\/2025\/07\/Sample-Imprime-Photo-ananas.jpg","contentUrl":"https:\/\/mgi-fr.com\/wp-content\/uploads\/2025\/07\/Sample-Imprime-Photo-ananas.jpg","width":800,"height":400},{"@type":"BreadcrumbList","@id":"https:\/\/mgi-fr.com\/societe\/stages\/#breadcrumb","itemListElement":[{"@type":"ListItem","position":1,"name":"Accueil","item":"https:\/\/mgi-fr.com\/"},{"@type":"ListItem","position":2,"name":"Soci\u00e9t\u00e9","item":"https:\/\/mgi-fr.com\/societe\/"},{"@type":"ListItem","position":3,"name":"Stages"}]},{"@type":"WebSite","@id":"https:\/\/mgi-fr.com\/#website","url":"https:\/\/mgi-fr.com\/","name":"","description":"The Leader in printing technologies and finishes, digital","publisher":{"@id":"https:\/\/mgi-fr.com\/#organization"},"potentialAction":[{"@type":"SearchAction","target":{"@type":"EntryPoint","urlTemplate":"https:\/\/mgi-fr.com\/?s={search_term_string}"},"query-input":{"@type":"PropertyValueSpecification","valueRequired":true,"valueName":"search_term_string"}}],"inLanguage":"en-US"},{"@type":"Organization","@id":"https:\/\/mgi-fr.com\/#organization","name":".","url":"https:\/\/mgi-fr.com\/","logo":{"@type":"ImageObject","inLanguage":"en-US","@id":"https:\/\/mgi-fr.com\/#\/schema\/logo\/image\/","url":"http:\/\/mgi-nouveau-site.mgi-labs.com\/wp-content\/uploads\/2022\/01\/Logo-MGI-Blue-Baseline.jpg","contentUrl":"http:\/\/mgi-nouveau-site.mgi-labs.com\/wp-content\/uploads\/2022\/01\/Logo-MGI-Blue-Baseline.jpg","width":842,"height":595,"caption":"MGI Digital Technology"},"image":{"@id":"https:\/\/mgi-fr.com\/#\/schema\/logo\/image\/"},"sameAs":["https:\/\/m.facebook.com\/MGIonline\/","https:\/\/x.com\/MGI_HQ","https:\/\/www.linkedin.com\/company\/mgi-digital-graphic-technology\/","https:\/\/www.youtube.com\/channel\/UCqJTeVGo2EQ3NOCqFMekydA"]}]}},"_links":{"self":[{"href":"https:\/\/mgi-fr.com\/en\/wp-json\/wp\/v2\/pages\/11069","targetHints":{"allow":["GET"]}}],"collection":[{"href":"https:\/\/mgi-fr.com\/en\/wp-json\/wp\/v2\/pages"}],"about":[{"href":"https:\/\/mgi-fr.com\/en\/wp-json\/wp\/v2\/types\/page"}],"author":[{"embeddable":true,"href":"https:\/\/mgi-fr.com\/en\/wp-json\/wp\/v2\/users\/10"}],"replies":[{"embeddable":true,"href":"https:\/\/mgi-fr.com\/en\/wp-json\/wp\/v2\/comments?post=11069"}],"version-history":[{"count":9,"href":"https:\/\/mgi-fr.com\/en\/wp-json\/wp\/v2\/pages\/11069\/revisions"}],"predecessor-version":[{"id":11773,"href":"https:\/\/mgi-fr.com\/en\/wp-json\/wp\/v2\/pages\/11069\/revisions\/11773"}],"up":[{"embeddable":true,"href":"https:\/\/mgi-fr.com\/en\/wp-json\/wp\/v2\/pages\/661"}],"wp:featuredmedia":[{"embeddable":true,"href":"https:\/\/mgi-fr.com\/en\/wp-json\/wp\/v2\/media\/11424"}],"wp:attachment":[{"href":"https:\/\/mgi-fr.com\/en\/wp-json\/wp\/v2\/media?parent=11069"}],"curies":[{"name":"wp","href":"https:\/\/api.w.org\/{rel}","templated":true}]}}